{"id":15,"date":"2025-12-01T14:48:08","date_gmt":"2025-12-01T11:48:08","guid":{"rendered":"https:\/\/kullanatcarsi.com\/?page_id=15"},"modified":"2025-12-01T14:59:28","modified_gmt":"2025-12-01T11:59:28","slug":"iptal-ve-iade","status":"publish","type":"page","link":"https:\/\/kullanatcarsi.com\/en\/iptal-ve-iade\/","title":{"rendered":"Cancellation and refund"},"content":{"rendered":"<div data-elementor-type=\"wp-page\" data-elementor-id=\"15\" class=\"elementor elementor-15\">\n\t\t\t\t<div class=\"wd-negative-gap elementor-element elementor-element-b4ecf0f e-flex e-con-boxed e-con e-parent\" data-id=\"b4ecf0f\" data-element_type=\"container\" data-e-type=\"container\">\n\t\t\t\t\t<div class=\"e-con-inner\">\n\t\t\t\t<div class=\"elementor-element elementor-element-7307da8 wd-width-100 elementor-widget elementor-widget-wd_title\" data-id=\"7307da8\" data-element_type=\"widget\" data-e-type=\"widget\" data-widget_type=\"wd_title.default\">\n\t\t\t\t<div class=\"elementor-widget-container\">\n\t\t\t\t\t\t\t<div class=\"title-wrapper wd-set-mb reset-last-child wd-title-color-default wd-title-style-default wd-title-size-default text-left\">\n\n\t\t\t\n\t\t\t<div class=\"liner-continer\">\n\t\t\t\t<h4 class=\"woodmart-title-container title wd-fontsize-l\">Cancellation and refund<\/h4> \n\t\t\t\t\t\t\t<\/div>\n\n\t\t\t\t\t\t\t<div class=\"title-after_title reset-last-child wd-fontsize-xs\">\n\t\t\t\t\t<p><a href=\"https:\/\/kullanatcarsi.com\/en\/\">kullanatcarsi.com<\/a>you have taken all the products from the date of invoice <strong>14 (fourteen) days<\/strong>\u00a0in unconditional refund you are entitled to.\u00a0<strong>Our site product change is not made.<\/strong>\u00a0Whether you are returning products to be changed to the desired new shopping needs to be done.<\/p><p>To process a return, your order the items on the invoice that came with being returned and the reason for the return by checking the packaging, together with MNG Cargo should be delivered against payment.<\/p><p><strong>Return your product to perform operations:<\/strong><\/p><p>Products to be returned absolutely\u00a0<strong>the original box or packaging<\/strong>\u00a0must be combined with.<\/p><p>The original box or packaging is broken\u00a0<strong>again, the implied warranties of merchantability feature Lost, can't be bought by another customer does not accept the return of products in case<\/strong>.<\/p><p><strong>If you are a tax payer;<\/strong><\/p><p>Returned products must be sent with a return receipt by your business. Order returns\u00a0<strong>A return receipt is cut, unless will not be completed<\/strong>. Organized a return receipt can be included in the shipping charge (product price + VAT in the form of) should be arranged. The transport costs that occur due a refund belong to us. Product return and Exchange policies, as No. 4077 on consumer protection law practices is essential.<\/p>\t\t\t\t<\/div>\n\t\t\t\t\t<\/div>\n\t\t\t\t\t\t<\/div>\n\t\t\t\t<\/div>\n\t\t\t\t\t<\/div>\n\t\t\t\t<\/div>\n\t\t\t\t<\/div>","protected":false},"excerpt":{"rendered":"<p>\u0130ptal ve \u0130ade kullanatcarsi.com&#8216; dan alm\u0131\u015f oldu\u011funuz t\u00fcm \u00fcr\u00fcnleri, fatura tarihinden itibaren 14 (ond\u00f6rt) g\u00fcn\u00a0i\u00e7erisinde ko\u015fulsuz olarak iade etme hakk\u0131na<\/p>","protected":false},"author":1,"featured_media":0,"parent":0,"menu_order":0,"comment_status":"closed","ping_status":"closed","template":"","meta":{"_joinchat":[],"footnotes":""},"class_list":["post-15","page","type-page","status-publish","hentry"],"_links":{"self":[{"href":"https:\/\/kullanatcarsi.com\/en\/wp-json\/wp\/v2\/pages\/15","targetHints":{"allow":["GET"]}}],"collection":[{"href":"https:\/\/kullanatcarsi.com\/en\/wp-json\/wp\/v2\/pages"}],"about":[{"href":"https:\/\/kullanatcarsi.com\/en\/wp-json\/wp\/v2\/types\/page"}],"author":[{"embeddable":true,"href":"https:\/\/kullanatcarsi.com\/en\/wp-json\/wp\/v2\/users\/1"}],"replies":[{"embeddable":true,"href":"https:\/\/kullanatcarsi.com\/en\/wp-json\/wp\/v2\/comments?post=15"}],"version-history":[{"count":0,"href":"https:\/\/kullanatcarsi.com\/en\/wp-json\/wp\/v2\/pages\/15\/revisions"}],"wp:attachment":[{"href":"https:\/\/kullanatcarsi.com\/en\/wp-json\/wp\/v2\/media?parent=15"}],"curies":[{"name":"wp","href":"https:\/\/api.w.org\/{rel}","templated":true}]}}