{"id":29214,"date":"2025-11-27T10:44:33","date_gmt":"2025-11-27T07:44:33","guid":{"rendered":"https:\/\/kullanatcarsi.com\/?post_type=product&#038;p=29214"},"modified":"2026-03-24T11:44:17","modified_gmt":"2026-03-24T08:44:17","slug":"ost-500-gr-siyah-yemek-kabi-sicaga-dayanikli","status":"publish","type":"product","link":"https:\/\/kullanatcarsi.com\/en\/product\/ost-500-gr-siyah-yemek-kabi-sicaga-dayanikli\/","title":{"rendered":"\u00d6ST 500 gr Siyah Yemek Kab\u0131 (S\u0131ca\u011fa Dayan\u0131kl\u0131)"},"content":{"rendered":"<p>\u00d6zge Plastik marka, 18,9 cm \u00e7ap\u0131nda, 4,4 cm y\u00fcksekli\u011finde, 500 gr i\u00e7 hacimli, yuvarlak, s\u0131ca\u011fa dayan\u0131kl\u0131, siyah renkte, tek kullan\u0131ml\u0131k, plastik s\u0131cak yemek kab\u0131d\u0131r. Bu hacime alternatif\u00a0<strong><a title=\"\u00d6ST 750 gr Siyah Yemek Kab\u0131 (S\u0131ca\u011fa Dayan\u0131kl\u0131)\" href=\"https:\/\/www.kullanatpazari.com\/urun\/ost-750-gr-siyah-yemek-kabi-sicaga-dayanikli\">\u00d6ST 750 gr Siyah Yemek Kab\u0131 (S\u0131ca\u011fa Dayan\u0131kl\u0131)<\/a><\/strong>\u00a0 and\u00a0<a title=\"A food container 1000 GR Black OST (heat resistant)\" href=\"https:\/\/www.kullanatpazari.com\/urun\/ost-1000-gr-siyah-yemek-kabi-sicaga-dayanikli\"><strong>A food container 1000 GR Black OST (heat resistant)<\/strong><\/a>\u00a0olarak iki farkl\u0131 ebatta s\u0131ca\u011fa dayan\u0131kl\u0131 yemek kaplar\u0131 mevcuttur.<\/p>\n<p>&nbsp;<\/p>\n<p><strong>\u00d6ST 500 gr S\u0131ca\u011fa Dayan\u0131kl\u0131 Siyah Yemek Kab\u0131\u00a0<\/strong><\/p>\n<p>&nbsp;<\/p>\n<p>Restaurant ve cafelerin paket servislerinde, catering firmalar\u0131n\u0131n davet ve yemek servislerinde kullanabilece\u011fi kaliteli ve s\u0131cak yemek kab\u0131d\u0131r.<\/p>\n<p>Mant\u0131, makarna, sulu yemeklerin paket servislerinde tercih edebilirsiniz.<\/p>","protected":false},"excerpt":{"rendered":"<p>\u00d6zge Plastik marka, 18,9 cm \u00e7ap\u0131nda, 4,4 cm y\u00fcksekli\u011finde, 500 gr i\u00e7 hacimli, yuvarlak, s\u0131ca\u011fa dayan\u0131kl\u0131, siyah renkte, tek kullan\u0131ml\u0131k,<\/p>","protected":false},"featured_media":29798,"comment_status":"open","ping_status":"closed","template":"","meta":{"_joinchat":[]},"product_brand":[103],"product_cat":[23,77],"product_tag":[104,111],"class_list":{"0":"post-29214","1":"product","2":"type-product","3":"status-publish","4":"has-post-thumbnail","6":"product_brand-ozge-plastik","7":"product_cat-gida-kaplari","8":"product_cat-mikrodalga-kaplari","9":"product_tag-gida-kaplari","10":"product_tag-mikrodalga-kaplari","11":"tm-has-styled-variations","12":"tm-variations-only","14":"first","15":"instock","16":"taxable","17":"shipping-taxable","18":"purchasable","19":"product-type-variable","20":"has-default-attributes"},"_links":{"self":[{"href":"https:\/\/kullanatcarsi.com\/en\/wp-json\/wp\/v2\/product\/29214","targetHints":{"allow":["GET"]}}],"collection":[{"href":"https:\/\/kullanatcarsi.com\/en\/wp-json\/wp\/v2\/product"}],"about":[{"href":"https:\/\/kullanatcarsi.com\/en\/wp-json\/wp\/v2\/types\/product"}],"replies":[{"embeddable":true,"href":"https:\/\/kullanatcarsi.com\/en\/wp-json\/wp\/v2\/comments?post=29214"}],"version-history":[{"count":0,"href":"https:\/\/kullanatcarsi.com\/en\/wp-json\/wp\/v2\/product\/29214\/revisions"}],"wp:featuredmedia":[{"embeddable":true,"href":"https:\/\/kullanatcarsi.com\/en\/wp-json\/wp\/v2\/media\/29798"}],"wp:attachment":[{"href":"https:\/\/kullanatcarsi.com\/en\/wp-json\/wp\/v2\/media?parent=29214"}],"wp:term":[{"taxonomy":"product_brand","embeddable":true,"href":"https:\/\/kullanatcarsi.com\/en\/wp-json\/wp\/v2\/product_brand?post=29214"},{"taxonomy":"product_cat","embeddable":true,"href":"https:\/\/kullanatcarsi.com\/en\/wp-json\/wp\/v2\/product_cat?post=29214"},{"taxonomy":"product_tag","embeddable":true,"href":"https:\/\/kullanatcarsi.com\/en\/wp-json\/wp\/v2\/product_tag?post=29214"}],"curies":[{"name":"wp","href":"https:\/\/api.w.org\/{rel}","templated":true}]}}