{"id":29221,"date":"2025-11-27T10:49:42","date_gmt":"2025-11-27T07:49:42","guid":{"rendered":"https:\/\/kullanatcarsi.com\/?post_type=product&#038;p=29221"},"modified":"2026-04-04T17:55:04","modified_gmt":"2026-04-04T14:55:04","slug":"meypak-750gr-isiya-dayanikli-gida-kabi","status":"publish","type":"product","link":"https:\/\/kullanatcarsi.com\/en\/product\/meypak-750gr-isiya-dayanikli-gida-kabi\/","title":{"rendered":"Meypak 750gr Is\u0131ya Dayan\u0131kl\u0131 G\u0131da Kab\u0131"},"content":{"rendered":"<p>Meypak marka, i\u00e7ten i\u00e7e 18 cm uzunlu\u011funda, 11 cm geni\u015fli\u011finde, 5,3 cm y\u00fcksekli\u011fi olan 750 gr i\u00e7 hacimli, dikd\u00f6rtgen, \u0131s\u0131ya dayan\u0131kl\u0131 ve mikrodalgaya uygun, siyah renkli g\u0131da kab\u0131d\u0131r.<\/p>\n<p>Restaurant ve cafelerin paket servislerinde, catering firmalar\u0131n\u0131n davet ve yemek servislerinde kullanabilece\u011fi kaliteli ve s\u0131ca\u011fa dayan\u0131kl\u0131 s\u0131zd\u0131rmaz bir \u00fcr\u00fcnd\u00fcr.<\/p>\n<p><strong>\u00dcr\u00fcn kapakl\u0131 sat\u0131lmaktad\u0131r.<\/strong><\/p>","protected":false},"excerpt":{"rendered":"<p>Meypak marka, i\u00e7ten i\u00e7e 18 cm uzunlu\u011funda, 11 cm geni\u015fli\u011finde, 5,3 cm y\u00fcksekli\u011fi olan 750 gr i\u00e7 hacimli, dikd\u00f6rtgen, \u0131s\u0131ya<\/p>","protected":false},"featured_media":29789,"comment_status":"open","ping_status":"closed","template":"","meta":{"_joinchat":[]},"product_brand":[136],"product_cat":[23,77],"product_tag":[104,111],"class_list":{"0":"post-29221","1":"product","2":"type-product","3":"status-publish","4":"has-post-thumbnail","6":"product_brand-meypak","7":"product_cat-gida-kaplari","8":"product_cat-mikrodalga-kaplari","9":"product_tag-gida-kaplari","10":"product_tag-mikrodalga-kaplari","11":"tm-has-styled-variations","12":"tm-variations-only","14":"first","15":"instock","16":"taxable","17":"shipping-taxable","18":"purchasable","19":"product-type-variable","20":"has-default-attributes"},"_links":{"self":[{"href":"https:\/\/kullanatcarsi.com\/en\/wp-json\/wp\/v2\/product\/29221","targetHints":{"allow":["GET"]}}],"collection":[{"href":"https:\/\/kullanatcarsi.com\/en\/wp-json\/wp\/v2\/product"}],"about":[{"href":"https:\/\/kullanatcarsi.com\/en\/wp-json\/wp\/v2\/types\/product"}],"replies":[{"embeddable":true,"href":"https:\/\/kullanatcarsi.com\/en\/wp-json\/wp\/v2\/comments?post=29221"}],"version-history":[{"count":1,"href":"https:\/\/kullanatcarsi.com\/en\/wp-json\/wp\/v2\/product\/29221\/revisions"}],"predecessor-version":[{"id":30412,"href":"https:\/\/kullanatcarsi.com\/en\/wp-json\/wp\/v2\/product\/29221\/revisions\/30412"}],"wp:featuredmedia":[{"embeddable":true,"href":"https:\/\/kullanatcarsi.com\/en\/wp-json\/wp\/v2\/media\/29789"}],"wp:attachment":[{"href":"https:\/\/kullanatcarsi.com\/en\/wp-json\/wp\/v2\/media?parent=29221"}],"wp:term":[{"taxonomy":"product_brand","embeddable":true,"href":"https:\/\/kullanatcarsi.com\/en\/wp-json\/wp\/v2\/product_brand?post=29221"},{"taxonomy":"product_cat","embeddable":true,"href":"https:\/\/kullanatcarsi.com\/en\/wp-json\/wp\/v2\/product_cat?post=29221"},{"taxonomy":"product_tag","embeddable":true,"href":"https:\/\/kullanatcarsi.com\/en\/wp-json\/wp\/v2\/product_tag?post=29221"}],"curies":[{"name":"wp","href":"https:\/\/api.w.org\/{rel}","templated":true}]}}