{"id":29237,"date":"2025-11-27T11:01:47","date_gmt":"2025-11-27T08:01:47","guid":{"rendered":"https:\/\/kullanatcarsi.com\/?post_type=product&#038;p=29237"},"modified":"2026-04-04T18:12:29","modified_gmt":"2026-04-04T15:12:29","slug":"3-bolmeli-kapakli-gida-kabi-sicaga-dayanikli","status":"publish","type":"product","link":"https:\/\/kullanatcarsi.com\/en\/product\/3-bolmeli-kapakli-gida-kabi-sicaga-dayanikli\/","title":{"rendered":"3-Food Container With Lid (Heat Resistant)"},"content":{"rendered":"<p>Siyah renkli alt kab\u0131n\u0131n \u00f6l\u00e7\u00fcleri i\u00e7ten i\u00e7e 17 cm eninde, 19,5 cm boyunda, 3,5 cm derinli\u011finde ve \u015feffaf renkli kapa\u011f\u0131n\u0131n \u00f6l\u00e7\u00fcleri ise i\u00e7ten i\u00e7e 15,5 cm eninde, 18 cm boyunda, 3 cm y\u00fcksekli\u011finde plastik, mikrodalgaya girebilen, \u0131s\u0131ya dayan\u0131kl\u0131,\u00a0tek kullan\u0131ml\u0131k 3\u00a0b\u00f6lmeli s\u0131cak servis setidir.<\/p>\n<p><strong>Kapak \u00fcr\u00fcne dahildir.<\/strong><\/p>\n<p>Restaurant ve cafelerin paket servislerinde 3\u00a0\u00e7e\u015fit yeme\u011fi rahatl\u0131kla bir arada m\u00fc\u015fterilerinize iletebilmeniz a\u00e7\u0131s\u0131ndan idealdir. S\u0131zd\u0131rmaz \u00f6zelliktedir.<\/p>","protected":false},"excerpt":{"rendered":"<p>Siyah renkli alt kab\u0131n\u0131n \u00f6l\u00e7\u00fcleri i\u00e7ten i\u00e7e 17 cm eninde, 19,5 cm boyunda, 3,5 cm derinli\u011finde ve \u015feffaf renkli kapa\u011f\u0131n\u0131n<\/p>","protected":false},"featured_media":29802,"comment_status":"open","ping_status":"closed","template":"","meta":{"_joinchat":[]},"product_brand":[137],"product_cat":[23,77],"product_tag":[104,111],"class_list":{"0":"post-29237","1":"product","2":"type-product","3":"status-publish","4":"has-post-thumbnail","6":"product_brand-irmak-ambalaj","7":"product_cat-gida-kaplari","8":"product_cat-mikrodalga-kaplari","9":"product_tag-gida-kaplari","10":"product_tag-mikrodalga-kaplari","11":"product_shipping_class-desi","12":"tm-has-styled-variations","13":"tm-variations-only","15":"first","16":"instock","17":"taxable","18":"shipping-taxable","19":"purchasable","20":"product-type-variable","21":"has-default-attributes"},"_links":{"self":[{"href":"https:\/\/kullanatcarsi.com\/en\/wp-json\/wp\/v2\/product\/29237","targetHints":{"allow":["GET"]}}],"collection":[{"href":"https:\/\/kullanatcarsi.com\/en\/wp-json\/wp\/v2\/product"}],"about":[{"href":"https:\/\/kullanatcarsi.com\/en\/wp-json\/wp\/v2\/types\/product"}],"replies":[{"embeddable":true,"href":"https:\/\/kullanatcarsi.com\/en\/wp-json\/wp\/v2\/comments?post=29237"}],"version-history":[{"count":2,"href":"https:\/\/kullanatcarsi.com\/en\/wp-json\/wp\/v2\/product\/29237\/revisions"}],"predecessor-version":[{"id":30424,"href":"https:\/\/kullanatcarsi.com\/en\/wp-json\/wp\/v2\/product\/29237\/revisions\/30424"}],"wp:featuredmedia":[{"embeddable":true,"href":"https:\/\/kullanatcarsi.com\/en\/wp-json\/wp\/v2\/media\/29802"}],"wp:attachment":[{"href":"https:\/\/kullanatcarsi.com\/en\/wp-json\/wp\/v2\/media?parent=29237"}],"wp:term":[{"taxonomy":"product_brand","embeddable":true,"href":"https:\/\/kullanatcarsi.com\/en\/wp-json\/wp\/v2\/product_brand?post=29237"},{"taxonomy":"product_cat","embeddable":true,"href":"https:\/\/kullanatcarsi.com\/en\/wp-json\/wp\/v2\/product_cat?post=29237"},{"taxonomy":"product_tag","embeddable":true,"href":"https:\/\/kullanatcarsi.com\/en\/wp-json\/wp\/v2\/product_tag?post=29237"}],"curies":[{"name":"wp","href":"https:\/\/api.w.org\/{rel}","templated":true}]}}