{"id":29241,"date":"2025-11-27T11:04:04","date_gmt":"2025-11-27T08:04:04","guid":{"rendered":"https:\/\/kullanatcarsi.com\/?post_type=product&#038;p=29241"},"modified":"2026-04-04T18:06:44","modified_gmt":"2026-04-04T15:06:44","slug":"2-bolmeli-kapakli-gida-kabi-sicaga-dayanikli","status":"publish","type":"product","link":"https:\/\/kullanatcarsi.com\/en\/product\/2-bolmeli-kapakli-gida-kabi-sicaga-dayanikli\/","title":{"rendered":"2 Compartment Food Container With A Lid (Heat Resistant)"},"content":{"rendered":"<p>2 B\u00f6lmeli Kapakl\u0131 G\u0131da Kab\u0131 (S\u0131ca\u011fa Dayan\u0131kl\u0131), siyah renkli alt kab\u0131n\u0131n \u00f6l\u00e7\u00fcleri i\u00e7ten i\u00e7e 17 cm eninde, 20 cm boyunda, 3 cm derinli\u011finde ve \u015feffaf renkli kapa\u011f\u0131n\u0131n \u00f6l\u00e7\u00fcleri i\u00e7ten i\u00e7e 16 cm eninde, 19 cm boyunda 3 cm y\u00fcksekli\u011finde plastik mikrodalgaya girebilen, \u0131s\u0131ya dayan\u0131kl\u0131, tek kullan\u0131ml\u0131k, 2 b\u00f6lmeli ve paket servise uygun s\u0131cak servis setidir.<\/p>\n<p><strong>Kapak \u00fcr\u00fcne dahildir.<\/strong><\/p>\n<p>Restaurant ve cafelerin paket servislerinde 2 \u00e7e\u015fit yeme\u011fi rahatl\u0131kla bir arada m\u00fc\u015fterilerinize iletebilmeniz a\u00e7\u0131s\u0131ndan idealdir. S\u0131zd\u0131rmaz \u00f6zelliktedir.<\/p>","protected":false},"excerpt":{"rendered":"<p>2 B\u00f6lmeli Kapakl\u0131 G\u0131da Kab\u0131 (S\u0131ca\u011fa Dayan\u0131kl\u0131), siyah renkli alt kab\u0131n\u0131n \u00f6l\u00e7\u00fcleri i\u00e7ten i\u00e7e 17 cm eninde, 20 cm boyunda,<\/p>","protected":false},"featured_media":29790,"comment_status":"open","ping_status":"closed","template":"","meta":{"_joinchat":[]},"product_brand":[137],"product_cat":[23,77],"product_tag":[104,111],"class_list":{"0":"post-29241","1":"product","2":"type-product","3":"status-publish","4":"has-post-thumbnail","6":"product_brand-irmak-ambalaj","7":"product_cat-gida-kaplari","8":"product_cat-mikrodalga-kaplari","9":"product_tag-gida-kaplari","10":"product_tag-mikrodalga-kaplari","11":"tm-has-styled-variations","12":"tm-variations-only","14":"first","15":"instock","16":"taxable","17":"shipping-taxable","18":"purchasable","19":"product-type-variable","20":"has-default-attributes"},"_links":{"self":[{"href":"https:\/\/kullanatcarsi.com\/en\/wp-json\/wp\/v2\/product\/29241","targetHints":{"allow":["GET"]}}],"collection":[{"href":"https:\/\/kullanatcarsi.com\/en\/wp-json\/wp\/v2\/product"}],"about":[{"href":"https:\/\/kullanatcarsi.com\/en\/wp-json\/wp\/v2\/types\/product"}],"replies":[{"embeddable":true,"href":"https:\/\/kullanatcarsi.com\/en\/wp-json\/wp\/v2\/comments?post=29241"}],"version-history":[{"count":2,"href":"https:\/\/kullanatcarsi.com\/en\/wp-json\/wp\/v2\/product\/29241\/revisions"}],"predecessor-version":[{"id":30419,"href":"https:\/\/kullanatcarsi.com\/en\/wp-json\/wp\/v2\/product\/29241\/revisions\/30419"}],"wp:featuredmedia":[{"embeddable":true,"href":"https:\/\/kullanatcarsi.com\/en\/wp-json\/wp\/v2\/media\/29790"}],"wp:attachment":[{"href":"https:\/\/kullanatcarsi.com\/en\/wp-json\/wp\/v2\/media?parent=29241"}],"wp:term":[{"taxonomy":"product_brand","embeddable":true,"href":"https:\/\/kullanatcarsi.com\/en\/wp-json\/wp\/v2\/product_brand?post=29241"},{"taxonomy":"product_cat","embeddable":true,"href":"https:\/\/kullanatcarsi.com\/en\/wp-json\/wp\/v2\/product_cat?post=29241"},{"taxonomy":"product_tag","embeddable":true,"href":"https:\/\/kullanatcarsi.com\/en\/wp-json\/wp\/v2\/product_tag?post=29241"}],"curies":[{"name":"wp","href":"https:\/\/api.w.org\/{rel}","templated":true}]}}