{"id":29245,"date":"2025-11-27T11:05:47","date_gmt":"2025-11-27T08:05:47","guid":{"rendered":"https:\/\/kullanatcarsi.com\/?post_type=product&#038;p=29245"},"modified":"2026-04-04T18:04:32","modified_gmt":"2026-04-04T15:04:32","slug":"bolmesiz-kapakli-gida-kabi-sicaga-dayanikli","status":"publish","type":"product","link":"https:\/\/kullanatcarsi.com\/en\/product\/bolmesiz-kapakli-gida-kabi-sicaga-dayanikli\/","title":{"rendered":"Bolmesiz Clamshell Food Container (Heat Resistant)"},"content":{"rendered":"<p>B\u00f6lmesiz Kapakl\u0131 G\u0131da Kab\u0131 (S\u0131ca\u011fa Dayan\u0131kl\u0131), siyah renkli alt kab\u0131n\u0131n \u00f6l\u00e7\u00fcleri i\u00e7ten i\u00e7e 17 cm eninde, 21 cm boyunda, 3 cm derinli\u011finde ve \u015feffaf renkli kapa\u011f\u0131n\u0131n \u00f6l\u00e7\u00fcleri i\u00e7ten i\u00e7e 16 cm eninde, 19 cm boyunda 3 cm y\u00fcksekli\u011finde plastik mikrodalgaya girebilen, \u0131s\u0131ya dayan\u0131kl\u0131, tek kullan\u0131ml\u0131k ve paket servise uygun s\u0131cak servis setidir.<\/p>\n<p><strong>Kapak \u00fcr\u00fcne dahildir.<\/strong><\/p>\n<p>Restaurant ve cafelerin\u00a0 makarna, \u0131zgara et ve tavuk gibi \u00fcr\u00fcnlerini paket servisle m\u00fc\u015fterilerine g\u00f6nderimi i\u00e7in uygundur.<\/p>\n<p>S\u0131ca\u011fa dayan\u0131kl\u0131 ve g\u0131da ile temasa uygun, s\u0131zd\u0131rmaz \u00f6zelliktedir.<\/p>","protected":false},"excerpt":{"rendered":"<p>B\u00f6lmesiz Kapakl\u0131 G\u0131da Kab\u0131 (S\u0131ca\u011fa Dayan\u0131kl\u0131), siyah renkli alt kab\u0131n\u0131n \u00f6l\u00e7\u00fcleri i\u00e7ten i\u00e7e 17 cm eninde, 21 cm boyunda, 3<\/p>","protected":false},"featured_media":29791,"comment_status":"open","ping_status":"closed","template":"","meta":{"_joinchat":[]},"product_brand":[137],"product_cat":[23,77],"product_tag":[104,111],"class_list":{"0":"post-29245","1":"product","2":"type-product","3":"status-publish","4":"has-post-thumbnail","6":"product_brand-irmak-ambalaj","7":"product_cat-gida-kaplari","8":"product_cat-mikrodalga-kaplari","9":"product_tag-gida-kaplari","10":"product_tag-mikrodalga-kaplari","11":"tm-has-styled-variations","12":"tm-variations-only","14":"first","15":"instock","16":"taxable","17":"shipping-taxable","18":"purchasable","19":"product-type-variable","20":"has-default-attributes"},"_links":{"self":[{"href":"https:\/\/kullanatcarsi.com\/en\/wp-json\/wp\/v2\/product\/29245","targetHints":{"allow":["GET"]}}],"collection":[{"href":"https:\/\/kullanatcarsi.com\/en\/wp-json\/wp\/v2\/product"}],"about":[{"href":"https:\/\/kullanatcarsi.com\/en\/wp-json\/wp\/v2\/types\/product"}],"replies":[{"embeddable":true,"href":"https:\/\/kullanatcarsi.com\/en\/wp-json\/wp\/v2\/comments?post=29245"}],"version-history":[{"count":1,"href":"https:\/\/kullanatcarsi.com\/en\/wp-json\/wp\/v2\/product\/29245\/revisions"}],"predecessor-version":[{"id":30404,"href":"https:\/\/kullanatcarsi.com\/en\/wp-json\/wp\/v2\/product\/29245\/revisions\/30404"}],"wp:featuredmedia":[{"embeddable":true,"href":"https:\/\/kullanatcarsi.com\/en\/wp-json\/wp\/v2\/media\/29791"}],"wp:attachment":[{"href":"https:\/\/kullanatcarsi.com\/en\/wp-json\/wp\/v2\/media?parent=29245"}],"wp:term":[{"taxonomy":"product_brand","embeddable":true,"href":"https:\/\/kullanatcarsi.com\/en\/wp-json\/wp\/v2\/product_brand?post=29245"},{"taxonomy":"product_cat","embeddable":true,"href":"https:\/\/kullanatcarsi.com\/en\/wp-json\/wp\/v2\/product_cat?post=29245"},{"taxonomy":"product_tag","embeddable":true,"href":"https:\/\/kullanatcarsi.com\/en\/wp-json\/wp\/v2\/product_tag?post=29245"}],"curies":[{"name":"wp","href":"https:\/\/api.w.org\/{rel}","templated":true}]}}