{"id":29250,"date":"2025-11-27T11:08:55","date_gmt":"2025-11-27T08:08:55","guid":{"rendered":"https:\/\/kullanatcarsi.com\/?post_type=product&#038;p=29250"},"modified":"2026-04-04T18:39:49","modified_gmt":"2026-04-04T15:39:49","slug":"limera-sushi-servis-seti-216x136-mm","status":"publish","type":"product","link":"https:\/\/kullanatcarsi.com\/en\/product\/limera-sushi-servis-seti-216x136-mm\/","title":{"rendered":"Limera Sushi Servis Seti B\u00fcy\u00fck 216&#215;136 mm"},"content":{"rendered":"<p><strong>Limera Sushi Servis Seti 216&#215;136 mm,<\/strong>\u00a0taban \u00f6l\u00e7\u00fcs\u00fc 19,5&#215;11,5 cm, y\u00fcksekli\u011fi 5 cm, kaliteli, plastik, \u015feffaf kapakl\u0131 tek kullan\u0131ml\u0131k, sushi kab\u0131 setidir. Kap ve kapak beraber sat\u0131lmaktad\u0131r.<\/p>\n<p>Pet malzemeden \u00fcretilmi\u015ftir. S\u0131ca\u011fa dayan\u0131kl\u0131 de\u011fildir.<\/p>\n<p>Paket servisde Japon mutfa\u011f\u0131n\u0131n vazge\u00e7ilmezi sushi i\u00e7in idealdir.<\/p>","protected":false},"excerpt":{"rendered":"<p>Limera Sushi Servis Seti 216&#215;136 mm,\u00a0taban \u00f6l\u00e7\u00fcs\u00fc 19,5&#215;11,5 cm, y\u00fcksekli\u011fi 5 cm, kaliteli, plastik, \u015feffaf kapakl\u0131 tek kullan\u0131ml\u0131k, sushi kab\u0131<\/p>","protected":false},"featured_media":29787,"comment_status":"open","ping_status":"closed","template":"","meta":{"_joinchat":[]},"product_brand":[138],"product_cat":[23,77],"product_tag":[104,111],"class_list":{"0":"post-29250","1":"product","2":"type-product","3":"status-publish","4":"has-post-thumbnail","6":"product_brand-limera","7":"product_cat-gida-kaplari","8":"product_cat-mikrodalga-kaplari","9":"product_tag-gida-kaplari","10":"product_tag-mikrodalga-kaplari","11":"tm-has-styled-variations","12":"tm-variations-only","14":"first","15":"instock","16":"taxable","17":"shipping-taxable","18":"purchasable","19":"product-type-variable","20":"has-default-attributes"},"_links":{"self":[{"href":"https:\/\/kullanatcarsi.com\/en\/wp-json\/wp\/v2\/product\/29250","targetHints":{"allow":["GET"]}}],"collection":[{"href":"https:\/\/kullanatcarsi.com\/en\/wp-json\/wp\/v2\/product"}],"about":[{"href":"https:\/\/kullanatcarsi.com\/en\/wp-json\/wp\/v2\/types\/product"}],"replies":[{"embeddable":true,"href":"https:\/\/kullanatcarsi.com\/en\/wp-json\/wp\/v2\/comments?post=29250"}],"version-history":[{"count":2,"href":"https:\/\/kullanatcarsi.com\/en\/wp-json\/wp\/v2\/product\/29250\/revisions"}],"predecessor-version":[{"id":30436,"href":"https:\/\/kullanatcarsi.com\/en\/wp-json\/wp\/v2\/product\/29250\/revisions\/30436"}],"wp:featuredmedia":[{"embeddable":true,"href":"https:\/\/kullanatcarsi.com\/en\/wp-json\/wp\/v2\/media\/29787"}],"wp:attachment":[{"href":"https:\/\/kullanatcarsi.com\/en\/wp-json\/wp\/v2\/media?parent=29250"}],"wp:term":[{"taxonomy":"product_brand","embeddable":true,"href":"https:\/\/kullanatcarsi.com\/en\/wp-json\/wp\/v2\/product_brand?post=29250"},{"taxonomy":"product_cat","embeddable":true,"href":"https:\/\/kullanatcarsi.com\/en\/wp-json\/wp\/v2\/product_cat?post=29250"},{"taxonomy":"product_tag","embeddable":true,"href":"https:\/\/kullanatcarsi.com\/en\/wp-json\/wp\/v2\/product_tag?post=29250"}],"curies":[{"name":"wp","href":"https:\/\/api.w.org\/{rel}","templated":true}]}}