{"id":29259,"date":"2025-11-27T11:16:04","date_gmt":"2025-11-27T08:16:04","guid":{"rendered":"https:\/\/kullanatcarsi.com\/?post_type=product&#038;p=29259"},"modified":"2025-12-16T14:40:31","modified_gmt":"2025-12-16T11:40:31","slug":"1000-cc-yuvarlak-sizdirmaz-salata-kabi","status":"publish","type":"product","link":"https:\/\/kullanatcarsi.com\/en\/product\/1000-cc-yuvarlak-sizdirmaz-salata-kabi\/","title":{"rendered":"Sealed Round salad bowl 1000 cc"},"content":{"rendered":"<p><strong>1000 cc yuvarlak s\u0131zd\u0131rmaz salata kab\u0131<\/strong>, k\u00fc\u00e7\u00fck porsiyonlarda salata, meze ve sos gibi g\u0131dalar\u0131n g\u00fcvenli bir \u015fekilde paketlenmesi i\u00e7in m\u00fckemmel bir se\u00e7enektir. \u015eeffaf PET malzemeden \u00fcretilen kab\u0131n s\u0131zd\u0131rmaz yap\u0131s\u0131, yiyeceklerin taze kalmas\u0131n\u0131 sa\u011flar ve ta\u015f\u0131ma s\u0131ras\u0131nda d\u00f6k\u00fclme riskini ortadan kald\u0131r\u0131r. Pratik ve kompakt tasar\u0131m\u0131 sayesinde paket servislerde ideal bir kullan\u0131m sunar.<\/p>","protected":false},"excerpt":{"rendered":"<p>1000 cc yuvarlak s\u0131zd\u0131rmaz salata kab\u0131, k\u00fc\u00e7\u00fck porsiyonlarda salata, meze ve sos gibi g\u0131dalar\u0131n g\u00fcvenli bir \u015fekilde paketlenmesi i\u00e7in m\u00fckemmel<\/p>","protected":false},"featured_media":29806,"comment_status":"open","ping_status":"closed","template":"","meta":{"_joinchat":[]},"product_brand":[137],"product_cat":[23,78],"product_tag":[104,112],"class_list":{"0":"post-29259","1":"product","2":"type-product","3":"status-publish","4":"has-post-thumbnail","6":"product_brand-irmak-ambalaj","7":"product_cat-gida-kaplari","8":"product_cat-salata-kaplari","9":"product_tag-gida-kaplari","10":"product_tag-salata-kaplari","11":"tm-has-styled-variations","12":"tm-variations-only","14":"first","15":"instock","16":"taxable","17":"shipping-taxable","18":"purchasable","19":"product-type-variable","20":"has-default-attributes"},"_links":{"self":[{"href":"https:\/\/kullanatcarsi.com\/en\/wp-json\/wp\/v2\/product\/29259","targetHints":{"allow":["GET"]}}],"collection":[{"href":"https:\/\/kullanatcarsi.com\/en\/wp-json\/wp\/v2\/product"}],"about":[{"href":"https:\/\/kullanatcarsi.com\/en\/wp-json\/wp\/v2\/types\/product"}],"replies":[{"embeddable":true,"href":"https:\/\/kullanatcarsi.com\/en\/wp-json\/wp\/v2\/comments?post=29259"}],"version-history":[{"count":0,"href":"https:\/\/kullanatcarsi.com\/en\/wp-json\/wp\/v2\/product\/29259\/revisions"}],"wp:featuredmedia":[{"embeddable":true,"href":"https:\/\/kullanatcarsi.com\/en\/wp-json\/wp\/v2\/media\/29806"}],"wp:attachment":[{"href":"https:\/\/kullanatcarsi.com\/en\/wp-json\/wp\/v2\/media?parent=29259"}],"wp:term":[{"taxonomy":"product_brand","embeddable":true,"href":"https:\/\/kullanatcarsi.com\/en\/wp-json\/wp\/v2\/product_brand?post=29259"},{"taxonomy":"product_cat","embeddable":true,"href":"https:\/\/kullanatcarsi.com\/en\/wp-json\/wp\/v2\/product_cat?post=29259"},{"taxonomy":"product_tag","embeddable":true,"href":"https:\/\/kullanatcarsi.com\/en\/wp-json\/wp\/v2\/product_tag?post=29259"}],"curies":[{"name":"wp","href":"https:\/\/api.w.org\/{rel}","templated":true}]}}