{"id":29263,"date":"2025-11-27T11:18:25","date_gmt":"2025-11-27T08:18:25","guid":{"rendered":"https:\/\/kullanatcarsi.com\/?post_type=product&#038;p=29263"},"modified":"2026-01-01T18:01:05","modified_gmt":"2026-01-01T15:01:05","slug":"750-cc-yuvarlak-siyah-salata-kabi-kapkapak","status":"publish","type":"product","link":"https:\/\/kullanatcarsi.com\/en\/product\/750-cc-yuvarlak-siyah-salata-kabi-kapkapak\/","title":{"rendered":"750 cc Black Round Salad Bowl (Cup+Lid)"},"content":{"rendered":"<p><strong>750CC siyah salata kab\u0131<\/strong>, hem g\u00f6rsel olarak \u015f\u0131k hem de i\u015flevsel bir tasar\u0131ma sahiptir. 750CC hacmiyle, salatalar\u0131n\u0131z\u0131n, at\u0131\u015ft\u0131rmal\u0131klar\u0131n\u0131z\u0131n ve di\u011fer yiyeceklerin taze kalmas\u0131n\u0131 sa\u011flarken, estetik bir sunum imkan\u0131 sunar. \u00dcr\u00fcn PET malzemeden \u00fcretildi\u011fi i\u00e7in s\u0131ca\u011fa dayan\u0131kl\u0131 de\u011fildir. Bu kap, sa\u011flaml\u0131\u011f\u0131 ve dayan\u0131kl\u0131l\u0131\u011f\u0131 ile \u00f6ne \u00e7\u0131kmaktad\u0131r. \u00dcr\u00fcn, \u00f6zellikle paket servisler ve haz\u0131r yemek i\u015fletmeleri i\u00e7in idealdir.<\/p>","protected":false},"excerpt":{"rendered":"<p>750CC siyah salata kab\u0131, hem g\u00f6rsel olarak \u015f\u0131k hem de i\u015flevsel bir tasar\u0131ma sahiptir. 750CC hacmiyle, salatalar\u0131n\u0131z\u0131n, at\u0131\u015ft\u0131rmal\u0131klar\u0131n\u0131z\u0131n ve di\u011fer<\/p>","protected":false},"featured_media":29807,"comment_status":"open","ping_status":"closed","template":"","meta":{"_joinchat":[]},"product_brand":[137],"product_cat":[23,78],"product_tag":[104,112],"class_list":{"0":"post-29263","1":"product","2":"type-product","3":"status-publish","4":"has-post-thumbnail","6":"product_brand-irmak-ambalaj","7":"product_cat-gida-kaplari","8":"product_cat-salata-kaplari","9":"product_tag-gida-kaplari","10":"product_tag-salata-kaplari","11":"tm-has-styled-variations","12":"tm-variations-only","14":"first","15":"instock","16":"taxable","17":"shipping-taxable","18":"purchasable","19":"product-type-variable","20":"has-default-attributes"},"_links":{"self":[{"href":"https:\/\/kullanatcarsi.com\/en\/wp-json\/wp\/v2\/product\/29263","targetHints":{"allow":["GET"]}}],"collection":[{"href":"https:\/\/kullanatcarsi.com\/en\/wp-json\/wp\/v2\/product"}],"about":[{"href":"https:\/\/kullanatcarsi.com\/en\/wp-json\/wp\/v2\/types\/product"}],"replies":[{"embeddable":true,"href":"https:\/\/kullanatcarsi.com\/en\/wp-json\/wp\/v2\/comments?post=29263"}],"version-history":[{"count":0,"href":"https:\/\/kullanatcarsi.com\/en\/wp-json\/wp\/v2\/product\/29263\/revisions"}],"wp:featuredmedia":[{"embeddable":true,"href":"https:\/\/kullanatcarsi.com\/en\/wp-json\/wp\/v2\/media\/29807"}],"wp:attachment":[{"href":"https:\/\/kullanatcarsi.com\/en\/wp-json\/wp\/v2\/media?parent=29263"}],"wp:term":[{"taxonomy":"product_brand","embeddable":true,"href":"https:\/\/kullanatcarsi.com\/en\/wp-json\/wp\/v2\/product_brand?post=29263"},{"taxonomy":"product_cat","embeddable":true,"href":"https:\/\/kullanatcarsi.com\/en\/wp-json\/wp\/v2\/product_cat?post=29263"},{"taxonomy":"product_tag","embeddable":true,"href":"https:\/\/kullanatcarsi.com\/en\/wp-json\/wp\/v2\/product_tag?post=29263"}],"curies":[{"name":"wp","href":"https:\/\/api.w.org\/{rel}","templated":true}]}}