{"id":29266,"date":"2025-11-27T11:22:21","date_gmt":"2025-11-27T08:22:21","guid":{"rendered":"https:\/\/kullanatcarsi.com\/?post_type=product&#038;p=29266"},"modified":"2026-04-04T18:31:28","modified_gmt":"2026-04-04T15:31:28","slug":"16-oz-plastik-pp-corba-kasesi-11-gr-kase-kapak","status":"publish","type":"product","link":"https:\/\/kullanatcarsi.com\/en\/product\/16-oz-plastik-pp-corba-kasesi-11-gr-kase-kapak\/","title":{"rendered":"11 oz 16 oz Pp Plastic soup bowl (Bowl + Lid)"},"content":{"rendered":"<p>16 oz hacmindeki\u00a0<strong>PP \u00e7orba kasesi<\/strong>, hem s\u0131cak hem de so\u011fuk \u00e7orbalar\u0131n hijyenik ve g\u00fcvenli bir \u015fekilde sunulmas\u0131 i\u00e7in tasarlanm\u0131\u015ft\u0131r. Restoranlar, kafeler ve paket servis hizmeti sunan i\u015fletmeler i\u00e7in ideal olan bu kase, PP (Polipropilen) malzemeden \u00fcretilmi\u015ftir ve hafifli\u011fiyle kullan\u0131m kolayl\u0131\u011f\u0131 sa\u011flar. Kapakl\u0131 tasar\u0131m\u0131, s\u0131z\u0131nt\u0131lar\u0131 engelleyerek paket servislerde g\u00fcvenli ta\u015f\u0131ma imkan\u0131 sunar.<\/p>","protected":false},"excerpt":{"rendered":"<p>16 oz hacmindeki\u00a0PP \u00e7orba kasesi, hem s\u0131cak hem de so\u011fuk \u00e7orbalar\u0131n hijyenik ve g\u00fcvenli bir \u015fekilde sunulmas\u0131 i\u00e7in tasarlanm\u0131\u015ft\u0131r. Restoranlar,<\/p>","protected":false},"featured_media":29781,"comment_status":"open","ping_status":"closed","template":"","meta":{"_joinchat":[]},"product_brand":[137],"product_cat":[79,23],"product_tag":[113,104],"class_list":{"0":"post-29266","1":"product","2":"type-product","3":"status-publish","4":"has-post-thumbnail","6":"product_brand-irmak-ambalaj","7":"product_cat-corba-kaseleri","8":"product_cat-gida-kaplari","9":"product_tag-corba-kaseleri","10":"product_tag-gida-kaplari","11":"tm-has-styled-variations","12":"tm-variations-only","14":"first","15":"instock","16":"taxable","17":"shipping-taxable","18":"purchasable","19":"product-type-variable","20":"has-default-attributes"},"_links":{"self":[{"href":"https:\/\/kullanatcarsi.com\/en\/wp-json\/wp\/v2\/product\/29266","targetHints":{"allow":["GET"]}}],"collection":[{"href":"https:\/\/kullanatcarsi.com\/en\/wp-json\/wp\/v2\/product"}],"about":[{"href":"https:\/\/kullanatcarsi.com\/en\/wp-json\/wp\/v2\/types\/product"}],"replies":[{"embeddable":true,"href":"https:\/\/kullanatcarsi.com\/en\/wp-json\/wp\/v2\/comments?post=29266"}],"version-history":[{"count":1,"href":"https:\/\/kullanatcarsi.com\/en\/wp-json\/wp\/v2\/product\/29266\/revisions"}],"predecessor-version":[{"id":30432,"href":"https:\/\/kullanatcarsi.com\/en\/wp-json\/wp\/v2\/product\/29266\/revisions\/30432"}],"wp:featuredmedia":[{"embeddable":true,"href":"https:\/\/kullanatcarsi.com\/en\/wp-json\/wp\/v2\/media\/29781"}],"wp:attachment":[{"href":"https:\/\/kullanatcarsi.com\/en\/wp-json\/wp\/v2\/media?parent=29266"}],"wp:term":[{"taxonomy":"product_brand","embeddable":true,"href":"https:\/\/kullanatcarsi.com\/en\/wp-json\/wp\/v2\/product_brand?post=29266"},{"taxonomy":"product_cat","embeddable":true,"href":"https:\/\/kullanatcarsi.com\/en\/wp-json\/wp\/v2\/product_cat?post=29266"},{"taxonomy":"product_tag","embeddable":true,"href":"https:\/\/kullanatcarsi.com\/en\/wp-json\/wp\/v2\/product_tag?post=29266"}],"curies":[{"name":"wp","href":"https:\/\/api.w.org\/{rel}","templated":true}]}}