{"id":29278,"date":"2025-11-27T15:08:57","date_gmt":"2025-11-27T12:08:57","guid":{"rendered":"https:\/\/kullanatcarsi.com\/?post_type=product&#038;p=29278"},"modified":"2026-01-01T19:28:54","modified_gmt":"2026-01-01T16:28:54","slug":"imka-duz-kapak-1000-cc-sizdirmaz-100-adet","status":"publish","type":"product","link":"https:\/\/kullanatcarsi.com\/en\/product\/imka-duz-kapak-1000-cc-sizdirmaz-100-adet\/","title":{"rendered":"Tried lid 1000 cc flat Sealed \u2013 100 pieces"},"content":{"rendered":"<p>120 mm x 192\u00a0mm x 70\u00a0mm \u00f6l\u00e7\u00fclerinde kendinden kapakl\u0131, 1000 cc s\u0131zd\u0131rmaz \u015feffaf plastik kap; yiyeceklerin transferi s\u0131ras\u0131nda akmas\u0131n\u0131, d\u00f6k\u00fclmesini engeller. \u015eeffaf g\u00f6r\u00fcn\u00fcm\u00fc ile \u015f\u0131k ve temiz bir sunum imkan\u0131 sa\u011flar.<\/p>","protected":false},"excerpt":{"rendered":"<p>120 mm x 192\u00a0mm x 70\u00a0mm \u00f6l\u00e7\u00fclerinde kendinden kapakl\u0131, 1000 cc s\u0131zd\u0131rmaz \u015feffaf plastik kap; yiyeceklerin transferi s\u0131ras\u0131nda akmas\u0131n\u0131, d\u00f6k\u00fclmesini<\/p>","protected":false},"featured_media":29813,"comment_status":"open","ping_status":"closed","template":"","meta":{"_joinchat":[]},"product_brand":[140],"product_cat":[23,80],"product_tag":[104,114],"class_list":{"0":"post-29278","1":"product","2":"type-product","3":"status-publish","4":"has-post-thumbnail","6":"product_brand-imka","7":"product_cat-gida-kaplari","8":"product_cat-sizdirmaz-ve-sos-kaplari","9":"product_tag-gida-kaplari","10":"product_tag-sizdirmaz-ve-sos-kaplari","11":"tm-has-styled-variations","12":"tm-variations-only","14":"first","15":"instock","16":"taxable","17":"shipping-taxable","18":"purchasable","19":"product-type-variable","20":"has-default-attributes"},"_links":{"self":[{"href":"https:\/\/kullanatcarsi.com\/en\/wp-json\/wp\/v2\/product\/29278","targetHints":{"allow":["GET"]}}],"collection":[{"href":"https:\/\/kullanatcarsi.com\/en\/wp-json\/wp\/v2\/product"}],"about":[{"href":"https:\/\/kullanatcarsi.com\/en\/wp-json\/wp\/v2\/types\/product"}],"replies":[{"embeddable":true,"href":"https:\/\/kullanatcarsi.com\/en\/wp-json\/wp\/v2\/comments?post=29278"}],"version-history":[{"count":0,"href":"https:\/\/kullanatcarsi.com\/en\/wp-json\/wp\/v2\/product\/29278\/revisions"}],"wp:featuredmedia":[{"embeddable":true,"href":"https:\/\/kullanatcarsi.com\/en\/wp-json\/wp\/v2\/media\/29813"}],"wp:attachment":[{"href":"https:\/\/kullanatcarsi.com\/en\/wp-json\/wp\/v2\/media?parent=29278"}],"wp:term":[{"taxonomy":"product_brand","embeddable":true,"href":"https:\/\/kullanatcarsi.com\/en\/wp-json\/wp\/v2\/product_brand?post=29278"},{"taxonomy":"product_cat","embeddable":true,"href":"https:\/\/kullanatcarsi.com\/en\/wp-json\/wp\/v2\/product_cat?post=29278"},{"taxonomy":"product_tag","embeddable":true,"href":"https:\/\/kullanatcarsi.com\/en\/wp-json\/wp\/v2\/product_tag?post=29278"}],"curies":[{"name":"wp","href":"https:\/\/api.w.org\/{rel}","templated":true}]}}