{"id":29288,"date":"2025-11-27T15:15:07","date_gmt":"2025-11-27T12:15:07","guid":{"rendered":"https:\/\/kullanatcarsi.com\/?post_type=product&#038;p=29288"},"modified":"2026-01-01T19:21:18","modified_gmt":"2026-01-01T16:21:18","slug":"imka-duz-kapak-sizdirmaz-375-cc-100-adet","status":"publish","type":"product","link":"https:\/\/kullanatcarsi.com\/en\/product\/imka-duz-kapak-sizdirmaz-375-cc-100-adet\/","title":{"rendered":"Megastar D\u00fcz Kapak S\u0131zd\u0131rmaz 375 Cc -100 Adet"},"content":{"rendered":"<p>106\u00a0mm x 123\u00a0mm x 55\u00a0mm \u00f6l\u00e7\u00fclerinde kendinden kapakl\u0131, 375 cc s\u0131zd\u0131rmaz \u015feffaf plastik kap; yiyeceklerin transferi s\u0131ras\u0131nda akmas\u0131n\u0131, d\u00f6k\u00fclmesini engeller. \u015eeffaf g\u00f6r\u00fcn\u00fcm\u00fc ile \u015f\u0131k ve temiz bir sunum imkan\u0131 sa\u011flar.<\/p>","protected":false},"excerpt":{"rendered":"<p>106\u00a0mm x 123\u00a0mm x 55\u00a0mm \u00f6l\u00e7\u00fclerinde kendinden kapakl\u0131, 375 cc s\u0131zd\u0131rmaz \u015feffaf plastik kap; yiyeceklerin transferi s\u0131ras\u0131nda akmas\u0131n\u0131, d\u00f6k\u00fclmesini engeller.<\/p>","protected":false},"featured_media":29818,"comment_status":"open","ping_status":"closed","template":"","meta":{"_joinchat":[]},"product_brand":[137],"product_cat":[23,80],"product_tag":[104,114],"class_list":{"0":"post-29288","1":"product","2":"type-product","3":"status-publish","4":"has-post-thumbnail","6":"product_brand-irmak-ambalaj","7":"product_cat-gida-kaplari","8":"product_cat-sizdirmaz-ve-sos-kaplari","9":"product_tag-gida-kaplari","10":"product_tag-sizdirmaz-ve-sos-kaplari","11":"tm-has-styled-variations","12":"tm-variations-only","14":"first","15":"instock","16":"taxable","17":"shipping-taxable","18":"purchasable","19":"product-type-variable","20":"has-default-attributes"},"_links":{"self":[{"href":"https:\/\/kullanatcarsi.com\/en\/wp-json\/wp\/v2\/product\/29288","targetHints":{"allow":["GET"]}}],"collection":[{"href":"https:\/\/kullanatcarsi.com\/en\/wp-json\/wp\/v2\/product"}],"about":[{"href":"https:\/\/kullanatcarsi.com\/en\/wp-json\/wp\/v2\/types\/product"}],"replies":[{"embeddable":true,"href":"https:\/\/kullanatcarsi.com\/en\/wp-json\/wp\/v2\/comments?post=29288"}],"version-history":[{"count":0,"href":"https:\/\/kullanatcarsi.com\/en\/wp-json\/wp\/v2\/product\/29288\/revisions"}],"wp:featuredmedia":[{"embeddable":true,"href":"https:\/\/kullanatcarsi.com\/en\/wp-json\/wp\/v2\/media\/29818"}],"wp:attachment":[{"href":"https:\/\/kullanatcarsi.com\/en\/wp-json\/wp\/v2\/media?parent=29288"}],"wp:term":[{"taxonomy":"product_brand","embeddable":true,"href":"https:\/\/kullanatcarsi.com\/en\/wp-json\/wp\/v2\/product_brand?post=29288"},{"taxonomy":"product_cat","embeddable":true,"href":"https:\/\/kullanatcarsi.com\/en\/wp-json\/wp\/v2\/product_cat?post=29288"},{"taxonomy":"product_tag","embeddable":true,"href":"https:\/\/kullanatcarsi.com\/en\/wp-json\/wp\/v2\/product_tag?post=29288"}],"curies":[{"name":"wp","href":"https:\/\/api.w.org\/{rel}","templated":true}]}}