{"id":29294,"date":"2025-11-27T15:17:14","date_gmt":"2025-11-27T12:17:14","guid":{"rendered":"https:\/\/kullanatcarsi.com\/?post_type=product&#038;p=29294"},"modified":"2025-12-16T14:54:09","modified_gmt":"2025-12-16T11:54:09","slug":"plastik-kapakli-isiya-dayanikli-sos-kabi-60-cc-50-adet","status":"publish","type":"product","link":"https:\/\/kullanatcarsi.com\/en\/product\/plastik-kapakli-isiya-dayanikli-sos-kabi-60-cc-50-adet\/","title":{"rendered":"Plastik Kapakl\u0131 (Is\u0131ya Dayan\u0131kl\u0131) Sos Kab\u0131 60 cc &#8211; 50 Adet"},"content":{"rendered":"<p>6 cm a\u011f\u0131z \u00e7ap\u0131na, 4,8 cm taban \u00e7ap\u0131na ve 2,6 cm y\u00fcksekli\u011finde yuvarlak, kendinden kapakl\u0131, mat \u015feffaf renkte ve 60 cc hacminde sos kab\u0131. Restaurantlar\u0131n paket servislerinde, catering firmalar\u0131n\u0131n davet ve yemek servislerinde kullanabilece\u011fi bir sos kab\u0131d\u0131r.\u00dcr\u00fcn s\u0131ca\u011fa dayan\u0131kl\u0131, s\u0131zd\u0131rmaz \u00f6zelliktedir.<\/p>\n<p>S\u0131zd\u0131rmaz \u00f6zelli\u011fi sayesinde, i\u00e7erisine konulabilecek sulu, ya\u011fl\u0131 soslar\u0131n d\u00f6k\u00fclmesi ve s\u0131zma ihtimali ortadan kalkmaktad\u0131r. \u00dcr\u00fcn g\u0131daya uygun olarak \u00fcretilmi\u015ftir.<\/p>","protected":false},"excerpt":{"rendered":"<p>6 cm a\u011f\u0131z \u00e7ap\u0131na, 4,8 cm taban \u00e7ap\u0131na ve 2,6 cm y\u00fcksekli\u011finde yuvarlak, kendinden kapakl\u0131, mat \u015feffaf renkte ve 60<\/p>","protected":false},"featured_media":29815,"comment_status":"open","ping_status":"closed","template":"","meta":{"_joinchat":[]},"product_brand":[137],"product_cat":[23,80],"product_tag":[104,114],"class_list":{"0":"post-29294","1":"product","2":"type-product","3":"status-publish","4":"has-post-thumbnail","6":"product_brand-irmak-ambalaj","7":"product_cat-gida-kaplari","8":"product_cat-sizdirmaz-ve-sos-kaplari","9":"product_tag-gida-kaplari","10":"product_tag-sizdirmaz-ve-sos-kaplari","11":"tm-has-styled-variations","12":"tm-variations-only","14":"first","15":"instock","16":"taxable","17":"shipping-taxable","18":"purchasable","19":"product-type-variable","20":"has-default-attributes"},"_links":{"self":[{"href":"https:\/\/kullanatcarsi.com\/en\/wp-json\/wp\/v2\/product\/29294","targetHints":{"allow":["GET"]}}],"collection":[{"href":"https:\/\/kullanatcarsi.com\/en\/wp-json\/wp\/v2\/product"}],"about":[{"href":"https:\/\/kullanatcarsi.com\/en\/wp-json\/wp\/v2\/types\/product"}],"replies":[{"embeddable":true,"href":"https:\/\/kullanatcarsi.com\/en\/wp-json\/wp\/v2\/comments?post=29294"}],"version-history":[{"count":0,"href":"https:\/\/kullanatcarsi.com\/en\/wp-json\/wp\/v2\/product\/29294\/revisions"}],"wp:featuredmedia":[{"embeddable":true,"href":"https:\/\/kullanatcarsi.com\/en\/wp-json\/wp\/v2\/media\/29815"}],"wp:attachment":[{"href":"https:\/\/kullanatcarsi.com\/en\/wp-json\/wp\/v2\/media?parent=29294"}],"wp:term":[{"taxonomy":"product_brand","embeddable":true,"href":"https:\/\/kullanatcarsi.com\/en\/wp-json\/wp\/v2\/product_brand?post=29294"},{"taxonomy":"product_cat","embeddable":true,"href":"https:\/\/kullanatcarsi.com\/en\/wp-json\/wp\/v2\/product_cat?post=29294"},{"taxonomy":"product_tag","embeddable":true,"href":"https:\/\/kullanatcarsi.com\/en\/wp-json\/wp\/v2\/product_tag?post=29294"}],"curies":[{"name":"wp","href":"https:\/\/api.w.org\/{rel}","templated":true}]}}