{"id":29303,"date":"2025-11-27T15:20:56","date_gmt":"2025-11-27T12:20:56","guid":{"rendered":"https:\/\/kullanatcarsi.com\/?post_type=product&#038;p=29303"},"modified":"2025-12-27T19:25:40","modified_gmt":"2025-12-27T16:25:40","slug":"ozge-plastik-osk-30-cc-kapakli-sos-kabi-100-adet","status":"publish","type":"product","link":"https:\/\/kullanatcarsi.com\/en\/product\/ozge-plastik-osk-30-cc-kapakli-sos-kabi-100-adet\/","title":{"rendered":"30 cc Kapakl\u0131 Sos Kab\u0131 &#8211; 100 Adet"},"content":{"rendered":"<p>30cc hacminde, \u015feffaf renkte, s\u0131zd\u0131rmaz kendinden kapakl\u0131, tek kullan\u0131ml\u0131k sos kab\u0131d\u0131r.<\/p>\n<p>S\u0131zd\u0131rmaz olmas\u0131 sayesinde \u00f6zellikle sulu ve ya\u011fl\u0131 soslar\u0131n paket servisinde \u00e7ok uygundur.<\/p>\n<p>Restaurant, cafe ve yemek organizasyonlar\u0131nda kullan\u0131m\u0131na uygun sos kab\u0131d\u0131r.<\/p>","protected":false},"excerpt":{"rendered":"<p>30cc hacminde, \u015feffaf renkte, s\u0131zd\u0131rmaz kendinden kapakl\u0131, tek kullan\u0131ml\u0131k sos kab\u0131d\u0131r. S\u0131zd\u0131rmaz olmas\u0131 sayesinde \u00f6zellikle sulu ve ya\u011fl\u0131 soslar\u0131n paket<\/p>","protected":false},"featured_media":29816,"comment_status":"open","ping_status":"closed","template":"","meta":{"_joinchat":[]},"product_brand":[137],"product_cat":[23,80],"product_tag":[104,114],"class_list":{"0":"post-29303","1":"product","2":"type-product","3":"status-publish","4":"has-post-thumbnail","6":"product_brand-irmak-ambalaj","7":"product_cat-gida-kaplari","8":"product_cat-sizdirmaz-ve-sos-kaplari","9":"product_tag-gida-kaplari","10":"product_tag-sizdirmaz-ve-sos-kaplari","11":"tm-has-styled-variations","12":"tm-variations-only","14":"first","15":"instock","16":"taxable","17":"shipping-taxable","18":"purchasable","19":"product-type-variable","20":"has-default-attributes"},"_links":{"self":[{"href":"https:\/\/kullanatcarsi.com\/en\/wp-json\/wp\/v2\/product\/29303","targetHints":{"allow":["GET"]}}],"collection":[{"href":"https:\/\/kullanatcarsi.com\/en\/wp-json\/wp\/v2\/product"}],"about":[{"href":"https:\/\/kullanatcarsi.com\/en\/wp-json\/wp\/v2\/types\/product"}],"replies":[{"embeddable":true,"href":"https:\/\/kullanatcarsi.com\/en\/wp-json\/wp\/v2\/comments?post=29303"}],"version-history":[{"count":0,"href":"https:\/\/kullanatcarsi.com\/en\/wp-json\/wp\/v2\/product\/29303\/revisions"}],"wp:featuredmedia":[{"embeddable":true,"href":"https:\/\/kullanatcarsi.com\/en\/wp-json\/wp\/v2\/media\/29816"}],"wp:attachment":[{"href":"https:\/\/kullanatcarsi.com\/en\/wp-json\/wp\/v2\/media?parent=29303"}],"wp:term":[{"taxonomy":"product_brand","embeddable":true,"href":"https:\/\/kullanatcarsi.com\/en\/wp-json\/wp\/v2\/product_brand?post=29303"},{"taxonomy":"product_cat","embeddable":true,"href":"https:\/\/kullanatcarsi.com\/en\/wp-json\/wp\/v2\/product_cat?post=29303"},{"taxonomy":"product_tag","embeddable":true,"href":"https:\/\/kullanatcarsi.com\/en\/wp-json\/wp\/v2\/product_tag?post=29303"}],"curies":[{"name":"wp","href":"https:\/\/api.w.org\/{rel}","templated":true}]}}