{"id":29306,"date":"2025-11-27T15:21:46","date_gmt":"2025-11-27T12:21:46","guid":{"rendered":"https:\/\/kullanatcarsi.com\/?post_type=product&#038;p=29306"},"modified":"2026-01-01T19:10:04","modified_gmt":"2026-01-01T16:10:04","slug":"ozge-plastik-osk-20-cc-kapakli-sos-kabi-100-adet","status":"publish","type":"product","link":"https:\/\/kullanatcarsi.com\/en\/product\/ozge-plastik-osk-20-cc-kapakli-sos-kabi-100-adet\/","title":{"rendered":"20 cc Kapakl\u0131 Sos Kab\u0131 &#8211; 100 Adet"},"content":{"rendered":"<p>20cc hacminde, \u015feffaf renkte, s\u0131zd\u0131rmaz kendinden kapakl\u0131, tek kullan\u0131ml\u0131k sos kab\u0131d\u0131r.<\/p>\n<p>S\u0131zd\u0131rmaz olmas\u0131 sayesinde \u00f6zellikle sulu ve ya\u011fl\u0131 soslar\u0131n paket servisinde kullan\u0131ma uygundur.<\/p>\n<p>Cafe, restaurant ve \u00e7i\u011fk\u00f6ftecilerin soslar\u0131n\u0131 paketlemesi i\u00e7in vazge\u00e7ilmez \u00fcr\u00fcn\u00fcd\u00fcr.<\/p>","protected":false},"excerpt":{"rendered":"<p>20cc hacminde, \u015feffaf renkte, s\u0131zd\u0131rmaz kendinden kapakl\u0131, tek kullan\u0131ml\u0131k sos kab\u0131d\u0131r. S\u0131zd\u0131rmaz olmas\u0131 sayesinde \u00f6zellikle sulu ve ya\u011fl\u0131 soslar\u0131n paket<\/p>","protected":false},"featured_media":29809,"comment_status":"open","ping_status":"closed","template":"","meta":{"_joinchat":[]},"product_brand":[137],"product_cat":[23,80],"product_tag":[104,114],"class_list":{"0":"post-29306","1":"product","2":"type-product","3":"status-publish","4":"has-post-thumbnail","6":"product_brand-irmak-ambalaj","7":"product_cat-gida-kaplari","8":"product_cat-sizdirmaz-ve-sos-kaplari","9":"product_tag-gida-kaplari","10":"product_tag-sizdirmaz-ve-sos-kaplari","11":"tm-has-styled-variations","12":"tm-variations-only","14":"first","15":"instock","16":"taxable","17":"shipping-taxable","18":"purchasable","19":"product-type-variable","20":"has-default-attributes"},"_links":{"self":[{"href":"https:\/\/kullanatcarsi.com\/en\/wp-json\/wp\/v2\/product\/29306","targetHints":{"allow":["GET"]}}],"collection":[{"href":"https:\/\/kullanatcarsi.com\/en\/wp-json\/wp\/v2\/product"}],"about":[{"href":"https:\/\/kullanatcarsi.com\/en\/wp-json\/wp\/v2\/types\/product"}],"replies":[{"embeddable":true,"href":"https:\/\/kullanatcarsi.com\/en\/wp-json\/wp\/v2\/comments?post=29306"}],"version-history":[{"count":0,"href":"https:\/\/kullanatcarsi.com\/en\/wp-json\/wp\/v2\/product\/29306\/revisions"}],"wp:featuredmedia":[{"embeddable":true,"href":"https:\/\/kullanatcarsi.com\/en\/wp-json\/wp\/v2\/media\/29809"}],"wp:attachment":[{"href":"https:\/\/kullanatcarsi.com\/en\/wp-json\/wp\/v2\/media?parent=29306"}],"wp:term":[{"taxonomy":"product_brand","embeddable":true,"href":"https:\/\/kullanatcarsi.com\/en\/wp-json\/wp\/v2\/product_brand?post=29306"},{"taxonomy":"product_cat","embeddable":true,"href":"https:\/\/kullanatcarsi.com\/en\/wp-json\/wp\/v2\/product_cat?post=29306"},{"taxonomy":"product_tag","embeddable":true,"href":"https:\/\/kullanatcarsi.com\/en\/wp-json\/wp\/v2\/product_tag?post=29306"}],"curies":[{"name":"wp","href":"https:\/\/api.w.org\/{rel}","templated":true}]}}