{"id":29309,"date":"2025-11-27T15:23:41","date_gmt":"2025-11-27T12:23:41","guid":{"rendered":"https:\/\/kullanatcarsi.com\/?post_type=product&#038;p=29309"},"modified":"2025-12-16T11:30:24","modified_gmt":"2025-12-16T08:30:24","slug":"aluminyum-sutlac-kase-100-adet","status":"publish","type":"product","link":"https:\/\/kullanatcarsi.com\/en\/product\/aluminyum-sutlac-kase-100-adet\/","title":{"rendered":"-100 Pieces Aluminum Bowl Rice Pudding"},"content":{"rendered":"<div>Cuki Green Al\u00fcminyum S\u00fctla\u00e7 Kase, 11&#215;11 cm ebad\u0131nda, 4 cm y\u00fcksekli\u011finde, 180 cc i\u00e7 hacminde s\u00fctla\u00e7 gibi s\u00fctl\u00fc tatl\u0131lar\u0131n servisine uygun al\u00fcminyum s\u00fctla\u00e7 kase.<\/div>\n<div><\/div>\n<div>Y\u00fcksek \u0131s\u0131ya dayan\u0131kl\u0131 (+350\u00b0C) olmas\u0131 tek kullan\u0131ml\u0131k al\u00fcminyum s\u00fctla\u00e7 kasenin f\u0131r\u0131nda kullan\u0131m\u0131na olanak sa\u011flamaktad\u0131r. Tek kullan\u0131ml\u0131k al\u00fcminyum kap orijinal rengi olan g\u00fcm\u00fc\u015f rengindedir.<\/div>\n<div><\/div>\n<div>Al\u00fcminyum S\u00fctla\u00e7 kase catering, lokanta, pastane, f\u0131r\u0131n, \u015fark\u00fcteri, kebap ve d\u00f6ner firmalar\u0131n\u0131n s\u0131cak ve so\u011fuk yemek paket servislerinde kullanabilecekleri tek kullan\u0131ml\u0131k \u00fcr\u00fcnd\u00fcr.<\/div>","protected":false},"excerpt":{"rendered":"<p>Cuki Green Al\u00fcminyum S\u00fctla\u00e7 Kase, 11&#215;11 cm ebad\u0131nda, 4 cm y\u00fcksekli\u011finde, 180 cc i\u00e7 hacminde s\u00fctla\u00e7 gibi s\u00fctl\u00fc tatl\u0131lar\u0131n servisine<\/p>","protected":false},"featured_media":29772,"comment_status":"open","ping_status":"closed","template":"","meta":{"_joinchat":[]},"product_brand":[141],"product_cat":[81,23],"product_tag":[115,104],"class_list":{"0":"post-29309","1":"product","2":"type-product","3":"status-publish","4":"has-post-thumbnail","6":"product_brand-cuki-green","7":"product_cat-aluminyum-kaplar","8":"product_cat-gida-kaplari","9":"product_tag-aluminyum-kaplar","10":"product_tag-gida-kaplari","11":"tm-has-styled-variations","12":"tm-variations-only","14":"first","15":"instock","16":"taxable","17":"shipping-taxable","18":"purchasable","19":"product-type-variable","20":"has-default-attributes"},"_links":{"self":[{"href":"https:\/\/kullanatcarsi.com\/en\/wp-json\/wp\/v2\/product\/29309","targetHints":{"allow":["GET"]}}],"collection":[{"href":"https:\/\/kullanatcarsi.com\/en\/wp-json\/wp\/v2\/product"}],"about":[{"href":"https:\/\/kullanatcarsi.com\/en\/wp-json\/wp\/v2\/types\/product"}],"replies":[{"embeddable":true,"href":"https:\/\/kullanatcarsi.com\/en\/wp-json\/wp\/v2\/comments?post=29309"}],"version-history":[{"count":0,"href":"https:\/\/kullanatcarsi.com\/en\/wp-json\/wp\/v2\/product\/29309\/revisions"}],"wp:featuredmedia":[{"embeddable":true,"href":"https:\/\/kullanatcarsi.com\/en\/wp-json\/wp\/v2\/media\/29772"}],"wp:attachment":[{"href":"https:\/\/kullanatcarsi.com\/en\/wp-json\/wp\/v2\/media?parent=29309"}],"wp:term":[{"taxonomy":"product_brand","embeddable":true,"href":"https:\/\/kullanatcarsi.com\/en\/wp-json\/wp\/v2\/product_brand?post=29309"},{"taxonomy":"product_cat","embeddable":true,"href":"https:\/\/kullanatcarsi.com\/en\/wp-json\/wp\/v2\/product_cat?post=29309"},{"taxonomy":"product_tag","embeddable":true,"href":"https:\/\/kullanatcarsi.com\/en\/wp-json\/wp\/v2\/product_tag?post=29309"}],"curies":[{"name":"wp","href":"https:\/\/api.w.org\/{rel}","templated":true}]}}