{"id":29313,"date":"2025-11-27T15:28:08","date_gmt":"2025-11-27T12:28:08","guid":{"rendered":"https:\/\/kullanatcarsi.com\/?post_type=product&#038;p=29313"},"modified":"2025-12-16T11:46:43","modified_gmt":"2025-12-16T08:46:43","slug":"3-gozlu-aluminyum-kap-100-adet","status":"publish","type":"product","link":"https:\/\/kullanatcarsi.com\/en\/product\/3-gozlu-aluminyum-kap-100-adet\/","title":{"rendered":"3-Compartment Aluminum Cap -100 Pieces"},"content":{"rendered":"<p>3 G\u00f6zl\u00fc Al\u00fcminyum Kap, 22,5 x 17,5 cm geni\u015fli\u011finde, 3 cm derinli\u011finde, 3 g\u00f6zl\u00fc al\u00fcminyum kapt\u0131r.<\/p>\n<p>Y\u00fcksek \u0131s\u0131ya dayan\u0131kl\u0131 (+350\u00b0C) olmas\u0131 tek kullan\u0131ml\u0131k 3 g\u00f6zl\u00fc al\u00fcminyum kap f\u0131r\u0131nda kullan\u0131m\u0131na olanak sa\u011flamaktad\u0131r. Tek kullan\u0131ml\u0131k al\u00fcminyum kap orijinal rengi olan g\u00fcm\u00fc\u015f rengindedir.<\/p>\n<p>Al\u00fcminyum 3 G\u00f6zl\u00fc kap, catering, lokanta, pastane, f\u0131r\u0131n, \u015fark\u00fcteri, kebap ve d\u00f6ner firmalar\u0131n\u0131n s\u0131cak ve so\u011fuk yemek paket servislerinde kullanabilecekleri tek kullan\u0131ml\u0131k \u00fcr\u00fcnd\u00fcr.<\/p>","protected":false},"excerpt":{"rendered":"<p>3 G\u00f6zl\u00fc Al\u00fcminyum Kap, 22,5 x 17,5 cm geni\u015fli\u011finde, 3 cm derinli\u011finde, 3 g\u00f6zl\u00fc al\u00fcminyum kapt\u0131r. Y\u00fcksek \u0131s\u0131ya dayan\u0131kl\u0131 (+350\u00b0C)<\/p>","protected":false},"featured_media":29775,"comment_status":"open","ping_status":"closed","template":"","meta":{"_joinchat":[]},"product_brand":[137],"product_cat":[81,23],"product_tag":[115,104],"class_list":{"0":"post-29313","1":"product","2":"type-product","3":"status-publish","4":"has-post-thumbnail","6":"product_brand-irmak-ambalaj","7":"product_cat-aluminyum-kaplar","8":"product_cat-gida-kaplari","9":"product_tag-aluminyum-kaplar","10":"product_tag-gida-kaplari","11":"tm-has-styled-variations","12":"tm-variations-only","14":"first","15":"instock","16":"taxable","17":"shipping-taxable","18":"purchasable","19":"product-type-variable"},"_links":{"self":[{"href":"https:\/\/kullanatcarsi.com\/en\/wp-json\/wp\/v2\/product\/29313","targetHints":{"allow":["GET"]}}],"collection":[{"href":"https:\/\/kullanatcarsi.com\/en\/wp-json\/wp\/v2\/product"}],"about":[{"href":"https:\/\/kullanatcarsi.com\/en\/wp-json\/wp\/v2\/types\/product"}],"replies":[{"embeddable":true,"href":"https:\/\/kullanatcarsi.com\/en\/wp-json\/wp\/v2\/comments?post=29313"}],"version-history":[{"count":0,"href":"https:\/\/kullanatcarsi.com\/en\/wp-json\/wp\/v2\/product\/29313\/revisions"}],"wp:featuredmedia":[{"embeddable":true,"href":"https:\/\/kullanatcarsi.com\/en\/wp-json\/wp\/v2\/media\/29775"}],"wp:attachment":[{"href":"https:\/\/kullanatcarsi.com\/en\/wp-json\/wp\/v2\/media?parent=29313"}],"wp:term":[{"taxonomy":"product_brand","embeddable":true,"href":"https:\/\/kullanatcarsi.com\/en\/wp-json\/wp\/v2\/product_brand?post=29313"},{"taxonomy":"product_cat","embeddable":true,"href":"https:\/\/kullanatcarsi.com\/en\/wp-json\/wp\/v2\/product_cat?post=29313"},{"taxonomy":"product_tag","embeddable":true,"href":"https:\/\/kullanatcarsi.com\/en\/wp-json\/wp\/v2\/product_tag?post=29313"}],"curies":[{"name":"wp","href":"https:\/\/api.w.org\/{rel}","templated":true}]}}