{"id":29316,"date":"2025-11-27T15:29:12","date_gmt":"2025-11-27T12:29:12","guid":{"rendered":"https:\/\/kullanatcarsi.com\/?post_type=product&#038;p=29316"},"modified":"2025-12-16T11:52:46","modified_gmt":"2025-12-16T08:52:46","slug":"2-gozlu-aluminyum-kap-100-adet","status":"publish","type":"product","link":"https:\/\/kullanatcarsi.com\/en\/product\/2-gozlu-aluminyum-kap-100-adet\/","title":{"rendered":"2 Pieces Aluminum Cap With Eyes -100"},"content":{"rendered":"<p>22,5 x 17,5 cm geni\u015fli\u011finde, 3 cm derinli\u011finde, iki g\u00f6zl\u00fc al\u00fcminyum kap. \u00d6zellikle kebap ve et restaurantlar\u0131n\u0131n evlere paket serviste tercih etti\u011fi bir \u00fcr\u00fcnd\u00fcr. D\u00fc\u011f\u00fcn, davet ve pikniklerde kullan\u0131\u015fl\u0131 bir \u00e7\u00f6z\u00fcmd\u00fcr.<\/p>","protected":false},"excerpt":{"rendered":"<p>22,5 x 17,5 cm geni\u015fli\u011finde, 3 cm derinli\u011finde, iki g\u00f6zl\u00fc al\u00fcminyum kap. \u00d6zellikle kebap ve et restaurantlar\u0131n\u0131n evlere paket serviste<\/p>","protected":false},"featured_media":29779,"comment_status":"open","ping_status":"closed","template":"","meta":{"_joinchat":[]},"product_brand":[137],"product_cat":[81,23],"product_tag":[115,104],"class_list":{"0":"post-29316","1":"product","2":"type-product","3":"status-publish","4":"has-post-thumbnail","6":"product_brand-irmak-ambalaj","7":"product_cat-aluminyum-kaplar","8":"product_cat-gida-kaplari","9":"product_tag-aluminyum-kaplar","10":"product_tag-gida-kaplari","11":"tm-has-styled-variations","12":"tm-variations-only","14":"first","15":"instock","16":"taxable","17":"shipping-taxable","18":"purchasable","19":"product-type-variable","20":"has-default-attributes"},"_links":{"self":[{"href":"https:\/\/kullanatcarsi.com\/en\/wp-json\/wp\/v2\/product\/29316","targetHints":{"allow":["GET"]}}],"collection":[{"href":"https:\/\/kullanatcarsi.com\/en\/wp-json\/wp\/v2\/product"}],"about":[{"href":"https:\/\/kullanatcarsi.com\/en\/wp-json\/wp\/v2\/types\/product"}],"replies":[{"embeddable":true,"href":"https:\/\/kullanatcarsi.com\/en\/wp-json\/wp\/v2\/comments?post=29316"}],"version-history":[{"count":0,"href":"https:\/\/kullanatcarsi.com\/en\/wp-json\/wp\/v2\/product\/29316\/revisions"}],"wp:featuredmedia":[{"embeddable":true,"href":"https:\/\/kullanatcarsi.com\/en\/wp-json\/wp\/v2\/media\/29779"}],"wp:attachment":[{"href":"https:\/\/kullanatcarsi.com\/en\/wp-json\/wp\/v2\/media?parent=29316"}],"wp:term":[{"taxonomy":"product_brand","embeddable":true,"href":"https:\/\/kullanatcarsi.com\/en\/wp-json\/wp\/v2\/product_brand?post=29316"},{"taxonomy":"product_cat","embeddable":true,"href":"https:\/\/kullanatcarsi.com\/en\/wp-json\/wp\/v2\/product_cat?post=29316"},{"taxonomy":"product_tag","embeddable":true,"href":"https:\/\/kullanatcarsi.com\/en\/wp-json\/wp\/v2\/product_tag?post=29316"}],"curies":[{"name":"wp","href":"https:\/\/api.w.org\/{rel}","templated":true}]}}