{"id":29322,"date":"2025-11-27T15:31:01","date_gmt":"2025-11-27T12:31:01","guid":{"rendered":"https:\/\/kullanatcarsi.com\/?post_type=product&#038;p=29322"},"modified":"2025-12-16T12:20:26","modified_gmt":"2025-12-16T09:20:26","slug":"aluminyum-kase-1000-gr-100-adet","status":"publish","type":"product","link":"https:\/\/kullanatcarsi.com\/en\/product\/aluminyum-kase-1000-gr-100-adet\/","title":{"rendered":"-100 Pieces aluminum Bowl 1000 G"},"content":{"rendered":"<p>Taban geni\u015fli\u011fi 18&#215;11,6 cm ebatlar\u0131nda,\u00a0a\u011f\u0131z k\u0131sm\u0131 21,8&#215;15,5\u00a0geni\u015fli\u011finde, 4\u00a0cm y\u00fcksekli\u011finde ve toplam 950 cc hacminde al\u00fcminyum kase. 1000gr al\u00fcminyum kaseler dikd\u00f6rtgen ve geni\u015f hacimli olmalar\u0131 nedeniyle kebap, et ve \u015fnitzel gibi et yemeklerinin paket servisi i\u00e7in idealdir.<\/p>\n<p>Y\u00fcksek \u0131s\u0131ya dayan\u0131kl\u0131 (+350\u00b0C) olmas\u0131 al\u00fcminyum kaselerin f\u0131r\u0131nda kullan\u0131m\u0131na olanak sa\u011flamaktad\u0131r.<\/p>","protected":false},"excerpt":{"rendered":"<p>Taban geni\u015fli\u011fi 18&#215;11,6 cm ebatlar\u0131nda,\u00a0a\u011f\u0131z k\u0131sm\u0131 21,8&#215;15,5\u00a0geni\u015fli\u011finde, 4\u00a0cm y\u00fcksekli\u011finde ve toplam 950 cc hacminde al\u00fcminyum kase. 1000gr al\u00fcminyum kaseler dikd\u00f6rtgen<\/p>","protected":false},"featured_media":29776,"comment_status":"open","ping_status":"closed","template":"","meta":{"_joinchat":[]},"product_brand":[137],"product_cat":[81,23],"product_tag":[115,104],"class_list":{"0":"post-29322","1":"product","2":"type-product","3":"status-publish","4":"has-post-thumbnail","6":"product_brand-irmak-ambalaj","7":"product_cat-aluminyum-kaplar","8":"product_cat-gida-kaplari","9":"product_tag-aluminyum-kaplar","10":"product_tag-gida-kaplari","11":"tm-has-styled-variations","12":"tm-variations-only","14":"first","15":"instock","16":"taxable","17":"shipping-taxable","18":"purchasable","19":"product-type-variable","20":"has-default-attributes"},"_links":{"self":[{"href":"https:\/\/kullanatcarsi.com\/en\/wp-json\/wp\/v2\/product\/29322","targetHints":{"allow":["GET"]}}],"collection":[{"href":"https:\/\/kullanatcarsi.com\/en\/wp-json\/wp\/v2\/product"}],"about":[{"href":"https:\/\/kullanatcarsi.com\/en\/wp-json\/wp\/v2\/types\/product"}],"replies":[{"embeddable":true,"href":"https:\/\/kullanatcarsi.com\/en\/wp-json\/wp\/v2\/comments?post=29322"}],"version-history":[{"count":0,"href":"https:\/\/kullanatcarsi.com\/en\/wp-json\/wp\/v2\/product\/29322\/revisions"}],"wp:featuredmedia":[{"embeddable":true,"href":"https:\/\/kullanatcarsi.com\/en\/wp-json\/wp\/v2\/media\/29776"}],"wp:attachment":[{"href":"https:\/\/kullanatcarsi.com\/en\/wp-json\/wp\/v2\/media?parent=29322"}],"wp:term":[{"taxonomy":"product_brand","embeddable":true,"href":"https:\/\/kullanatcarsi.com\/en\/wp-json\/wp\/v2\/product_brand?post=29322"},{"taxonomy":"product_cat","embeddable":true,"href":"https:\/\/kullanatcarsi.com\/en\/wp-json\/wp\/v2\/product_cat?post=29322"},{"taxonomy":"product_tag","embeddable":true,"href":"https:\/\/kullanatcarsi.com\/en\/wp-json\/wp\/v2\/product_tag?post=29322"}],"curies":[{"name":"wp","href":"https:\/\/api.w.org\/{rel}","templated":true}]}}