{"id":29325,"date":"2025-11-27T15:32:19","date_gmt":"2025-11-27T12:32:19","guid":{"rendered":"https:\/\/kullanatcarsi.com\/?post_type=product&#038;p=29325"},"modified":"2025-12-16T12:32:04","modified_gmt":"2025-12-16T09:32:04","slug":"aluminyum-kase-750-gr-100-adet","status":"publish","type":"product","link":"https:\/\/kullanatcarsi.com\/en\/product\/aluminyum-kase-750-gr-100-adet\/","title":{"rendered":"750 GR -100 Pieces aluminum Bowl"},"content":{"rendered":"<p>22 x 12,7 geni\u015fli\u011finde, 3,3 cm derinli\u011finde ve toplam 650 cc hacminde al\u00fcminyum kase.<\/p>\n<p>Y\u00fcksek \u0131s\u0131ya dayan\u0131kl\u0131 (+350\u00b0C)\u00a0olmas\u0131 al\u00fcminyum kaselerin f\u0131r\u0131nda kullan\u0131m\u0131na olanak sa\u011flamaktad\u0131r.\u00a0Yemeklerin pi\u015firilmesi, saklanmas\u0131 veya servis edilmesi i\u00e7in kullan\u0131labilir.<\/p>","protected":false},"excerpt":{"rendered":"<p>22 x 12,7 geni\u015fli\u011finde, 3,3 cm derinli\u011finde ve toplam 650 cc hacminde al\u00fcminyum kase. Y\u00fcksek \u0131s\u0131ya dayan\u0131kl\u0131 (+350\u00b0C)\u00a0olmas\u0131 al\u00fcminyum kaselerin<\/p>","protected":false},"featured_media":29773,"comment_status":"open","ping_status":"closed","template":"","meta":{"_joinchat":[]},"product_brand":[137],"product_cat":[81,23],"product_tag":[115,104],"class_list":{"0":"post-29325","1":"product","2":"type-product","3":"status-publish","4":"has-post-thumbnail","6":"product_brand-irmak-ambalaj","7":"product_cat-aluminyum-kaplar","8":"product_cat-gida-kaplari","9":"product_tag-aluminyum-kaplar","10":"product_tag-gida-kaplari","11":"tm-has-styled-variations","12":"tm-variations-only","14":"first","15":"instock","16":"taxable","17":"shipping-taxable","18":"purchasable","19":"product-type-variable","20":"has-default-attributes"},"_links":{"self":[{"href":"https:\/\/kullanatcarsi.com\/en\/wp-json\/wp\/v2\/product\/29325","targetHints":{"allow":["GET"]}}],"collection":[{"href":"https:\/\/kullanatcarsi.com\/en\/wp-json\/wp\/v2\/product"}],"about":[{"href":"https:\/\/kullanatcarsi.com\/en\/wp-json\/wp\/v2\/types\/product"}],"replies":[{"embeddable":true,"href":"https:\/\/kullanatcarsi.com\/en\/wp-json\/wp\/v2\/comments?post=29325"}],"version-history":[{"count":0,"href":"https:\/\/kullanatcarsi.com\/en\/wp-json\/wp\/v2\/product\/29325\/revisions"}],"wp:featuredmedia":[{"embeddable":true,"href":"https:\/\/kullanatcarsi.com\/en\/wp-json\/wp\/v2\/media\/29773"}],"wp:attachment":[{"href":"https:\/\/kullanatcarsi.com\/en\/wp-json\/wp\/v2\/media?parent=29325"}],"wp:term":[{"taxonomy":"product_brand","embeddable":true,"href":"https:\/\/kullanatcarsi.com\/en\/wp-json\/wp\/v2\/product_brand?post=29325"},{"taxonomy":"product_cat","embeddable":true,"href":"https:\/\/kullanatcarsi.com\/en\/wp-json\/wp\/v2\/product_cat?post=29325"},{"taxonomy":"product_tag","embeddable":true,"href":"https:\/\/kullanatcarsi.com\/en\/wp-json\/wp\/v2\/product_tag?post=29325"}],"curies":[{"name":"wp","href":"https:\/\/api.w.org\/{rel}","templated":true}]}}