{"id":29344,"date":"2025-11-27T15:49:53","date_gmt":"2025-11-27T12:49:53","guid":{"rendered":"https:\/\/kullanatcarsi.com\/?post_type=product&#038;p=29344"},"modified":"2026-04-19T03:03:57","modified_gmt":"2026-04-19T00:03:57","slug":"14oz-kraft-double-wall-karton-bardak-ekstra-kalin","status":"publish","type":"product","link":"https:\/\/kullanatcarsi.com\/en\/product\/14oz-kraft-double-wall-karton-bardak-ekstra-kalin\/","title":{"rendered":"14oz double wall Cardboard Kraft Cups \u2013 extra thick"},"content":{"rendered":"<p>D\u0131\u015f taraf\u0131 geri d\u00f6n\u00fc\u015f\u00fcml\u00fc kraft kartondan, i\u00e7 taraf\u0131 beyaz kartondan, s\u0131cak i\u00e7eceklerde kullan\u0131ma uygun, 14\u00a0oz (400ml) hacminde, 11cm y\u00fcksekli\u011finde double wall (\u00e7ift duvarl\u0131) karton bardak.<\/p>\n<p>\u00c7ift duvarl\u0131 yap\u0131s\u0131yla i\u00e7ece\u011fin s\u0131cakl\u0131\u011f\u0131n\u0131n hissedilmesini engeller. Kahve, sahlep ve \u00e7ay gibi s\u0131cak i\u00e7eceklerin i\u00e7imi i\u00e7in uygundur.<\/p>\n<p><strong>Kapak bardaktan ayr\u0131 sat\u0131lmaktad\u0131r.<\/strong><\/p>\n<p><strong>Kapak sipari\u015fi vermek i\u00e7in<\/strong>\u00a0<strong><a href=\"https:\/\/www.kullanatpazari.com\/urun\/14-16-oz-plastik-sicak-icecek-kapagi-beyaz\">14-16 oz S\u0131cak i\u00e7ecek Kapa\u011f\u0131 Beyaz<\/a><\/strong>\u00a0veya\u00a0<strong><a href=\"https:\/\/www.kullanatpazari.com\/urun\/14-16-oz-plastik-sicak-icecek-kapagi-siyah\">14-16 oz S\u0131cak i\u00e7ecek Kapa\u011f\u0131 Siyah<\/a><\/strong>\u00a0<strong>linklerini t\u0131klayabilirsiniz.<\/strong><\/p>\n<p>Kraft malzeme bardaklar\u0131n\u0131za do\u011fal ve kahve, \u00e7ay gibi i\u00e7eceklerle do\u011fal ve \u015f\u0131k bir g\u00f6r\u00fcn\u00fcm sunar.<\/p>\n<p>\u00c7ift duvarl\u0131 yap\u0131s\u0131 ile bardak k\u0131l\u0131f\u0131 kullanman\u0131za ihtiya\u00e7 olmaz.<\/p>","protected":false},"excerpt":{"rendered":"<p>D\u0131\u015f taraf\u0131 geri d\u00f6n\u00fc\u015f\u00fcml\u00fc kraft kartondan, i\u00e7 taraf\u0131 beyaz kartondan, s\u0131cak i\u00e7eceklerde kullan\u0131ma uygun, 14\u00a0oz (400ml) hacminde, 11cm y\u00fcksekli\u011finde double<\/p>","protected":false},"featured_media":29756,"comment_status":"open","ping_status":"closed","template":"","meta":{"_joinchat":[]},"product_brand":[137],"product_cat":[31,143,83],"product_tag":[105,156,117],"class_list":{"0":"post-29344","1":"product","2":"type-product","3":"status-publish","4":"has-post-thumbnail","6":"product_brand-irmak-ambalaj","7":"product_cat-bardaklar","8":"product_cat-cift-duvarli-bardaklar","9":"product_cat-karton-bardaklar","10":"product_tag-bardaklar","11":"product_tag-cift-duvarli-bardaklar","12":"product_tag-karton-bardaklar","13":"tm-has-styled-variations","14":"tm-variations-only","16":"first","17":"instock","18":"taxable","19":"shipping-taxable","20":"purchasable","21":"product-type-variable","22":"has-default-attributes"},"_links":{"self":[{"href":"https:\/\/kullanatcarsi.com\/en\/wp-json\/wp\/v2\/product\/29344","targetHints":{"allow":["GET"]}}],"collection":[{"href":"https:\/\/kullanatcarsi.com\/en\/wp-json\/wp\/v2\/product"}],"about":[{"href":"https:\/\/kullanatcarsi.com\/en\/wp-json\/wp\/v2\/types\/product"}],"replies":[{"embeddable":true,"href":"https:\/\/kullanatcarsi.com\/en\/wp-json\/wp\/v2\/comments?post=29344"}],"version-history":[{"count":0,"href":"https:\/\/kullanatcarsi.com\/en\/wp-json\/wp\/v2\/product\/29344\/revisions"}],"wp:featuredmedia":[{"embeddable":true,"href":"https:\/\/kullanatcarsi.com\/en\/wp-json\/wp\/v2\/media\/29756"}],"wp:attachment":[{"href":"https:\/\/kullanatcarsi.com\/en\/wp-json\/wp\/v2\/media?parent=29344"}],"wp:term":[{"taxonomy":"product_brand","embeddable":true,"href":"https:\/\/kullanatcarsi.com\/en\/wp-json\/wp\/v2\/product_brand?post=29344"},{"taxonomy":"product_cat","embeddable":true,"href":"https:\/\/kullanatcarsi.com\/en\/wp-json\/wp\/v2\/product_cat?post=29344"},{"taxonomy":"product_tag","embeddable":true,"href":"https:\/\/kullanatcarsi.com\/en\/wp-json\/wp\/v2\/product_tag?post=29344"}],"curies":[{"name":"wp","href":"https:\/\/api.w.org\/{rel}","templated":true}]}}