{"id":29350,"date":"2025-11-27T15:53:22","date_gmt":"2025-11-27T12:53:22","guid":{"rendered":"https:\/\/kullanatcarsi.com\/?post_type=product&#038;p=29350"},"modified":"2026-01-01T16:27:17","modified_gmt":"2026-01-01T13:27:17","slug":"kristal-bardak-180cc","status":"publish","type":"product","link":"https:\/\/kullanatcarsi.com\/en\/product\/kristal-bardak-180cc\/","title":{"rendered":"Kristal Bardak 180cc"},"content":{"rendered":"<p>180 cc hacminde, tek kullan\u0131ml\u0131k, sert plastikten \u00fcretilmi\u015f, plastik bardak. Sert plastikten olmas\u0131 sayesinde \u00e7ay, kahve gibi s\u0131cak i\u00e7ecekler i\u00e7in uygundur.<\/p>\n<p>G\u0131da ile temasa uygun malzemeden \u00fcretilmi\u015ftir.<\/p>\n<p>&nbsp;<\/p>\n<p>Plaza, d\u00fc\u011f\u00fcn, davet, do\u011fum g\u00fcn\u00fc ve organizasyonlarda tek kullan\u0131ml\u0131k, hijyenik kullan\u0131ma ideal bardakt\u0131r.<\/p>","protected":false},"excerpt":{"rendered":"<p>180 cc hacminde, tek kullan\u0131ml\u0131k, sert plastikten \u00fcretilmi\u015f, plastik bardak. Sert plastikten olmas\u0131 sayesinde \u00e7ay, kahve gibi s\u0131cak i\u00e7ecekler i\u00e7in<\/p>","protected":false},"featured_media":29760,"comment_status":"open","ping_status":"closed","template":"","meta":{"_joinchat":[]},"product_brand":[137],"product_cat":[31,84,145],"product_tag":[105,118,153],"class_list":{"0":"post-29350","1":"product","2":"type-product","3":"status-publish","4":"has-post-thumbnail","6":"product_brand-irmak-ambalaj","7":"product_cat-bardaklar","8":"product_cat-plastik-bardaklar","9":"product_cat-soguk-icecek-bardaklari","10":"product_tag-bardaklar","11":"product_tag-plastik-bardaklar","12":"product_tag-soguk-icecek-bardaklari","13":"tm-has-styled-variations","14":"tm-variations-only","16":"first","17":"instock","18":"taxable","19":"shipping-taxable","20":"purchasable","21":"product-type-variable","22":"has-default-attributes"},"_links":{"self":[{"href":"https:\/\/kullanatcarsi.com\/en\/wp-json\/wp\/v2\/product\/29350","targetHints":{"allow":["GET"]}}],"collection":[{"href":"https:\/\/kullanatcarsi.com\/en\/wp-json\/wp\/v2\/product"}],"about":[{"href":"https:\/\/kullanatcarsi.com\/en\/wp-json\/wp\/v2\/types\/product"}],"replies":[{"embeddable":true,"href":"https:\/\/kullanatcarsi.com\/en\/wp-json\/wp\/v2\/comments?post=29350"}],"version-history":[{"count":0,"href":"https:\/\/kullanatcarsi.com\/en\/wp-json\/wp\/v2\/product\/29350\/revisions"}],"wp:featuredmedia":[{"embeddable":true,"href":"https:\/\/kullanatcarsi.com\/en\/wp-json\/wp\/v2\/media\/29760"}],"wp:attachment":[{"href":"https:\/\/kullanatcarsi.com\/en\/wp-json\/wp\/v2\/media?parent=29350"}],"wp:term":[{"taxonomy":"product_brand","embeddable":true,"href":"https:\/\/kullanatcarsi.com\/en\/wp-json\/wp\/v2\/product_brand?post=29350"},{"taxonomy":"product_cat","embeddable":true,"href":"https:\/\/kullanatcarsi.com\/en\/wp-json\/wp\/v2\/product_cat?post=29350"},{"taxonomy":"product_tag","embeddable":true,"href":"https:\/\/kullanatcarsi.com\/en\/wp-json\/wp\/v2\/product_tag?post=29350"}],"curies":[{"name":"wp","href":"https:\/\/api.w.org\/{rel}","templated":true}]}}