{"id":29353,"date":"2025-11-27T15:55:39","date_gmt":"2025-11-27T12:55:39","guid":{"rendered":"https:\/\/kullanatcarsi.com\/?post_type=product&#038;p=29353"},"modified":"2026-01-01T15:25:47","modified_gmt":"2026-01-01T12:25:47","slug":"pet-bardak-14-oz-400-ml","status":"publish","type":"product","link":"https:\/\/kullanatcarsi.com\/en\/product\/pet-bardak-14-oz-400-ml\/","title":{"rendered":"Pet Bardak 14 oz (400 ml)"},"content":{"rendered":"<p>Pet Bardak 400 ml (14 oz) hacminde, PET malzemeden, \u015feffaf renkte, kullanat, plastik bardak ve kaliteli bardakt\u0131r.<\/p>\n<p><strong>Kapak ayr\u0131 sat\u0131lmaktad\u0131r<\/strong><\/p>","protected":false},"excerpt":{"rendered":"<p>Pet Bardak 400 ml (14 oz) hacminde, PET malzemeden, \u015feffaf renkte, kullanat, plastik bardak ve kaliteli bardakt\u0131r. Kapak ayr\u0131 sat\u0131lmaktad\u0131r<\/p>","protected":false},"featured_media":29761,"comment_status":"open","ping_status":"closed","template":"","meta":{"_joinchat":[]},"product_brand":[137],"product_cat":[31,84,145],"product_tag":[105,118,153],"class_list":{"0":"post-29353","1":"product","2":"type-product","3":"status-publish","4":"has-post-thumbnail","6":"product_brand-irmak-ambalaj","7":"product_cat-bardaklar","8":"product_cat-plastik-bardaklar","9":"product_cat-soguk-icecek-bardaklari","10":"product_tag-bardaklar","11":"product_tag-plastik-bardaklar","12":"product_tag-soguk-icecek-bardaklari","13":"tm-has-styled-variations","14":"tm-variations-only","16":"first","17":"instock","18":"taxable","19":"shipping-taxable","20":"purchasable","21":"product-type-variable","22":"has-default-attributes"},"_links":{"self":[{"href":"https:\/\/kullanatcarsi.com\/en\/wp-json\/wp\/v2\/product\/29353","targetHints":{"allow":["GET"]}}],"collection":[{"href":"https:\/\/kullanatcarsi.com\/en\/wp-json\/wp\/v2\/product"}],"about":[{"href":"https:\/\/kullanatcarsi.com\/en\/wp-json\/wp\/v2\/types\/product"}],"replies":[{"embeddable":true,"href":"https:\/\/kullanatcarsi.com\/en\/wp-json\/wp\/v2\/comments?post=29353"}],"version-history":[{"count":0,"href":"https:\/\/kullanatcarsi.com\/en\/wp-json\/wp\/v2\/product\/29353\/revisions"}],"wp:featuredmedia":[{"embeddable":true,"href":"https:\/\/kullanatcarsi.com\/en\/wp-json\/wp\/v2\/media\/29761"}],"wp:attachment":[{"href":"https:\/\/kullanatcarsi.com\/en\/wp-json\/wp\/v2\/media?parent=29353"}],"wp:term":[{"taxonomy":"product_brand","embeddable":true,"href":"https:\/\/kullanatcarsi.com\/en\/wp-json\/wp\/v2\/product_brand?post=29353"},{"taxonomy":"product_cat","embeddable":true,"href":"https:\/\/kullanatcarsi.com\/en\/wp-json\/wp\/v2\/product_cat?post=29353"},{"taxonomy":"product_tag","embeddable":true,"href":"https:\/\/kullanatcarsi.com\/en\/wp-json\/wp\/v2\/product_tag?post=29353"}],"curies":[{"name":"wp","href":"https:\/\/api.w.org\/{rel}","templated":true}]}}