{"id":29356,"date":"2025-11-27T15:56:32","date_gmt":"2025-11-27T12:56:32","guid":{"rendered":"https:\/\/kullanatcarsi.com\/?post_type=product&#038;p=29356"},"modified":"2026-01-01T15:37:32","modified_gmt":"2026-01-01T12:37:32","slug":"pet-bardak-12-oz-350-ml","status":"publish","type":"product","link":"https:\/\/kullanatcarsi.com\/en\/product\/pet-bardak-12-oz-350-ml\/","title":{"rendered":"Pet Bardak 12 oz (350 ml)"},"content":{"rendered":"<p>Pet Bardak 350 ml (12\u00a0oz) hacminde, PET malzemeden, \u015feffaf renkte, kullan at,\u00a0plastik\u00a0ve kaliteli bardakt\u0131r.<\/p>\n<p>&nbsp;<\/p>\n<p><strong>Kapak ayr\u0131 sat\u0131lmaktad\u0131r.\u00a0<\/strong><\/p>","protected":false},"excerpt":{"rendered":"<p>Pet Bardak 350 ml (12\u00a0oz) hacminde, PET malzemeden, \u015feffaf renkte, kullan at,\u00a0plastik\u00a0ve kaliteli bardakt\u0131r. &nbsp; Kapak ayr\u0131 sat\u0131lmaktad\u0131r.\u00a0<\/p>","protected":false},"featured_media":29762,"comment_status":"open","ping_status":"closed","template":"","meta":{"_joinchat":[]},"product_brand":[137],"product_cat":[31,84,145],"product_tag":[105,118,153],"class_list":{"0":"post-29356","1":"product","2":"type-product","3":"status-publish","4":"has-post-thumbnail","6":"product_brand-irmak-ambalaj","7":"product_cat-bardaklar","8":"product_cat-plastik-bardaklar","9":"product_cat-soguk-icecek-bardaklari","10":"product_tag-bardaklar","11":"product_tag-plastik-bardaklar","12":"product_tag-soguk-icecek-bardaklari","13":"tm-has-styled-variations","14":"tm-variations-only","16":"first","17":"instock","18":"taxable","19":"shipping-taxable","20":"purchasable","21":"product-type-variable","22":"has-default-attributes"},"_links":{"self":[{"href":"https:\/\/kullanatcarsi.com\/en\/wp-json\/wp\/v2\/product\/29356","targetHints":{"allow":["GET"]}}],"collection":[{"href":"https:\/\/kullanatcarsi.com\/en\/wp-json\/wp\/v2\/product"}],"about":[{"href":"https:\/\/kullanatcarsi.com\/en\/wp-json\/wp\/v2\/types\/product"}],"replies":[{"embeddable":true,"href":"https:\/\/kullanatcarsi.com\/en\/wp-json\/wp\/v2\/comments?post=29356"}],"version-history":[{"count":0,"href":"https:\/\/kullanatcarsi.com\/en\/wp-json\/wp\/v2\/product\/29356\/revisions"}],"wp:featuredmedia":[{"embeddable":true,"href":"https:\/\/kullanatcarsi.com\/en\/wp-json\/wp\/v2\/media\/29762"}],"wp:attachment":[{"href":"https:\/\/kullanatcarsi.com\/en\/wp-json\/wp\/v2\/media?parent=29356"}],"wp:term":[{"taxonomy":"product_brand","embeddable":true,"href":"https:\/\/kullanatcarsi.com\/en\/wp-json\/wp\/v2\/product_brand?post=29356"},{"taxonomy":"product_cat","embeddable":true,"href":"https:\/\/kullanatcarsi.com\/en\/wp-json\/wp\/v2\/product_cat?post=29356"},{"taxonomy":"product_tag","embeddable":true,"href":"https:\/\/kullanatcarsi.com\/en\/wp-json\/wp\/v2\/product_tag?post=29356"}],"curies":[{"name":"wp","href":"https:\/\/api.w.org\/{rel}","templated":true}]}}