{"id":29366,"date":"2025-11-27T16:01:22","date_gmt":"2025-11-27T13:01:22","guid":{"rendered":"https:\/\/kullanatcarsi.com\/?post_type=product&#038;p=29366"},"modified":"2026-01-01T17:04:54","modified_gmt":"2026-01-01T14:04:54","slug":"siyah-plastik-pipet-100-adet","status":"publish","type":"product","link":"https:\/\/kullanatcarsi.com\/en\/product\/siyah-plastik-pipet-100-adet\/","title":{"rendered":"Siyah Plastik Pipet Jelatinsiz"},"content":{"rendered":"<p>Siyah Jelatinsiz Plastik Pipet 100\u00a0adetli paketlerde olarak sat\u0131lmaktad\u0131r.\u00a0Her t\u00fcrl\u00fc kokteyller ve buzlu i\u00e7eceklerin kullan\u0131m\u0131na uygundur.<\/p>","protected":false},"excerpt":{"rendered":"<p>Siyah Jelatinsiz Plastik Pipet 100\u00a0adetli paketlerde olarak sat\u0131lmaktad\u0131r.\u00a0Her t\u00fcrl\u00fc kokteyller ve buzlu i\u00e7eceklerin kullan\u0131m\u0131na uygundur.<\/p>","protected":false},"featured_media":29755,"comment_status":"open","ping_status":"closed","template":"","meta":{"_joinchat":[]},"product_brand":[137],"product_cat":[85,31,149],"product_tag":[119,105,150],"class_list":{"0":"post-29366","1":"product","2":"type-product","3":"status-publish","4":"has-post-thumbnail","6":"product_brand-irmak-ambalaj","7":"product_cat-bardak-aksesuarlari","8":"product_cat-bardaklar","9":"product_cat-pipetler","10":"product_tag-bardak-aksesuarlari","11":"product_tag-bardaklar","12":"product_tag-pipetler","13":"tm-has-styled-variations","14":"tm-variations-only","16":"first","17":"outofstock","18":"taxable","19":"shipping-taxable","20":"purchasable","21":"product-type-variable","22":"has-default-attributes"},"_links":{"self":[{"href":"https:\/\/kullanatcarsi.com\/en\/wp-json\/wp\/v2\/product\/29366","targetHints":{"allow":["GET"]}}],"collection":[{"href":"https:\/\/kullanatcarsi.com\/en\/wp-json\/wp\/v2\/product"}],"about":[{"href":"https:\/\/kullanatcarsi.com\/en\/wp-json\/wp\/v2\/types\/product"}],"replies":[{"embeddable":true,"href":"https:\/\/kullanatcarsi.com\/en\/wp-json\/wp\/v2\/comments?post=29366"}],"version-history":[{"count":0,"href":"https:\/\/kullanatcarsi.com\/en\/wp-json\/wp\/v2\/product\/29366\/revisions"}],"wp:featuredmedia":[{"embeddable":true,"href":"https:\/\/kullanatcarsi.com\/en\/wp-json\/wp\/v2\/media\/29755"}],"wp:attachment":[{"href":"https:\/\/kullanatcarsi.com\/en\/wp-json\/wp\/v2\/media?parent=29366"}],"wp:term":[{"taxonomy":"product_brand","embeddable":true,"href":"https:\/\/kullanatcarsi.com\/en\/wp-json\/wp\/v2\/product_brand?post=29366"},{"taxonomy":"product_cat","embeddable":true,"href":"https:\/\/kullanatcarsi.com\/en\/wp-json\/wp\/v2\/product_cat?post=29366"},{"taxonomy":"product_tag","embeddable":true,"href":"https:\/\/kullanatcarsi.com\/en\/wp-json\/wp\/v2\/product_tag?post=29366"}],"curies":[{"name":"wp","href":"https:\/\/api.w.org\/{rel}","templated":true}]}}