{"id":29369,"date":"2025-11-27T16:02:35","date_gmt":"2025-11-27T13:02:35","guid":{"rendered":"https:\/\/kullanatcarsi.com\/?post_type=product&#038;p=29369"},"modified":"2026-01-01T17:00:58","modified_gmt":"2026-01-01T14:00:58","slug":"jelatinli-koruklu-renkli-frozen-pipet-100-adet","status":"publish","type":"product","link":"https:\/\/kullanatcarsi.com\/en\/product\/jelatinli-koruklu-renkli-frozen-pipet-100-adet\/","title":{"rendered":"Jelatinli K\u00f6r\u00fckl\u00fc Renkli Frozen Pipet"},"content":{"rendered":"<p><strong>Frozan Pipet Jelatin sarg\u0131l\u0131 100\u00a0adetli paketlerde kar\u0131\u015f\u0131k renkli olarak sat\u0131lmaktad\u0131r.\u00a0<\/strong><strong>Her t\u00fcrl\u00fc kokteyller ve buzlu i\u00e7eceklerin kullan\u0131m\u0131na uygundur.\u00dcr\u00fcn renkleri farkl\u0131 olarak g\u00f6nderilebilir.<\/strong><\/p>","protected":false},"excerpt":{"rendered":"<p>Frozan Pipet Jelatin sarg\u0131l\u0131 100\u00a0adetli paketlerde kar\u0131\u015f\u0131k renkli olarak sat\u0131lmaktad\u0131r.\u00a0Her t\u00fcrl\u00fc kokteyller ve buzlu i\u00e7eceklerin kullan\u0131m\u0131na uygundur.\u00dcr\u00fcn renkleri farkl\u0131 olarak<\/p>","protected":false},"featured_media":29754,"comment_status":"open","ping_status":"closed","template":"","meta":{"_joinchat":[]},"product_brand":[137],"product_cat":[85,31,149],"product_tag":[119,105,150],"class_list":{"0":"post-29369","1":"product","2":"type-product","3":"status-publish","4":"has-post-thumbnail","6":"product_brand-irmak-ambalaj","7":"product_cat-bardak-aksesuarlari","8":"product_cat-bardaklar","9":"product_cat-pipetler","10":"product_tag-bardak-aksesuarlari","11":"product_tag-bardaklar","12":"product_tag-pipetler","13":"tm-has-styled-variations","14":"tm-variations-only","16":"first","17":"outofstock","18":"taxable","19":"shipping-taxable","20":"purchasable","21":"product-type-variable","22":"has-default-attributes"},"_links":{"self":[{"href":"https:\/\/kullanatcarsi.com\/en\/wp-json\/wp\/v2\/product\/29369","targetHints":{"allow":["GET"]}}],"collection":[{"href":"https:\/\/kullanatcarsi.com\/en\/wp-json\/wp\/v2\/product"}],"about":[{"href":"https:\/\/kullanatcarsi.com\/en\/wp-json\/wp\/v2\/types\/product"}],"replies":[{"embeddable":true,"href":"https:\/\/kullanatcarsi.com\/en\/wp-json\/wp\/v2\/comments?post=29369"}],"version-history":[{"count":0,"href":"https:\/\/kullanatcarsi.com\/en\/wp-json\/wp\/v2\/product\/29369\/revisions"}],"wp:featuredmedia":[{"embeddable":true,"href":"https:\/\/kullanatcarsi.com\/en\/wp-json\/wp\/v2\/media\/29754"}],"wp:attachment":[{"href":"https:\/\/kullanatcarsi.com\/en\/wp-json\/wp\/v2\/media?parent=29369"}],"wp:term":[{"taxonomy":"product_brand","embeddable":true,"href":"https:\/\/kullanatcarsi.com\/en\/wp-json\/wp\/v2\/product_brand?post=29369"},{"taxonomy":"product_cat","embeddable":true,"href":"https:\/\/kullanatcarsi.com\/en\/wp-json\/wp\/v2\/product_cat?post=29369"},{"taxonomy":"product_tag","embeddable":true,"href":"https:\/\/kullanatcarsi.com\/en\/wp-json\/wp\/v2\/product_tag?post=29369"}],"curies":[{"name":"wp","href":"https:\/\/api.w.org\/{rel}","templated":true}]}}