{"id":29372,"date":"2025-11-27T16:05:48","date_gmt":"2025-11-27T13:05:48","guid":{"rendered":"https:\/\/kullanatcarsi.com\/?post_type=product&#038;p=29372"},"modified":"2026-02-09T16:08:22","modified_gmt":"2026-02-09T13:08:22","slug":"samua-kraft-kese-kagidi-cizgili-16x28x7-cm","status":"publish","type":"product","link":"https:\/\/kullanatcarsi.com\/en\/product\/samua-kraft-kese-kagidi-cizgili-16x28x7-cm\/","title":{"rendered":"\u015eamua Kraft Kese Ka\u011f\u0131d\u0131 \u00c7izgili 16x28x7 cm 10 KG"},"content":{"rendered":"<p>\u015eamua\u00a0Kraft Kese Ka\u011f\u0131d\u0131 500gr (Ekmek Kese Ka\u011f\u0131d\u0131)<\/p>\n<p>\u00b7\u00a0\u00a0\u00a0\u00a0\u00a0\u00a0\u00d6l\u00e7\u00fcler:\u00a016 x\u00a028 x\u00a07cm (En \u2013 Boy \u2013 K\u00f6r\u00fck )<\/p>\n<p>\u00b7\u00a0\u00a0\u00a0\u00a0\u00a0\u00a0\u00a0Dipsiz &#8211; Kahverengi Kraft\u00a0\u00a0&#8211; 40 gr\/m2\u00a0recycle kraft ka\u011f\u0131ttan \u00fcretilmi\u015ftir<\/p>\n<ul>\n<li>Tek kullan\u0131ml\u0131k g\u0131daya uygun ka\u011f\u0131ttan \u00fcretilmi\u015ftir. Ekmek Kese Ka\u011f\u0131d\u0131 olarak kullan\u0131ma uygundur.<\/li>\n<\/ul>","protected":false},"excerpt":{"rendered":"<p>\u015eamua\u00a0Kraft Kese Ka\u011f\u0131d\u0131 500gr (Ekmek Kese Ka\u011f\u0131d\u0131) \u00b7\u00a0\u00a0\u00a0\u00a0\u00a0\u00a0\u00d6l\u00e7\u00fcler:\u00a016 x\u00a028 x\u00a07cm (En \u2013 Boy \u2013 K\u00f6r\u00fck ) \u00b7\u00a0\u00a0\u00a0\u00a0\u00a0\u00a0\u00a0Dipsiz &#8211; Kahverengi Kraft\u00a0\u00a0&#8211;<\/p>","protected":false},"featured_media":29826,"comment_status":"open","ping_status":"closed","template":"","meta":{"_joinchat":[]},"product_brand":[137],"product_cat":[30],"product_tag":[106],"class_list":{"0":"post-29372","1":"product","2":"type-product","3":"status-publish","4":"has-post-thumbnail","6":"product_brand-irmak-ambalaj","7":"product_cat-kagit-cantalar-ve-kese-kagitlari","8":"product_tag-kagit-canta-ve-kese-kagitlari","9":"tm-has-styled-variations","10":"tm-variations-only","12":"first","13":"instock","14":"taxable","15":"shipping-taxable","16":"purchasable","17":"product-type-variable","18":"has-default-attributes"},"_links":{"self":[{"href":"https:\/\/kullanatcarsi.com\/en\/wp-json\/wp\/v2\/product\/29372","targetHints":{"allow":["GET"]}}],"collection":[{"href":"https:\/\/kullanatcarsi.com\/en\/wp-json\/wp\/v2\/product"}],"about":[{"href":"https:\/\/kullanatcarsi.com\/en\/wp-json\/wp\/v2\/types\/product"}],"replies":[{"embeddable":true,"href":"https:\/\/kullanatcarsi.com\/en\/wp-json\/wp\/v2\/comments?post=29372"}],"version-history":[{"count":1,"href":"https:\/\/kullanatcarsi.com\/en\/wp-json\/wp\/v2\/product\/29372\/revisions"}],"predecessor-version":[{"id":30395,"href":"https:\/\/kullanatcarsi.com\/en\/wp-json\/wp\/v2\/product\/29372\/revisions\/30395"}],"wp:featuredmedia":[{"embeddable":true,"href":"https:\/\/kullanatcarsi.com\/en\/wp-json\/wp\/v2\/media\/29826"}],"wp:attachment":[{"href":"https:\/\/kullanatcarsi.com\/en\/wp-json\/wp\/v2\/media?parent=29372"}],"wp:term":[{"taxonomy":"product_brand","embeddable":true,"href":"https:\/\/kullanatcarsi.com\/en\/wp-json\/wp\/v2\/product_brand?post=29372"},{"taxonomy":"product_cat","embeddable":true,"href":"https:\/\/kullanatcarsi.com\/en\/wp-json\/wp\/v2\/product_cat?post=29372"},{"taxonomy":"product_tag","embeddable":true,"href":"https:\/\/kullanatcarsi.com\/en\/wp-json\/wp\/v2\/product_tag?post=29372"}],"curies":[{"name":"wp","href":"https:\/\/api.w.org\/{rel}","templated":true}]}}