{"id":29382,"date":"2025-11-27T16:09:35","date_gmt":"2025-11-27T13:09:35","guid":{"rendered":"https:\/\/kullanatcarsi.com\/?post_type=product&#038;p=29382"},"modified":"2026-02-09T16:02:00","modified_gmt":"2026-02-09T13:02:00","slug":"kraft-kese-kagidi-catal-kasik-cizgili-samua-8x27cm","status":"publish","type":"product","link":"https:\/\/kullanatcarsi.com\/en\/product\/kraft-kese-kagidi-catal-kasik-cizgili-samua-8x27cm\/","title":{"rendered":"Kraft Kese Ka\u011f\u0131d\u0131 \u00c7atal Ka\u015f\u0131k \u00c7izgili \u015eamua 8x27cm 10 KG"},"content":{"rendered":"<p>Kraft \u015eamua \u00c7atal Ka\u015f\u0131k Kese Ka\u011f\u0131d\u0131<\/p>\n<ul>\n<li>\u00d6l\u00e7\u00fc : 8x28cm<\/li>\n<\/ul>\n<p>40 gr \u015famua ka\u011f\u0131ttan \u00fcretilen \u00e7atal ka\u015f\u0131k kese ka\u011f\u0131d\u0131 servislerde hijyen ve \u015f\u0131k bir sunum sa\u011flar.sa\u011flar.Restaurant ve cafelerde kullan\u0131ma uygundur.<\/p>","protected":false},"excerpt":{"rendered":"<p>Kraft \u015eamua \u00c7atal Ka\u015f\u0131k Kese Ka\u011f\u0131d\u0131 \u00d6l\u00e7\u00fc : 8x28cm 40 gr \u015famua ka\u011f\u0131ttan \u00fcretilen \u00e7atal ka\u015f\u0131k kese ka\u011f\u0131d\u0131 servislerde hijyen<\/p>","protected":false},"featured_media":29842,"comment_status":"open","ping_status":"closed","template":"","meta":{"_joinchat":[]},"product_brand":[137],"product_cat":[30],"product_tag":[106],"class_list":{"0":"post-29382","1":"product","2":"type-product","3":"status-publish","4":"has-post-thumbnail","6":"product_brand-irmak-ambalaj","7":"product_cat-kagit-cantalar-ve-kese-kagitlari","8":"product_tag-kagit-canta-ve-kese-kagitlari","9":"tm-has-styled-variations","10":"tm-variations-only","12":"first","13":"instock","14":"taxable","15":"shipping-taxable","16":"purchasable","17":"product-type-variable","18":"has-default-attributes"},"_links":{"self":[{"href":"https:\/\/kullanatcarsi.com\/en\/wp-json\/wp\/v2\/product\/29382","targetHints":{"allow":["GET"]}}],"collection":[{"href":"https:\/\/kullanatcarsi.com\/en\/wp-json\/wp\/v2\/product"}],"about":[{"href":"https:\/\/kullanatcarsi.com\/en\/wp-json\/wp\/v2\/types\/product"}],"replies":[{"embeddable":true,"href":"https:\/\/kullanatcarsi.com\/en\/wp-json\/wp\/v2\/comments?post=29382"}],"version-history":[{"count":1,"href":"https:\/\/kullanatcarsi.com\/en\/wp-json\/wp\/v2\/product\/29382\/revisions"}],"predecessor-version":[{"id":30392,"href":"https:\/\/kullanatcarsi.com\/en\/wp-json\/wp\/v2\/product\/29382\/revisions\/30392"}],"wp:featuredmedia":[{"embeddable":true,"href":"https:\/\/kullanatcarsi.com\/en\/wp-json\/wp\/v2\/media\/29842"}],"wp:attachment":[{"href":"https:\/\/kullanatcarsi.com\/en\/wp-json\/wp\/v2\/media?parent=29382"}],"wp:term":[{"taxonomy":"product_brand","embeddable":true,"href":"https:\/\/kullanatcarsi.com\/en\/wp-json\/wp\/v2\/product_brand?post=29382"},{"taxonomy":"product_cat","embeddable":true,"href":"https:\/\/kullanatcarsi.com\/en\/wp-json\/wp\/v2\/product_cat?post=29382"},{"taxonomy":"product_tag","embeddable":true,"href":"https:\/\/kullanatcarsi.com\/en\/wp-json\/wp\/v2\/product_tag?post=29382"}],"curies":[{"name":"wp","href":"https:\/\/api.w.org\/{rel}","templated":true}]}}