{"id":29401,"date":"2025-11-27T16:16:32","date_gmt":"2025-11-27T13:16:32","guid":{"rendered":"https:\/\/kullanatcarsi.com\/?post_type=product&#038;p=29401"},"modified":"2025-12-27T18:03:13","modified_gmt":"2025-12-27T15:03:13","slug":"burgu-sapli-kraft-canta-mini-boy-20x10x27-cm","status":"publish","type":"product","link":"https:\/\/kullanatcarsi.com\/en\/product\/burgu-sapli-kraft-canta-mini-boy-20x10x27-cm\/","title":{"rendered":"Burgu Sapl\u0131 Kraft \u00c7anta Mini Boy 20x10x27 cm"},"content":{"rendered":"<p>20 cm eninde, 27\u00a0cm boyunda ve 10\u00a0cm taban geni\u015fli\u011finde, bask\u0131s\u0131z, burgu sapl\u0131, 100 gr ka\u011f\u0131ttan kaliteli, mini boy\u00a0 kraft ka\u011f\u0131t \u00e7anta.<\/p>\n<p>Restaurant ve cafelerin paket servislerinde, hediyelik e\u015fya ma\u011fazalar\u0131nda kaliteli ve kal\u0131n malzemeden \u00fcretildi\u011fi i\u00e7in \u015f\u0131k ve g\u00fcvenilir ta\u015f\u0131ma sa\u011flar.<\/p>\n<p>Geri d\u00f6n\u00fc\u015f\u00fcm\u00fc yap\u0131labilen do\u011fa dostu bir \u00fcr\u00fcnd\u00fcr.<\/p>","protected":false},"excerpt":{"rendered":"<p>20 cm eninde, 27\u00a0cm boyunda ve 10\u00a0cm taban geni\u015fli\u011finde, bask\u0131s\u0131z, burgu sapl\u0131, 100 gr ka\u011f\u0131ttan kaliteli, mini boy\u00a0 kraft ka\u011f\u0131t<\/p>","protected":false},"featured_media":29832,"comment_status":"open","ping_status":"closed","template":"","meta":{"_joinchat":[]},"product_brand":[137],"product_cat":[30],"product_tag":[106],"class_list":{"0":"post-29401","1":"product","2":"type-product","3":"status-publish","4":"has-post-thumbnail","6":"product_brand-irmak-ambalaj","7":"product_cat-kagit-cantalar-ve-kese-kagitlari","8":"product_tag-kagit-canta-ve-kese-kagitlari","9":"tm-has-styled-variations","10":"tm-variations-only","12":"first","13":"instock","14":"taxable","15":"shipping-taxable","16":"purchasable","17":"product-type-variable","18":"has-default-attributes"},"_links":{"self":[{"href":"https:\/\/kullanatcarsi.com\/en\/wp-json\/wp\/v2\/product\/29401","targetHints":{"allow":["GET"]}}],"collection":[{"href":"https:\/\/kullanatcarsi.com\/en\/wp-json\/wp\/v2\/product"}],"about":[{"href":"https:\/\/kullanatcarsi.com\/en\/wp-json\/wp\/v2\/types\/product"}],"replies":[{"embeddable":true,"href":"https:\/\/kullanatcarsi.com\/en\/wp-json\/wp\/v2\/comments?post=29401"}],"version-history":[{"count":0,"href":"https:\/\/kullanatcarsi.com\/en\/wp-json\/wp\/v2\/product\/29401\/revisions"}],"wp:featuredmedia":[{"embeddable":true,"href":"https:\/\/kullanatcarsi.com\/en\/wp-json\/wp\/v2\/media\/29832"}],"wp:attachment":[{"href":"https:\/\/kullanatcarsi.com\/en\/wp-json\/wp\/v2\/media?parent=29401"}],"wp:term":[{"taxonomy":"product_brand","embeddable":true,"href":"https:\/\/kullanatcarsi.com\/en\/wp-json\/wp\/v2\/product_brand?post=29401"},{"taxonomy":"product_cat","embeddable":true,"href":"https:\/\/kullanatcarsi.com\/en\/wp-json\/wp\/v2\/product_cat?post=29401"},{"taxonomy":"product_tag","embeddable":true,"href":"https:\/\/kullanatcarsi.com\/en\/wp-json\/wp\/v2\/product_tag?post=29401"}],"curies":[{"name":"wp","href":"https:\/\/api.w.org\/{rel}","templated":true}]}}