{"id":29404,"date":"2025-11-27T16:17:28","date_gmt":"2025-11-27T13:17:28","guid":{"rendered":"https:\/\/kullanatcarsi.com\/?post_type=product&#038;p=29404"},"modified":"2026-02-09T15:58:37","modified_gmt":"2026-02-09T12:58:37","slug":"icten-duz-sapli-kraft-canta-32x21x26","status":"publish","type":"product","link":"https:\/\/kullanatcarsi.com\/en\/product\/icten-duz-sapli-kraft-canta-32x21x26\/","title":{"rendered":"\u0130\u00e7ten D\u00fcz Sapl\u0131 Kraft \u00c7anta 32X21X26"},"content":{"rendered":"<p>\u00dcR\u00dcN \u00d6L\u00c7\u00dcLER\u0130: 32 CM EN X 21CM K\u00d6R\u00dcK X 26 CM BOY<\/p>\n<p>Cardboard Kraft Bags: Package Service For Both An Aesthetic And Practical Solution!<\/p>\n<p>Choosing the right packaging for takeaway businesses that provide services only to ensure safe handling of the product, but also will strengthen the brand image. Cardboard, Kraft bags, aesthetic, eco-friendly and durable construction with a quality experience to your customers while adding value to your business. Which is both visually appealing and functional Kraft bags, takeaway packaging products is one of the most preferred services.<\/p>\n<h3>Areas Of Use Of The Bag Kraft Cardboard<\/h3>\n<ol>\n<li>Restaurants and cafes:<br \/>\nProvides an ideal solution for transporting food in a manner that is safe and stylish. Allows it to be transported in a safe manner both hot food and drinks.<\/li>\n<li>Takeaway and fast service:<br \/>\nBy offering practical and environmentally friendly alternative packaging to your customers, that you can use for any order takeaway is a great option.<\/li>\n<li>Activities and Organizations:<br \/>\nWeddings, catering services for parties and other events are used. Cardboard Kraft bags, gives a presentation at events especially frequent, and strengthens your brand image.<\/li>\n<li>Market and Deli:<br \/>\nPerforms the transport of packaged products in a manner that is safe and aesthetic. A variety of sizes thanks to the non-food products can be used for.<\/li>\n<li>For home and office use:<br \/>\nDaily transportation needs, which is ideal for office lunches or kraft bags, with strong structure safely carries all kinds of products.<\/li>\n<\/ol>","protected":false},"excerpt":{"rendered":"<p>\u00dcR\u00dcN \u00d6L\u00c7\u00dcLER\u0130: 32 CM EN X 21CM K\u00d6R\u00dcK X 26 CM BOY Kraft Karton \u00c7antalar: Paket Servisiniz \u0130\u00e7in Hem Estetik<\/p>","protected":false},"featured_media":29830,"comment_status":"open","ping_status":"closed","template":"","meta":{"_joinchat":[]},"product_brand":[137],"product_cat":[30],"product_tag":[106],"class_list":{"0":"post-29404","1":"product","2":"type-product","3":"status-publish","4":"has-post-thumbnail","6":"product_brand-irmak-ambalaj","7":"product_cat-kagit-cantalar-ve-kese-kagitlari","8":"product_tag-kagit-canta-ve-kese-kagitlari","9":"tm-has-styled-variations","10":"tm-variations-only","12":"first","13":"instock","14":"taxable","15":"shipping-taxable","16":"purchasable","17":"product-type-variable","18":"has-default-attributes"},"_links":{"self":[{"href":"https:\/\/kullanatcarsi.com\/en\/wp-json\/wp\/v2\/product\/29404","targetHints":{"allow":["GET"]}}],"collection":[{"href":"https:\/\/kullanatcarsi.com\/en\/wp-json\/wp\/v2\/product"}],"about":[{"href":"https:\/\/kullanatcarsi.com\/en\/wp-json\/wp\/v2\/types\/product"}],"replies":[{"embeddable":true,"href":"https:\/\/kullanatcarsi.com\/en\/wp-json\/wp\/v2\/comments?post=29404"}],"version-history":[{"count":1,"href":"https:\/\/kullanatcarsi.com\/en\/wp-json\/wp\/v2\/product\/29404\/revisions"}],"predecessor-version":[{"id":30391,"href":"https:\/\/kullanatcarsi.com\/en\/wp-json\/wp\/v2\/product\/29404\/revisions\/30391"}],"wp:featuredmedia":[{"embeddable":true,"href":"https:\/\/kullanatcarsi.com\/en\/wp-json\/wp\/v2\/media\/29830"}],"wp:attachment":[{"href":"https:\/\/kullanatcarsi.com\/en\/wp-json\/wp\/v2\/media?parent=29404"}],"wp:term":[{"taxonomy":"product_brand","embeddable":true,"href":"https:\/\/kullanatcarsi.com\/en\/wp-json\/wp\/v2\/product_brand?post=29404"},{"taxonomy":"product_cat","embeddable":true,"href":"https:\/\/kullanatcarsi.com\/en\/wp-json\/wp\/v2\/product_cat?post=29404"},{"taxonomy":"product_tag","embeddable":true,"href":"https:\/\/kullanatcarsi.com\/en\/wp-json\/wp\/v2\/product_tag?post=29404"}],"curies":[{"name":"wp","href":"https:\/\/api.w.org\/{rel}","templated":true}]}}