{"id":29413,"date":"2025-11-27T16:20:50","date_gmt":"2025-11-27T13:20:50","guid":{"rendered":"https:\/\/kullanatcarsi.com\/?post_type=product&#038;p=29413"},"modified":"2026-02-09T15:35:53","modified_gmt":"2026-02-09T12:35:53","slug":"duz-distan-sapli-kraft-canta-26-x-29-x-14cm","status":"publish","type":"product","link":"https:\/\/kullanatcarsi.com\/en\/product\/duz-distan-sapli-kraft-canta-26-x-29-x-14cm\/","title":{"rendered":"\u0130\u00e7ten Sapl\u0131 Kraft Ka\u011f\u0131t \u00c7anta 26 x 29 x 14 cm"},"content":{"rendered":"<p>\u0130\u00e7ten Sapl\u0131 Kraft \u00c7anta 26\u00a0x 29\u00a0x 14cm<\/p>\n<ul>\n<li>26x29x14\u00a0cm boyutlar\u0131nda, \u00e7evre dostu kraft ka\u011f\u0131ttan \u00fcretilmi\u015ftir.<\/li>\n<li>\u0130\u00e7ten sapl\u0131 tasar\u0131m\u0131 ile rahat ta\u015f\u0131nabilir ve kullan\u0131m kolayl\u0131\u011f\u0131 sa\u011flar.<\/li>\n<li>Hafif ama dayan\u0131kl\u0131 yap\u0131s\u0131 ile ideal ta\u015f\u0131ma \u00e7\u00f6z\u00fcm\u00fc sunar.<\/li>\n<\/ul>","protected":false},"excerpt":{"rendered":"<p>\u0130\u00e7ten Sapl\u0131 Kraft \u00c7anta 26\u00a0x 29\u00a0x 14cm 26x29x14\u00a0cm boyutlar\u0131nda, \u00e7evre dostu kraft ka\u011f\u0131ttan \u00fcretilmi\u015ftir. \u0130\u00e7ten sapl\u0131 tasar\u0131m\u0131 ile rahat ta\u015f\u0131nabilir<\/p>","protected":false},"featured_media":29843,"comment_status":"open","ping_status":"closed","template":"","meta":{"_joinchat":[]},"product_brand":[137],"product_cat":[30],"product_tag":[106],"class_list":{"0":"post-29413","1":"product","2":"type-product","3":"status-publish","4":"has-post-thumbnail","6":"product_brand-irmak-ambalaj","7":"product_cat-kagit-cantalar-ve-kese-kagitlari","8":"product_tag-kagit-canta-ve-kese-kagitlari","9":"tm-has-styled-variations","10":"tm-variations-only","12":"first","13":"instock","14":"taxable","15":"shipping-taxable","16":"purchasable","17":"product-type-variable","18":"has-default-attributes"},"_links":{"self":[{"href":"https:\/\/kullanatcarsi.com\/en\/wp-json\/wp\/v2\/product\/29413","targetHints":{"allow":["GET"]}}],"collection":[{"href":"https:\/\/kullanatcarsi.com\/en\/wp-json\/wp\/v2\/product"}],"about":[{"href":"https:\/\/kullanatcarsi.com\/en\/wp-json\/wp\/v2\/types\/product"}],"replies":[{"embeddable":true,"href":"https:\/\/kullanatcarsi.com\/en\/wp-json\/wp\/v2\/comments?post=29413"}],"version-history":[{"count":4,"href":"https:\/\/kullanatcarsi.com\/en\/wp-json\/wp\/v2\/product\/29413\/revisions"}],"predecessor-version":[{"id":30388,"href":"https:\/\/kullanatcarsi.com\/en\/wp-json\/wp\/v2\/product\/29413\/revisions\/30388"}],"wp:featuredmedia":[{"embeddable":true,"href":"https:\/\/kullanatcarsi.com\/en\/wp-json\/wp\/v2\/media\/29843"}],"wp:attachment":[{"href":"https:\/\/kullanatcarsi.com\/en\/wp-json\/wp\/v2\/media?parent=29413"}],"wp:term":[{"taxonomy":"product_brand","embeddable":true,"href":"https:\/\/kullanatcarsi.com\/en\/wp-json\/wp\/v2\/product_brand?post=29413"},{"taxonomy":"product_cat","embeddable":true,"href":"https:\/\/kullanatcarsi.com\/en\/wp-json\/wp\/v2\/product_cat?post=29413"},{"taxonomy":"product_tag","embeddable":true,"href":"https:\/\/kullanatcarsi.com\/en\/wp-json\/wp\/v2\/product_tag?post=29413"}],"curies":[{"name":"wp","href":"https:\/\/api.w.org\/{rel}","templated":true}]}}