{"id":29416,"date":"2025-11-27T16:21:46","date_gmt":"2025-11-27T13:21:46","guid":{"rendered":"https:\/\/kullanatcarsi.com\/?post_type=product&#038;p=29416"},"modified":"2026-02-09T14:55:36","modified_gmt":"2026-02-09T11:55:36","slug":"duz-distan-sapli-kraft-canta-22-x-28-x-12cm","status":"publish","type":"product","link":"https:\/\/kullanatcarsi.com\/en\/product\/duz-distan-sapli-kraft-canta-22-x-28-x-12cm\/","title":{"rendered":"D\u00fcz D\u0131\u015ftan Sapl\u0131 Kraft \u00c7anta 22 x 28 x 12cm"},"content":{"rendered":"<p>D\u00fcz D\u0131\u015ftan Sapl\u0131 Kraft \u00c7anta 22 x 28 x 12cm<\/p>\n<p>22x28x12 cm boyutlar\u0131nda, dayan\u0131kl\u0131 kraft malzemeden \u00fcretilmi\u015ftir.<br \/>\nD\u0131\u015ftan sapl\u0131 tasar\u0131m\u0131 sayesinde ta\u015f\u0131mas\u0131 kolay ve kullan\u0131\u015fl\u0131d\u0131r.<br \/>\nHafif ve sa\u011flam yap\u0131s\u0131yla, \u00e7e\u015fitli g\u00fcnl\u00fck ta\u015f\u0131ma ihtiya\u00e7lar\u0131n\u0131 kar\u015f\u0131layabilir.<\/p>","protected":false},"excerpt":{"rendered":"<p>D\u00fcz D\u0131\u015ftan Sapl\u0131 Kraft \u00c7anta 22 x 28 x 12cm 22x28x12 cm boyutlar\u0131nda, dayan\u0131kl\u0131 kraft malzemeden \u00fcretilmi\u015ftir. D\u0131\u015ftan sapl\u0131 tasar\u0131m\u0131<\/p>","protected":false},"featured_media":29835,"comment_status":"open","ping_status":"closed","template":"","meta":{"_joinchat":[]},"product_brand":[137],"product_cat":[30],"product_tag":[106],"class_list":{"0":"post-29416","1":"product","2":"type-product","3":"status-publish","4":"has-post-thumbnail","6":"product_brand-irmak-ambalaj","7":"product_cat-kagit-cantalar-ve-kese-kagitlari","8":"product_tag-kagit-canta-ve-kese-kagitlari","9":"tm-has-styled-variations","10":"tm-variations-only","12":"first","13":"instock","14":"taxable","15":"shipping-taxable","16":"purchasable","17":"product-type-variable","18":"has-default-attributes"},"_links":{"self":[{"href":"https:\/\/kullanatcarsi.com\/en\/wp-json\/wp\/v2\/product\/29416","targetHints":{"allow":["GET"]}}],"collection":[{"href":"https:\/\/kullanatcarsi.com\/en\/wp-json\/wp\/v2\/product"}],"about":[{"href":"https:\/\/kullanatcarsi.com\/en\/wp-json\/wp\/v2\/types\/product"}],"replies":[{"embeddable":true,"href":"https:\/\/kullanatcarsi.com\/en\/wp-json\/wp\/v2\/comments?post=29416"}],"version-history":[{"count":1,"href":"https:\/\/kullanatcarsi.com\/en\/wp-json\/wp\/v2\/product\/29416\/revisions"}],"predecessor-version":[{"id":30383,"href":"https:\/\/kullanatcarsi.com\/en\/wp-json\/wp\/v2\/product\/29416\/revisions\/30383"}],"wp:featuredmedia":[{"embeddable":true,"href":"https:\/\/kullanatcarsi.com\/en\/wp-json\/wp\/v2\/media\/29835"}],"wp:attachment":[{"href":"https:\/\/kullanatcarsi.com\/en\/wp-json\/wp\/v2\/media?parent=29416"}],"wp:term":[{"taxonomy":"product_brand","embeddable":true,"href":"https:\/\/kullanatcarsi.com\/en\/wp-json\/wp\/v2\/product_brand?post=29416"},{"taxonomy":"product_cat","embeddable":true,"href":"https:\/\/kullanatcarsi.com\/en\/wp-json\/wp\/v2\/product_cat?post=29416"},{"taxonomy":"product_tag","embeddable":true,"href":"https:\/\/kullanatcarsi.com\/en\/wp-json\/wp\/v2\/product_tag?post=29416"}],"curies":[{"name":"wp","href":"https:\/\/api.w.org\/{rel}","templated":true}]}}