{"id":29427,"date":"2025-11-27T16:30:47","date_gmt":"2025-11-27T13:30:47","guid":{"rendered":"https:\/\/kullanatcarsi.com\/?post_type=product&#038;p=29427"},"modified":"2026-01-01T17:01:13","modified_gmt":"2026-01-01T14:01:13","slug":"servis-pecetesi-24x23cm","status":"publish","type":"product","link":"https:\/\/kullanatcarsi.com\/en\/product\/servis-pecetesi-24x23cm\/","title":{"rendered":"Servis Pe\u00e7etesi 24x23cm"},"content":{"rendered":"<p>Servis Pe\u00e7etesi<\/p>\n<ul>\n<li>\u00d6l\u00e7\u00fcler:24x23cm(En-Boy)<\/li>\n<li>Koli i\u00e7i 50 pakettir.<\/li>\n<li>Paketler 100 adetlidir.<\/li>\n<\/ul>\n<p>Sofralarda,evlerde ve i\u015f yerlerinde\u00a0kullan\u0131lan ve son derece i\u015flevsel olan \u00fcr\u00fcn\u00a0\u00a0tek kullan\u0131ml\u0131k,hijyenik ve dayan\u0131kl\u0131d\u0131r.<\/p>","protected":false},"excerpt":{"rendered":"<p>Servis Pe\u00e7etesi \u00d6l\u00e7\u00fcler:24x23cm(En-Boy) Koli i\u00e7i 50 pakettir. Paketler 100 adetlidir. Sofralarda,evlerde ve i\u015f yerlerinde\u00a0kullan\u0131lan ve son derece i\u015flevsel olan \u00fcr\u00fcn\u00a0\u00a0tek<\/p>","protected":false},"featured_media":29855,"comment_status":"open","ping_status":"closed","template":"","meta":{"_joinchat":[]},"product_brand":[159],"product_cat":[86,33],"product_tag":[120,107],"class_list":{"0":"post-29427","1":"product","2":"type-product","3":"status-publish","4":"has-post-thumbnail","6":"product_brand-deniz-pecete","7":"product_cat-peceteler-ve-mendiller","8":"product_cat-tamamlayici-urunler","9":"product_tag-peceteler-ve-mendiller","10":"product_tag-tamamlayici-urunler","11":"tm-has-styled-variations","12":"tm-variations-only","14":"first","15":"instock","16":"taxable","17":"shipping-taxable","18":"purchasable","19":"product-type-variable","20":"has-default-attributes"},"_links":{"self":[{"href":"https:\/\/kullanatcarsi.com\/en\/wp-json\/wp\/v2\/product\/29427","targetHints":{"allow":["GET"]}}],"collection":[{"href":"https:\/\/kullanatcarsi.com\/en\/wp-json\/wp\/v2\/product"}],"about":[{"href":"https:\/\/kullanatcarsi.com\/en\/wp-json\/wp\/v2\/types\/product"}],"replies":[{"embeddable":true,"href":"https:\/\/kullanatcarsi.com\/en\/wp-json\/wp\/v2\/comments?post=29427"}],"version-history":[{"count":0,"href":"https:\/\/kullanatcarsi.com\/en\/wp-json\/wp\/v2\/product\/29427\/revisions"}],"wp:featuredmedia":[{"embeddable":true,"href":"https:\/\/kullanatcarsi.com\/en\/wp-json\/wp\/v2\/media\/29855"}],"wp:attachment":[{"href":"https:\/\/kullanatcarsi.com\/en\/wp-json\/wp\/v2\/media?parent=29427"}],"wp:term":[{"taxonomy":"product_brand","embeddable":true,"href":"https:\/\/kullanatcarsi.com\/en\/wp-json\/wp\/v2\/product_brand?post=29427"},{"taxonomy":"product_cat","embeddable":true,"href":"https:\/\/kullanatcarsi.com\/en\/wp-json\/wp\/v2\/product_cat?post=29427"},{"taxonomy":"product_tag","embeddable":true,"href":"https:\/\/kullanatcarsi.com\/en\/wp-json\/wp\/v2\/product_tag?post=29427"}],"curies":[{"name":"wp","href":"https:\/\/api.w.org\/{rel}","templated":true}]}}