{"id":29431,"date":"2025-11-27T16:33:08","date_gmt":"2025-11-27T13:33:08","guid":{"rendered":"https:\/\/kullanatcarsi.com\/?post_type=product&#038;p=29431"},"modified":"2026-01-01T17:02:10","modified_gmt":"2026-01-01T14:02:10","slug":"garson-katlama-beyaz-pecete-24x24-cm-100-adet","status":"publish","type":"product","link":"https:\/\/kullanatcarsi.com\/en\/product\/garson-katlama-beyaz-pecete-24x24-cm-100-adet\/","title":{"rendered":"Garson Katlama Beyaz Pe\u00e7ete 24&#215;24 cm"},"content":{"rendered":"<p>24 x 24 cm ebatlar\u0131nda, \u00e7ift katl\u0131, beyaz renkli kaliteli Sies marka garson katlama pe\u00e7etedir. Servise haz\u0131r 1\/8 katl\u0131 olarak 100&#8217;l\u00fc adetlerde paketlenmi\u015ftir. Katlanm\u0131\u015f \u00f6l\u00e7\u00fcs\u00fc 6&#215;12 cm&#8217;dir.<\/p>\n<p>Restaurant, cafe ve otellerin kaliteli renkli pe\u00e7ete ihtiyac\u0131 i\u00e7in idealdir.<\/p>","protected":false},"excerpt":{"rendered":"<p>24 x 24 cm ebatlar\u0131nda, \u00e7ift katl\u0131, beyaz renkli kaliteli Sies marka garson katlama pe\u00e7etedir. Servise haz\u0131r 1\/8 katl\u0131 olarak<\/p>","protected":false},"featured_media":29857,"comment_status":"open","ping_status":"closed","template":"","meta":{"_joinchat":[]},"product_brand":[137],"product_cat":[86,33],"product_tag":[120,107],"class_list":{"0":"post-29431","1":"product","2":"type-product","3":"status-publish","4":"has-post-thumbnail","6":"product_brand-irmak-ambalaj","7":"product_cat-peceteler-ve-mendiller","8":"product_cat-tamamlayici-urunler","9":"product_tag-peceteler-ve-mendiller","10":"product_tag-tamamlayici-urunler","11":"tm-has-styled-variations","12":"tm-variations-only","14":"first","15":"instock","16":"taxable","17":"shipping-taxable","18":"purchasable","19":"product-type-variable","20":"has-default-attributes"},"_links":{"self":[{"href":"https:\/\/kullanatcarsi.com\/en\/wp-json\/wp\/v2\/product\/29431","targetHints":{"allow":["GET"]}}],"collection":[{"href":"https:\/\/kullanatcarsi.com\/en\/wp-json\/wp\/v2\/product"}],"about":[{"href":"https:\/\/kullanatcarsi.com\/en\/wp-json\/wp\/v2\/types\/product"}],"replies":[{"embeddable":true,"href":"https:\/\/kullanatcarsi.com\/en\/wp-json\/wp\/v2\/comments?post=29431"}],"version-history":[{"count":0,"href":"https:\/\/kullanatcarsi.com\/en\/wp-json\/wp\/v2\/product\/29431\/revisions"}],"wp:featuredmedia":[{"embeddable":true,"href":"https:\/\/kullanatcarsi.com\/en\/wp-json\/wp\/v2\/media\/29857"}],"wp:attachment":[{"href":"https:\/\/kullanatcarsi.com\/en\/wp-json\/wp\/v2\/media?parent=29431"}],"wp:term":[{"taxonomy":"product_brand","embeddable":true,"href":"https:\/\/kullanatcarsi.com\/en\/wp-json\/wp\/v2\/product_brand?post=29431"},{"taxonomy":"product_cat","embeddable":true,"href":"https:\/\/kullanatcarsi.com\/en\/wp-json\/wp\/v2\/product_cat?post=29431"},{"taxonomy":"product_tag","embeddable":true,"href":"https:\/\/kullanatcarsi.com\/en\/wp-json\/wp\/v2\/product_tag?post=29431"}],"curies":[{"name":"wp","href":"https:\/\/api.w.org\/{rel}","templated":true}]}}