{"id":29438,"date":"2025-11-27T16:35:47","date_gmt":"2025-11-27T13:35:47","guid":{"rendered":"https:\/\/kullanatcarsi.com\/?post_type=product&#038;p=29438"},"modified":"2026-01-01T14:06:21","modified_gmt":"2026-01-01T11:06:21","slug":"eyup-sabri-tuncer-okyanus-kolonyali-mendil-5x10-cm-150-adet","status":"publish","type":"product","link":"https:\/\/kullanatcarsi.com\/en\/product\/eyup-sabri-tuncer-okyanus-kolonyali-mendil-5x10-cm-150-adet\/","title":{"rendered":"Ey\u00fcp Sabri Tuncer Okyanus Kolonyal\u0131 Mendil 5&#215;10 cm &#8211; 150 Adet"},"content":{"rendered":"<p>Okyanusun i\u00e7 a\u00e7\u0131c\u0131 ve uyar\u0131c\u0131 etkilerinden esinlenerek haz\u0131rlanan Okyanus Kolonyas\u0131, zengin ve elegant dokunu\u015flarla son derece \u00f6zg\u00fcn ve ba\u015far\u0131l\u0131 bir koku kreasyonudur.<\/p>\n<p>5&#215;10 cm kapal\u0131 folyo i\u00e7erisinde olan kolonyal\u0131 mendilin a\u00e7\u0131k ebat\u0131 13&#215;18 cm \u00f6l\u00e7\u00fcs\u00fcndedir. \u00d6zenle paketlenen birbirinden \u015f\u0131k ambalajlar ile sunulan Ey\u00fcp Sabri Tuncer Okyanus Kolonyal\u0131 Mendil ile ferahl\u0131k ve hijyen her an yan\u0131n\u0131zda olacakt\u0131r.<\/p>","protected":false},"excerpt":{"rendered":"<p>Okyanusun i\u00e7 a\u00e7\u0131c\u0131 ve uyar\u0131c\u0131 etkilerinden esinlenerek haz\u0131rlanan Okyanus Kolonyas\u0131, zengin ve elegant dokunu\u015flarla son derece \u00f6zg\u00fcn ve ba\u015far\u0131l\u0131 bir<\/p>","protected":false},"featured_media":29853,"comment_status":"open","ping_status":"closed","template":"","meta":{"_joinchat":[]},"product_brand":[158],"product_cat":[86,33],"product_tag":[120,107],"class_list":{"0":"post-29438","1":"product","2":"type-product","3":"status-publish","4":"has-post-thumbnail","6":"product_brand-eyup-sabri-tuncer","7":"product_cat-peceteler-ve-mendiller","8":"product_cat-tamamlayici-urunler","9":"product_tag-peceteler-ve-mendiller","10":"product_tag-tamamlayici-urunler","11":"tm-has-styled-variations","12":"tm-variations-only","14":"first","15":"outofstock","16":"taxable","17":"shipping-taxable","18":"purchasable","19":"product-type-variable","20":"has-default-attributes"},"_links":{"self":[{"href":"https:\/\/kullanatcarsi.com\/en\/wp-json\/wp\/v2\/product\/29438","targetHints":{"allow":["GET"]}}],"collection":[{"href":"https:\/\/kullanatcarsi.com\/en\/wp-json\/wp\/v2\/product"}],"about":[{"href":"https:\/\/kullanatcarsi.com\/en\/wp-json\/wp\/v2\/types\/product"}],"replies":[{"embeddable":true,"href":"https:\/\/kullanatcarsi.com\/en\/wp-json\/wp\/v2\/comments?post=29438"}],"version-history":[{"count":0,"href":"https:\/\/kullanatcarsi.com\/en\/wp-json\/wp\/v2\/product\/29438\/revisions"}],"wp:featuredmedia":[{"embeddable":true,"href":"https:\/\/kullanatcarsi.com\/en\/wp-json\/wp\/v2\/media\/29853"}],"wp:attachment":[{"href":"https:\/\/kullanatcarsi.com\/en\/wp-json\/wp\/v2\/media?parent=29438"}],"wp:term":[{"taxonomy":"product_brand","embeddable":true,"href":"https:\/\/kullanatcarsi.com\/en\/wp-json\/wp\/v2\/product_brand?post=29438"},{"taxonomy":"product_cat","embeddable":true,"href":"https:\/\/kullanatcarsi.com\/en\/wp-json\/wp\/v2\/product_cat?post=29438"},{"taxonomy":"product_tag","embeddable":true,"href":"https:\/\/kullanatcarsi.com\/en\/wp-json\/wp\/v2\/product_tag?post=29438"}],"curies":[{"name":"wp","href":"https:\/\/api.w.org\/{rel}","templated":true}]}}