{"id":29459,"date":"2025-11-27T16:43:37","date_gmt":"2025-11-27T13:43:37","guid":{"rendered":"https:\/\/kullanatcarsi.com\/?post_type=product&#038;p=29459"},"modified":"2026-01-21T19:47:39","modified_gmt":"2026-01-21T16:47:39","slug":"green-yagli-pisirme-kagidi-37cm-x-50m","status":"publish","type":"product","link":"https:\/\/kullanatcarsi.com\/en\/product\/green-yagli-pisirme-kagidi-37cm-x-50m\/","title":{"rendered":"Green Ya\u011fl\u0131 Pi\u015firme Ka\u011f\u0131d\u0131 37cm x 50m"},"content":{"rendered":"<p>37 cm geni\u015fli\u011finde, 50 metre uzunlu\u011funda kaliteli catering, cafe ve restaurant mutfaklar\u0131na uygun ya\u011fl\u0131 pi\u015firme ka\u011f\u0131d\u0131d\u0131r. Ya\u011fl\u0131 pi\u015firme ka\u011f\u0131d\u0131, f\u0131r\u0131nda pi\u015fen yemeklerin f\u0131r\u0131n tepsisine ya\u011f s\u00fcr\u00fclmesine gerek kalmadan yap\u0131\u015fmas\u0131na engel olur.<\/p>\n<p>50 metre uzunlu\u011funda olmas\u0131 nedeniyle i\u015fletme mutfaklar\u0131n\u0131n yan\u0131 s\u0131ra evlerde kullan\u0131mda da ekonomik bir \u00e7\u00f6z\u00fcm sunar.<\/p>","protected":false},"excerpt":{"rendered":"<p>37 cm geni\u015fli\u011finde, 50 metre uzunlu\u011funda kaliteli catering, cafe ve restaurant mutfaklar\u0131na uygun ya\u011fl\u0131 pi\u015firme ka\u011f\u0131d\u0131d\u0131r. Ya\u011fl\u0131 pi\u015firme ka\u011f\u0131d\u0131, f\u0131r\u0131nda<\/p>","protected":false},"featured_media":29859,"comment_status":"open","ping_status":"closed","template":"","meta":{"_joinchat":[]},"product_brand":[141],"product_cat":[90,33],"product_tag":[298,300,124,107,299,297,301],"class_list":{"0":"post-29459","1":"product","2":"type-product","3":"status-publish","4":"has-post-thumbnail","6":"product_brand-cuki-green","7":"product_cat-pisirme-kagitlari","8":"product_cat-tamamlayici-urunler","9":"product_tag-ekonomik-yagli-kagit","10":"product_tag-firin-kagidi","11":"product_tag-pisirme-kagitlari","12":"product_tag-tamamlayici-urunler","13":"product_tag-ucuz-yagli-pisirme-kagidi","14":"product_tag-yagli-pisirme-kagidi","15":"product_tag-yagli-pisirme-kagidi-isletme-mutfagi","16":"tm-has-styled-variations","17":"tm-variations-only","19":"first","20":"instock","21":"taxable","22":"shipping-taxable","23":"purchasable","24":"product-type-variable","25":"has-default-attributes"},"_links":{"self":[{"href":"https:\/\/kullanatcarsi.com\/en\/wp-json\/wp\/v2\/product\/29459","targetHints":{"allow":["GET"]}}],"collection":[{"href":"https:\/\/kullanatcarsi.com\/en\/wp-json\/wp\/v2\/product"}],"about":[{"href":"https:\/\/kullanatcarsi.com\/en\/wp-json\/wp\/v2\/types\/product"}],"replies":[{"embeddable":true,"href":"https:\/\/kullanatcarsi.com\/en\/wp-json\/wp\/v2\/comments?post=29459"}],"version-history":[{"count":0,"href":"https:\/\/kullanatcarsi.com\/en\/wp-json\/wp\/v2\/product\/29459\/revisions"}],"wp:featuredmedia":[{"embeddable":true,"href":"https:\/\/kullanatcarsi.com\/en\/wp-json\/wp\/v2\/media\/29859"}],"wp:attachment":[{"href":"https:\/\/kullanatcarsi.com\/en\/wp-json\/wp\/v2\/media?parent=29459"}],"wp:term":[{"taxonomy":"product_brand","embeddable":true,"href":"https:\/\/kullanatcarsi.com\/en\/wp-json\/wp\/v2\/product_brand?post=29459"},{"taxonomy":"product_cat","embeddable":true,"href":"https:\/\/kullanatcarsi.com\/en\/wp-json\/wp\/v2\/product_cat?post=29459"},{"taxonomy":"product_tag","embeddable":true,"href":"https:\/\/kullanatcarsi.com\/en\/wp-json\/wp\/v2\/product_tag?post=29459"}],"curies":[{"name":"wp","href":"https:\/\/api.w.org\/{rel}","templated":true}]}}