{"id":29466,"date":"2025-11-27T16:51:34","date_gmt":"2025-11-27T13:51:34","guid":{"rendered":"https:\/\/kullanatcarsi.com\/?post_type=product&#038;p=29466"},"modified":"2026-01-03T11:51:08","modified_gmt":"2026-01-03T08:51:08","slug":"hareketli-havlu-kagit-21-cm-250-kg-6-rulo","status":"publish","type":"product","link":"https:\/\/kullanatcarsi.com\/en\/product\/hareketli-havlu-kagit-21-cm-250-kg-6-rulo\/","title":{"rendered":"Moving paper towel 21 cm (2.50 kg) \u2013 6 Rolls"},"content":{"rendered":"<p>Fotoselli havlu dispanseri ile kullan\u0131labilen 21 cm Hareketli Havlu 2,5 kilogram ve 2 katl\u0131d\u0131r.<\/p>\n<p>Paketin i\u00e7erisinde 6 rulo vard\u0131r.<br \/>\n%100 Sel\u00fclozdan \u00fcretilmi\u015ftir.<\/p>","protected":false},"excerpt":{"rendered":"<p>Fotoselli havlu dispanseri ile kullan\u0131labilen 21 cm Hareketli Havlu 2,5 kilogram ve 2 katl\u0131d\u0131r. Paketin i\u00e7erisinde 6 rulo vard\u0131r. %100<\/p>","protected":false},"featured_media":29823,"comment_status":"open","ping_status":"closed","template":"","meta":{"_joinchat":[]},"product_brand":[137],"product_cat":[40,94],"product_tag":[293,108,292,296,294,128],"class_list":{"0":"post-29466","1":"product","2":"type-product","3":"status-publish","4":"has-post-thumbnail","6":"product_brand-irmak-ambalaj","7":"product_cat-hijyen-urunleri","8":"product_cat-kagit-havlular","9":"product_tag-ev-disi-tuketim-kagit-havlu","10":"product_tag-hijyen-urunleri","11":"product_tag-icten-cekmeli-havlu","12":"product_tag-icten-cekmeli-havlu-4-kg","13":"product_tag-kagit-havlu","14":"product_tag-kagit-havlular","15":"tm-has-styled-variations","16":"tm-variations-only","18":"first","19":"instock","20":"taxable","21":"shipping-taxable","22":"purchasable","23":"product-type-variable","24":"has-default-attributes"},"_links":{"self":[{"href":"https:\/\/kullanatcarsi.com\/en\/wp-json\/wp\/v2\/product\/29466","targetHints":{"allow":["GET"]}}],"collection":[{"href":"https:\/\/kullanatcarsi.com\/en\/wp-json\/wp\/v2\/product"}],"about":[{"href":"https:\/\/kullanatcarsi.com\/en\/wp-json\/wp\/v2\/types\/product"}],"replies":[{"embeddable":true,"href":"https:\/\/kullanatcarsi.com\/en\/wp-json\/wp\/v2\/comments?post=29466"}],"version-history":[{"count":0,"href":"https:\/\/kullanatcarsi.com\/en\/wp-json\/wp\/v2\/product\/29466\/revisions"}],"wp:featuredmedia":[{"embeddable":true,"href":"https:\/\/kullanatcarsi.com\/en\/wp-json\/wp\/v2\/media\/29823"}],"wp:attachment":[{"href":"https:\/\/kullanatcarsi.com\/en\/wp-json\/wp\/v2\/media?parent=29466"}],"wp:term":[{"taxonomy":"product_brand","embeddable":true,"href":"https:\/\/kullanatcarsi.com\/en\/wp-json\/wp\/v2\/product_brand?post=29466"},{"taxonomy":"product_cat","embeddable":true,"href":"https:\/\/kullanatcarsi.com\/en\/wp-json\/wp\/v2\/product_cat?post=29466"},{"taxonomy":"product_tag","embeddable":true,"href":"https:\/\/kullanatcarsi.com\/en\/wp-json\/wp\/v2\/product_tag?post=29466"}],"curies":[{"name":"wp","href":"https:\/\/api.w.org\/{rel}","templated":true}]}}