{"id":29473,"date":"2025-11-27T16:54:27","date_gmt":"2025-11-27T13:54:27","guid":{"rendered":"https:\/\/kullanatcarsi.com\/?post_type=product&#038;p=29473"},"modified":"2026-01-03T11:43:26","modified_gmt":"2026-01-03T08:43:26","slug":"deniz-dispenser-pecete-200-lu","status":"publish","type":"product","link":"https:\/\/kullanatcarsi.com\/en\/product\/deniz-dispenser-pecete-200-lu\/","title":{"rendered":"Deniz Dispenser Pe\u00e7ete 200 &#8216;l\u00fc"},"content":{"rendered":"<p>Deniz Dispenser Pe\u00e7ete 200&#8217;l\u00fc<\/p>\n<p>Deniz Dispenser Pe\u00e7ete %100 do\u011fal sel\u00fclozdan \u00fcretilmi\u015ftir.\u00a0Cildi tahri\u015f etmez, cilt dostudur. \u00dcr\u00fcn \u00f6zellikleri ve kalitesine g\u00f6re olduk\u00e7a ekonomiktir. \u00d6l\u00e7\u00fcleri servis pe\u00e7etesi kullan\u0131m\u0131 i\u00e7in uygundur. \u00d6l\u00e7\u00fcleri ile uyumlu metal ve plastik dispenserler ile kullan\u0131ld\u0131\u011f\u0131nda hijyenik ve ekonomik kullan\u0131m sa\u011flar. Pe\u00e7ete sarfiyat\u0131n\u0131 yakla\u015f\u0131k %50 oran\u0131nda azalt\u0131r. %100 saf sel\u00fclozdan \u00fcretilmi\u015f olup sa\u011fl\u0131k a\u00e7\u0131s\u0131ndan hi\u00e7bir zararl\u0131 madde i\u00e7ermez.<\/p>\n<p>Kalabal\u0131k aileler, al\u0131\u015fveri\u015f merkezleri, i\u015f yerleri ve ortak kullan\u0131ma a\u00e7\u0131k her yer i\u00e7in ideal olan\u00a0Selpak Ka\u011f\u0131t\u00a0tercih edenler, markan\u0131n kalitesinden dolay\u0131 g\u00fc\u00e7l\u00fc bir imaj yaratacakt\u0131r.<\/p>\n<p>\u00dcr\u00fcn\u00fcn kendisi de ambalaj\u0131 da \u00e7evreye zarar vermez. Geri d\u00f6n\u00fc\u015ft\u00fcr\u00fclebilir ka\u011f\u0131t ve plastik malzemeden \u00fcretilen tuvalet ka\u011f\u0131d\u0131n\u0131n ve paketinin yap\u0131m\u0131nda \u00e7evreye ve sa\u011fl\u0131\u011fa zararl\u0131 hi\u00e7bir bile\u015fen bulunmaz. Banyo ve tuvalet temizli\u011fi s\u00f6z konusu oldu\u011funda hijyenik, kaliteli, sa\u011flam ve g\u00fcvenilir temizlik \u00fcr\u00fcnlerini sa\u011flayan Deniz, tercih s\u0131ralamas\u0131nda zirvede yer al\u0131r.<\/p>","protected":false},"excerpt":{"rendered":"<p>Deniz Dispenser Pe\u00e7ete 200&#8217;l\u00fc Deniz Dispenser Pe\u00e7ete %100 do\u011fal sel\u00fclozdan \u00fcretilmi\u015ftir.\u00a0Cildi tahri\u015f etmez, cilt dostudur. \u00dcr\u00fcn \u00f6zellikleri ve kalitesine g\u00f6re<\/p>","protected":false},"featured_media":29821,"comment_status":"open","ping_status":"closed","template":"","meta":{"_joinchat":[]},"product_brand":[159],"product_cat":[95,40],"product_tag":[291,282,284,285,129,108,288,287,290,286,283],"class_list":{"0":"post-29473","1":"product","2":"type-product","3":"status-publish","4":"has-post-thumbnail","6":"product_brand-deniz-pecete","7":"product_cat-dispenser-peceteler","8":"product_cat-hijyen-urunleri","9":"product_tag-deniz-dispenser-pecete","10":"product_tag-dispenser-pecete","11":"product_tag-dispenser-pecete-fiyati","12":"product_tag-dispenser-pecete-fiyatlari","13":"product_tag-dispenser-peceteler","14":"product_tag-hijyen-urunleri","15":"product_tag-kagit-temizlik-malzemeleri","16":"product_tag-kagit-temizlik-urunleri","17":"product_tag-masa-ustu-dispenser-pecete","18":"product_tag-pecete","19":"product_tag-tek-katli-dispenser-pecete","20":"tm-has-styled-variations","21":"tm-variations-only","23":"first","24":"instock","25":"taxable","26":"shipping-taxable","27":"purchasable","28":"product-type-variable","29":"has-default-attributes"},"_links":{"self":[{"href":"https:\/\/kullanatcarsi.com\/en\/wp-json\/wp\/v2\/product\/29473","targetHints":{"allow":["GET"]}}],"collection":[{"href":"https:\/\/kullanatcarsi.com\/en\/wp-json\/wp\/v2\/product"}],"about":[{"href":"https:\/\/kullanatcarsi.com\/en\/wp-json\/wp\/v2\/types\/product"}],"replies":[{"embeddable":true,"href":"https:\/\/kullanatcarsi.com\/en\/wp-json\/wp\/v2\/comments?post=29473"}],"version-history":[{"count":0,"href":"https:\/\/kullanatcarsi.com\/en\/wp-json\/wp\/v2\/product\/29473\/revisions"}],"wp:featuredmedia":[{"embeddable":true,"href":"https:\/\/kullanatcarsi.com\/en\/wp-json\/wp\/v2\/media\/29821"}],"wp:attachment":[{"href":"https:\/\/kullanatcarsi.com\/en\/wp-json\/wp\/v2\/media?parent=29473"}],"wp:term":[{"taxonomy":"product_brand","embeddable":true,"href":"https:\/\/kullanatcarsi.com\/en\/wp-json\/wp\/v2\/product_brand?post=29473"},{"taxonomy":"product_cat","embeddable":true,"href":"https:\/\/kullanatcarsi.com\/en\/wp-json\/wp\/v2\/product_cat?post=29473"},{"taxonomy":"product_tag","embeddable":true,"href":"https:\/\/kullanatcarsi.com\/en\/wp-json\/wp\/v2\/product_tag?post=29473"}],"curies":[{"name":"wp","href":"https:\/\/api.w.org\/{rel}","templated":true}]}}