{"id":29484,"date":"2025-11-27T16:59:50","date_gmt":"2025-11-27T13:59:50","guid":{"rendered":"https:\/\/kullanatcarsi.com\/?post_type=product&#038;p=29484"},"modified":"2026-01-03T11:31:07","modified_gmt":"2026-01-03T08:31:07","slug":"dolphin-lateks-muayene-eldiveni-m-pudrali-100-adet","status":"publish","type":"product","link":"https:\/\/kullanatcarsi.com\/en\/product\/dolphin-lateks-muayene-eldiveni-m-pudrali-100-adet\/","title":{"rendered":"Dolphin Powdered Latex Examination Gloves 100 Pieces M"},"content":{"rendered":"<p>Lateks muayene eldivenleri hem temizlik hem de restaurant mutfaklar\u0131nda yemek pi\u015firmede hijyen sa\u011flamaktad\u0131r. Temizlik esnas\u0131nda temizlik kimyasallar\u0131n\u0131n ellerinize zarar vermesini ve mikroplar\u0131n yay\u0131lmas\u0131n\u0131 engeller. Restaurant mutfaklar\u0131nda g\u0131da ile temasta hijyen sa\u011flar.<\/p>\n<p>Di\u011fer eldivenlere k\u0131yasla d\u00fc\u015f\u00fck fiyatl\u0131 olmas\u0131 maliyetlerinizi d\u00fc\u015f\u00fcrmenizi yard\u0131mc\u0131 olur.<\/p>","protected":false},"excerpt":{"rendered":"<p>Lateks muayene eldivenleri hem temizlik hem de restaurant mutfaklar\u0131nda yemek pi\u015firmede hijyen sa\u011flamaktad\u0131r. Temizlik esnas\u0131nda temizlik kimyasallar\u0131n\u0131n ellerinize zarar vermesini<\/p>","protected":false},"featured_media":29822,"comment_status":"open","ping_status":"closed","template":"","meta":{"_joinchat":[]},"product_brand":[163],"product_cat":[97,40],"product_tag":[269,268,271,270,272,273,131,108,277,274,276,275],"class_list":{"0":"post-29484","1":"product","2":"type-product","3":"status-publish","4":"has-post-thumbnail","6":"product_brand-dolphin-eldiven","7":"product_cat-eldivenler","8":"product_cat-hijyen-urunleri","9":"product_tag-dolphin-lateks-eldiven","10":"product_tag-dolphin-lateks-eldiven-medium","11":"product_tag-dolphin-lateks-muayene-eldiveni","12":"product_tag-dolphin-latex-eldiven","13":"product_tag-dolphin-pudrali-eldiven","14":"product_tag-dolphin-pudrali-lateks-eldiven","15":"product_tag-eldivenler","16":"product_tag-hijyen-urunleri","17":"product_tag-muayene-eldiveni","18":"product_tag-pudrali-muayene-eldiveni","19":"product_tag-tibbi-lateks-eldiven","20":"product_tag-ucuz-pudrali-lateks-eldiven","21":"tm-has-styled-variations","22":"tm-variations-only","24":"first","25":"outofstock","26":"taxable","27":"shipping-taxable","28":"purchasable","29":"product-type-variable","30":"has-default-attributes"},"_links":{"self":[{"href":"https:\/\/kullanatcarsi.com\/en\/wp-json\/wp\/v2\/product\/29484","targetHints":{"allow":["GET"]}}],"collection":[{"href":"https:\/\/kullanatcarsi.com\/en\/wp-json\/wp\/v2\/product"}],"about":[{"href":"https:\/\/kullanatcarsi.com\/en\/wp-json\/wp\/v2\/types\/product"}],"replies":[{"embeddable":true,"href":"https:\/\/kullanatcarsi.com\/en\/wp-json\/wp\/v2\/comments?post=29484"}],"version-history":[{"count":0,"href":"https:\/\/kullanatcarsi.com\/en\/wp-json\/wp\/v2\/product\/29484\/revisions"}],"wp:featuredmedia":[{"embeddable":true,"href":"https:\/\/kullanatcarsi.com\/en\/wp-json\/wp\/v2\/media\/29822"}],"wp:attachment":[{"href":"https:\/\/kullanatcarsi.com\/en\/wp-json\/wp\/v2\/media?parent=29484"}],"wp:term":[{"taxonomy":"product_brand","embeddable":true,"href":"https:\/\/kullanatcarsi.com\/en\/wp-json\/wp\/v2\/product_brand?post=29484"},{"taxonomy":"product_cat","embeddable":true,"href":"https:\/\/kullanatcarsi.com\/en\/wp-json\/wp\/v2\/product_cat?post=29484"},{"taxonomy":"product_tag","embeddable":true,"href":"https:\/\/kullanatcarsi.com\/en\/wp-json\/wp\/v2\/product_tag?post=29484"}],"curies":[{"name":"wp","href":"https:\/\/api.w.org\/{rel}","templated":true}]}}