{"id":29487,"date":"2025-11-27T17:15:56","date_gmt":"2025-11-27T14:15:56","guid":{"rendered":"https:\/\/kullanatcarsi.com\/?post_type=product&#038;p=29487"},"modified":"2025-12-27T14:20:09","modified_gmt":"2025-12-27T11:20:09","slug":"balonlu-naylon-1-00cm-x-50mt-pat-pat-naylon","status":"publish","type":"product","link":"https:\/\/kullanatcarsi.com\/en\/product\/balonlu-naylon-1-00cm-x-50mt-pat-pat-naylon\/","title":{"rendered":"Balonlu Naylon 1.00cm x 50mt 40 Gr Pat Pat Naylon"},"content":{"rendered":"<p>Balonlu Naylon 1.00cm x 50mt\u00a0 40 GR Pat Pat Naylon<\/p>\n<ul>\n<li>Renk: \u015eeffaf<\/li>\n<li>En: 1.00cm<\/li>\n<li>Uzunluk: 50mt<\/li>\n<\/ul>\n<p>Balonlu ambalaj naylonu iki adet polietilen veya polipropilen film tabakas\u0131n\u0131n aras\u0131na balonlu bir ara kat olu\u015fturarak imal edilen haval\u0131 ambalaj malzemesidir.Balonlu naylon sar\u0131ld\u0131\u011f\u0131 \u00fcr\u00fcnlerin etraf\u0131nda hava yast\u0131\u011f\u0131 vazifesi g\u00f6rerek \u00fcr\u00fcnlerinizin hava \u015fartlar\u0131ndan ve darbelerden korunmas\u0131n\u0131 sa\u011flar.<\/p>","protected":false},"excerpt":{"rendered":"<p>Balonlu Naylon 1.00cm x 50mt\u00a0 40 GR Pat Pat Naylon Renk: \u015eeffaf En: 1.00cm Uzunluk: 50mt Balonlu ambalaj naylonu iki<\/p>","protected":false},"featured_media":29765,"comment_status":"open","ping_status":"closed","template":"","meta":{"_joinchat":[]},"product_brand":[137],"product_cat":[49],"product_tag":[109],"class_list":{"0":"post-29487","1":"product","2":"type-product","3":"status-publish","4":"has-post-thumbnail","6":"product_brand-irmak-ambalaj","7":"product_cat-ev-tasima-kolileri-ve-urunleri","8":"product_tag-ev-tasima-kolileri-ve-urunleri","9":"tm-has-styled-variations","10":"tm-variations-only","12":"first","13":"instock","14":"taxable","15":"shipping-taxable","16":"purchasable","17":"product-type-variable","18":"has-default-attributes"},"_links":{"self":[{"href":"https:\/\/kullanatcarsi.com\/en\/wp-json\/wp\/v2\/product\/29487","targetHints":{"allow":["GET"]}}],"collection":[{"href":"https:\/\/kullanatcarsi.com\/en\/wp-json\/wp\/v2\/product"}],"about":[{"href":"https:\/\/kullanatcarsi.com\/en\/wp-json\/wp\/v2\/types\/product"}],"replies":[{"embeddable":true,"href":"https:\/\/kullanatcarsi.com\/en\/wp-json\/wp\/v2\/comments?post=29487"}],"version-history":[{"count":0,"href":"https:\/\/kullanatcarsi.com\/en\/wp-json\/wp\/v2\/product\/29487\/revisions"}],"wp:featuredmedia":[{"embeddable":true,"href":"https:\/\/kullanatcarsi.com\/en\/wp-json\/wp\/v2\/media\/29765"}],"wp:attachment":[{"href":"https:\/\/kullanatcarsi.com\/en\/wp-json\/wp\/v2\/media?parent=29487"}],"wp:term":[{"taxonomy":"product_brand","embeddable":true,"href":"https:\/\/kullanatcarsi.com\/en\/wp-json\/wp\/v2\/product_brand?post=29487"},{"taxonomy":"product_cat","embeddable":true,"href":"https:\/\/kullanatcarsi.com\/en\/wp-json\/wp\/v2\/product_cat?post=29487"},{"taxonomy":"product_tag","embeddable":true,"href":"https:\/\/kullanatcarsi.com\/en\/wp-json\/wp\/v2\/product_tag?post=29487"}],"curies":[{"name":"wp","href":"https:\/\/api.w.org\/{rel}","templated":true}]}}