{"id":29494,"date":"2025-11-27T17:18:31","date_gmt":"2025-11-27T14:18:31","guid":{"rendered":"https:\/\/kullanatcarsi.com\/?post_type=product&#038;p=29494"},"modified":"2025-12-27T14:09:39","modified_gmt":"2025-12-27T11:09:39","slug":"ve-ge-fil-koli-bandi-ambalaj-bandi-100-m","status":"publish","type":"product","link":"https:\/\/kullanatcarsi.com\/en\/product\/ve-ge-fil-koli-bandi-ambalaj-bandi-100-m\/","title":{"rendered":"Ve-Ge Fil Koli Band\u0131 (Ambalaj Band\u0131) 100 m"},"content":{"rendered":"<div class=\"elementor-element elementor-element-987346c elementor-widget elementor-widget-heading\">\n<div class=\"elementor-widget-container\">\n<h2>Ezici Yap\u0131\u015fma G\u00fcc\u00fc<\/h2>\n<\/div>\n<\/div>\n<div class=\"elementor-element elementor-element-9888eab elementor-widget elementor-widget-text-editor\">\n<div class=\"elementor-widget-container\">\n<p>Suitable for all kinds of boxes and the packing material is to be closed automatically or manually.<br \/>\nThanks to the rubberized synthetic glue first, the adhesion strength is high.<br \/>\nIs suitable for use at low ambient temperatures.<br \/>\nOpens easily from its surface.<br \/>\nTransparent varieties are available.<\/p>\n<p>Filin ezici g\u00fcc\u00fcnden ilhamla form\u00fcle edilmi\u015f olan Big 5 Fil Ambalaj band\u0131m\u0131z t\u00fcm kutu, koli, zarf gibi<br \/>\nstandart \u00fcr\u00fcnlerde h\u0131zl\u0131 ve kolay uygulama i\u00e7in tasarlanm\u0131\u015ft\u0131r. Naylon, \u00e7uval ve \u00e7e\u015fitli plastikler<br \/>\nit can be used easily. Occur during the installation of the product distribution and packaging<br \/>\nany tearing, puncture offers a quick solution to the problem.<\/p>\n<\/div>\n<\/div>","protected":false},"excerpt":{"rendered":"<p>Ezici Yap\u0131\u015fma G\u00fcc\u00fc Her \u00e7e\u015fit koli ve ambalaj malzemesinin manuel veya otomatik olarak kapat\u0131lmas\u0131 i\u00e7in uygundur. Sentetik kau\u00e7uklu tutkal\u0131 sayesinde<\/p>","protected":false},"featured_media":29770,"comment_status":"open","ping_status":"closed","template":"","meta":{"_joinchat":[]},"product_brand":[164],"product_cat":[49],"product_tag":[109],"class_list":{"0":"post-29494","1":"product","2":"type-product","3":"status-publish","4":"has-post-thumbnail","6":"product_brand-ve-ge","7":"product_cat-ev-tasima-kolileri-ve-urunleri","8":"product_tag-ev-tasima-kolileri-ve-urunleri","9":"tm-has-styled-variations","10":"tm-variations-only","12":"first","13":"outofstock","14":"taxable","15":"shipping-taxable","16":"purchasable","17":"product-type-variable","18":"has-default-attributes"},"_links":{"self":[{"href":"https:\/\/kullanatcarsi.com\/en\/wp-json\/wp\/v2\/product\/29494","targetHints":{"allow":["GET"]}}],"collection":[{"href":"https:\/\/kullanatcarsi.com\/en\/wp-json\/wp\/v2\/product"}],"about":[{"href":"https:\/\/kullanatcarsi.com\/en\/wp-json\/wp\/v2\/types\/product"}],"replies":[{"embeddable":true,"href":"https:\/\/kullanatcarsi.com\/en\/wp-json\/wp\/v2\/comments?post=29494"}],"version-history":[{"count":0,"href":"https:\/\/kullanatcarsi.com\/en\/wp-json\/wp\/v2\/product\/29494\/revisions"}],"wp:featuredmedia":[{"embeddable":true,"href":"https:\/\/kullanatcarsi.com\/en\/wp-json\/wp\/v2\/media\/29770"}],"wp:attachment":[{"href":"https:\/\/kullanatcarsi.com\/en\/wp-json\/wp\/v2\/media?parent=29494"}],"wp:term":[{"taxonomy":"product_brand","embeddable":true,"href":"https:\/\/kullanatcarsi.com\/en\/wp-json\/wp\/v2\/product_brand?post=29494"},{"taxonomy":"product_cat","embeddable":true,"href":"https:\/\/kullanatcarsi.com\/en\/wp-json\/wp\/v2\/product_cat?post=29494"},{"taxonomy":"product_tag","embeddable":true,"href":"https:\/\/kullanatcarsi.com\/en\/wp-json\/wp\/v2\/product_tag?post=29494"}],"curies":[{"name":"wp","href":"https:\/\/api.w.org\/{rel}","templated":true}]}}