{"id":29500,"date":"2025-11-27T17:21:07","date_gmt":"2025-11-27T14:21:07","guid":{"rendered":"https:\/\/kullanatcarsi.com\/?post_type=product&#038;p=29500"},"modified":"2026-01-01T17:34:43","modified_gmt":"2026-01-01T14:34:43","slug":"tasima-kolisi-60x40x40-cm","status":"publish","type":"product","link":"https:\/\/kullanatcarsi.com\/en\/product\/tasima-kolisi-60x40x40-cm\/","title":{"rendered":"Ta\u015f\u0131ma Kolisi 60x40x40 cm 6 Adet"},"content":{"rendered":"<div class=\"elementor-element elementor-element-987346c elementor-widget elementor-widget-heading\">\n<div class=\"elementor-widget-container\">\n<div class=\"elementor-element elementor-element-987346c elementor-widget elementor-widget-heading\">\n<div class=\"elementor-widget-container\">\n<p><a href=\"\/en\/tek-cift-oluklu-koli-cesitleri\/60x40x40-cm-kraft-koli-modeli----kolici-koli-satisi\/\"\" target=\"_blank\" rel=\"noopener\">60x40x40 Kraft Koli<\/a>,\u00a0Ev ta\u015f\u0131ma kolisi olarakta ge\u00e7mektedir.\u00a0Bir\u00e7ok farkl\u0131 alanda sa\u011flam bir \u015fekilde paketleme kolisi olarak kullan\u0131labilir<\/p>\n<p><a href=\"\/en\/kategoriler\/tek-cift-oluklu-koli-cesitleri\/60x40x40-cm--ihracat-kolisi-tasima-kolisi\/\"\" target=\"_blank\" rel=\"noopener\">60x40x40\u00a0<\/a>Kraft Koli\u00a0<a href=\"\/en\/kategoriler\/tek-cift-oluklu-koli-cesitleri\/60x40x40-cm-kraft-koli-modeli----kolici-koli-satisi\/\"\" target=\"_blank\" rel=\"noopener\">Ebatlar\u0131<\/a>, 60x40x40 cm\u2019dir Hesaplamas\u0131\u00a0(En x Boy x Y\u00fckseklik )\u00a0olarak al\u0131n\u0131r.<\/p>\n<p><a href=\"\/en\/kategoriler\/tek-cift-oluklu-koli-cesitleri\/60x40x40-cm-kraft-koli-modeli----kolici-koli-satisi\/\"\" target=\"_blank\" rel=\"noopener\">60x40x40 Cm \u00e7ift oluklu\u00a0<\/a>Kraft Koli<a href=\"\/en\/kategoriler\/tek-cift-oluklu-koli-cesitleri\/60x40x40-cm--ihracat-kolisi-tasima-kolisi\/\"\" target=\"_blank\" rel=\"noopener\">\u00a0Desi<\/a>: 32 Ds.<br \/>\n<a href=\"\/en\/kategoriler\/tek-cift-oluklu-koli-cesitleri\/60x40x40-cm--ihracat-kolisi-tasima-kolisi\/\"\" target=\"_blank\" rel=\"noopener\">60x40x40 Cm \u00e7ift oluklu<\/a>\u00a0Kraft Koli<a href=\"\/en\/kategoriler\/tek-cift-oluklu-koli-cesitleri\/60x40x40-cm--ihracat-kolisi-tasima-kolisi\/\"\" target=\"_blank\" rel=\"noopener\">\u00a0Inch Ebatlar\u0131<\/a>:\u00a023,7 Inch x 15,7 Inch x 15,7 Inch<\/p>\n<p><a href=\"\/en\/kategoriler\/tek-cift-oluklu-koli-cesitleri\/60x40x40-cm-kraft-koli-modeli----kolici-koli-satisi\/\"\" target=\"_blank\" rel=\"noopener\">60x40x40 cm \u00c7ift Oluklu\u00a0<\/a>Kraft Koli<a href=\"\/en\/kategoriler\/tek-cift-oluklu-koli-cesitleri\/40x40x40-cm-koli---kolici-koli-satisi\/\"\" target=\"_blank\" rel=\"noopener\">\u00a0Modelinin Kullan\u0131m Alanlar\u0131<\/a><\/p>\n<p>Ta\u015f\u0131ma\/saklama kolileri ge\u00e7ici veya uzun s\u00fcre ile kald\u0131racak oldu\u011funuz belge, \u00fcr\u00fcn, e\u015fya, elbise, ofis, ev malzemeleri depolama veya nakliye ama\u00e7l\u0131 kullan\u0131lan, Oluklu mukavvadan dopel olarak \u00fcretilmektedir. Kulan\u0131m kolayl\u0131\u011f\u0131 bulunan, \u00e7al\u0131\u015fma alan\u0131n\u0131z\u0131 geni\u015fletecek olan Koli \u00e7e\u015fididir.<\/p>\n<\/div>\n<\/div>\n<\/div>\n<\/div>","protected":false},"excerpt":{"rendered":"<p>60x40x40\u00a0Kraft Koli\u00a060x40x40 Cm \u00e7ift oluklu\u00a0Kraft Koli60x40x40 Cm \u00e7ift oluklu\u00a0Kraft Koli60x40x40 cm \u00c7ift Oluklu\u00a0Kraft Koli<\/p>","protected":false},"featured_media":29768,"comment_status":"open","ping_status":"closed","template":"","meta":{"_joinchat":[]},"product_brand":[137],"product_cat":[49],"product_tag":[109],"class_list":{"0":"post-29500","1":"product","2":"type-product","3":"status-publish","4":"has-post-thumbnail","6":"product_brand-irmak-ambalaj","7":"product_cat-ev-tasima-kolileri-ve-urunleri","8":"product_tag-ev-tasima-kolileri-ve-urunleri","9":"tm-has-styled-variations","10":"tm-variations-only","12":"first","13":"instock","14":"taxable","15":"shipping-taxable","16":"purchasable","17":"product-type-variable","18":"has-default-attributes"},"_links":{"self":[{"href":"https:\/\/kullanatcarsi.com\/en\/wp-json\/wp\/v2\/product\/29500","targetHints":{"allow":["GET"]}}],"collection":[{"href":"https:\/\/kullanatcarsi.com\/en\/wp-json\/wp\/v2\/product"}],"about":[{"href":"https:\/\/kullanatcarsi.com\/en\/wp-json\/wp\/v2\/types\/product"}],"replies":[{"embeddable":true,"href":"https:\/\/kullanatcarsi.com\/en\/wp-json\/wp\/v2\/comments?post=29500"}],"version-history":[{"count":0,"href":"https:\/\/kullanatcarsi.com\/en\/wp-json\/wp\/v2\/product\/29500\/revisions"}],"wp:featuredmedia":[{"embeddable":true,"href":"https:\/\/kullanatcarsi.com\/en\/wp-json\/wp\/v2\/media\/29768"}],"wp:attachment":[{"href":"https:\/\/kullanatcarsi.com\/en\/wp-json\/wp\/v2\/media?parent=29500"}],"wp:term":[{"taxonomy":"product_brand","embeddable":true,"href":"https:\/\/kullanatcarsi.com\/en\/wp-json\/wp\/v2\/product_brand?post=29500"},{"taxonomy":"product_cat","embeddable":true,"href":"https:\/\/kullanatcarsi.com\/en\/wp-json\/wp\/v2\/product_cat?post=29500"},{"taxonomy":"product_tag","embeddable":true,"href":"https:\/\/kullanatcarsi.com\/en\/wp-json\/wp\/v2\/product_tag?post=29500"}],"curies":[{"name":"wp","href":"https:\/\/api.w.org\/{rel}","templated":true}]}}