{"id":29507,"date":"2025-11-27T17:24:43","date_gmt":"2025-11-27T14:24:43","guid":{"rendered":"https:\/\/kullanatcarsi.com\/?post_type=product&#038;p=29507"},"modified":"2026-03-07T10:15:41","modified_gmt":"2026-03-07T07:15:41","slug":"nugget-kutusu-kucuk-boy-12x8x6cm","status":"publish","type":"product","link":"https:\/\/kullanatcarsi.com\/en\/product\/nugget-kutusu-kucuk-boy-12x8x6cm\/","title":{"rendered":"Nugget Kutusu K\u00fc\u00e7\u00fck Boy 12x8x6cm"},"content":{"rendered":"<div class=\"elementor-element elementor-element-987346c elementor-widget elementor-widget-heading\">\n<div class=\"elementor-widget-container\">\n<div class=\"elementor-element elementor-element-987346c elementor-widget elementor-widget-heading\">\n<div class=\"elementor-widget-container\">\n<p>Nugget Kutusu K\u00fc\u00e7\u00fck Boy<\/p>\n<ul>\n<li>\u00d6l\u00e7\u00fcler : 12 x 8 x 6 cm (Uzunluk-En-Y\u00fckseklik)<\/li>\n<\/ul>\n<p>Birinci kalite kartondan \u00fcretilen nugget kutusu\u00a0\u00a0i\u00e7 y\u00fczeyi g\u0131da ile temasa uygun \u00fcretilmi\u015fir. So\u011fan halkas\u0131 , nugget gibi yiyecekler i\u00e7in uygundur.\u00dcr\u00fcnlerin s\u0131cak kalmas\u0131n\u0131 sa\u011flar. Paket servislerde \u00fcr\u00fcn\u00fc d\u00f6k\u00fclmemesi i\u00e7in muhafaza eder.Kutunun arka y\u00fczeyinde bulunan delikler \u00fcr\u00fcn\u00fcn buhar yapmas\u0131n\u0131 engeller ve yumu\u015famamas\u0131n\u0131 sa\u011flar.Fast food d\u00fckkanlar\u0131nda kullan\u0131l\u0131r.<\/p>\n<\/div>\n<\/div>\n<\/div>\n<\/div>","protected":false},"excerpt":{"rendered":"<p>Nugget Kutusu K\u00fc\u00e7\u00fck Boy \u00d6l\u00e7\u00fcler : 12 x 8 x 6 cm (Uzunluk-En-Y\u00fckseklik) Birinci kalite kartondan \u00fcretilen nugget kutusu\u00a0\u00a0i\u00e7 y\u00fczeyi<\/p>","protected":false},"featured_media":29849,"comment_status":"open","ping_status":"closed","template":"","meta":{"_joinchat":[]},"product_brand":[137],"product_cat":[76,99],"product_tag":[260,234,110,261,259,254,257,258,256,245,252,255,133],"class_list":{"0":"post-29507","1":"product","2":"type-product","3":"status-publish","4":"has-post-thumbnail","6":"product_brand-irmak-ambalaj","7":"product_cat-karton-kutular","8":"product_cat-nugget-kutulari","9":"product_tag-karton-kraft-kutu","10":"product_tag-karton-kutu","11":"product_tag-karton-kutular","12":"product_tag-karton-tatli-kutusu","13":"product_tag-karton-yemek-kutusu","14":"product_tag-kraft-karton-nuget-kutusu-kucuk","15":"product_tag-kucuk-nuget-kutu","16":"product_tag-kucuk-nugget-kutu","17":"product_tag-menu-kutusu","18":"product_tag-nuget","19":"product_tag-nugget","20":"product_tag-nugget-kutu","21":"product_tag-nugget-kutulari","22":"tm-has-styled-variations","23":"tm-variations-only","25":"first","26":"instock","27":"taxable","28":"shipping-taxable","29":"purchasable","30":"product-type-variable","31":"has-default-attributes"},"_links":{"self":[{"href":"https:\/\/kullanatcarsi.com\/en\/wp-json\/wp\/v2\/product\/29507","targetHints":{"allow":["GET"]}}],"collection":[{"href":"https:\/\/kullanatcarsi.com\/en\/wp-json\/wp\/v2\/product"}],"about":[{"href":"https:\/\/kullanatcarsi.com\/en\/wp-json\/wp\/v2\/types\/product"}],"replies":[{"embeddable":true,"href":"https:\/\/kullanatcarsi.com\/en\/wp-json\/wp\/v2\/comments?post=29507"}],"version-history":[{"count":1,"href":"https:\/\/kullanatcarsi.com\/en\/wp-json\/wp\/v2\/product\/29507\/revisions"}],"predecessor-version":[{"id":30410,"href":"https:\/\/kullanatcarsi.com\/en\/wp-json\/wp\/v2\/product\/29507\/revisions\/30410"}],"wp:featuredmedia":[{"embeddable":true,"href":"https:\/\/kullanatcarsi.com\/en\/wp-json\/wp\/v2\/media\/29849"}],"wp:attachment":[{"href":"https:\/\/kullanatcarsi.com\/en\/wp-json\/wp\/v2\/media?parent=29507"}],"wp:term":[{"taxonomy":"product_brand","embeddable":true,"href":"https:\/\/kullanatcarsi.com\/en\/wp-json\/wp\/v2\/product_brand?post=29507"},{"taxonomy":"product_cat","embeddable":true,"href":"https:\/\/kullanatcarsi.com\/en\/wp-json\/wp\/v2\/product_cat?post=29507"},{"taxonomy":"product_tag","embeddable":true,"href":"https:\/\/kullanatcarsi.com\/en\/wp-json\/wp\/v2\/product_tag?post=29507"}],"curies":[{"name":"wp","href":"https:\/\/api.w.org\/{rel}","templated":true}]}}