{"id":29513,"date":"2025-11-27T17:26:46","date_gmt":"2025-11-27T14:26:46","guid":{"rendered":"https:\/\/kullanatcarsi.com\/?post_type=product&#038;p=29513"},"modified":"2026-03-07T09:53:27","modified_gmt":"2026-03-07T06:53:27","slug":"nugget-kutusu-buyuk-boy-12x22x8cm","status":"publish","type":"product","link":"https:\/\/kullanatcarsi.com\/en\/product\/nugget-kutusu-buyuk-boy-12x22x8cm\/","title":{"rendered":"Nugget Kutusu B\u00fcy\u00fck Boy 12x22x8cm"},"content":{"rendered":"<div class=\"elementor-element elementor-element-987346c elementor-widget elementor-widget-heading\">\n<div class=\"elementor-widget-container\">\n<div class=\"elementor-element elementor-element-987346c elementor-widget elementor-widget-heading\">\n<div class=\"elementor-widget-container\">\n<p>Nugget Kutusu B\u00fcy\u00fck Boy<\/p>\n<ul>\n<li>\u00d6l\u00e7\u00fcler : 12 x\u00a022 x\u00a08 cm (Uzunluk-En-Y\u00fckseklik)<\/li>\n<\/ul>\n<p>Birinci kalite kartondan \u00fcretilen nugget kutusu\u00a0\u00a0i\u00e7 y\u00fczeyi g\u0131da ile temasa uygun \u00fcretilmi\u015fir. So\u011fan halkas\u0131 , nugget gibi yiyecekler i\u00e7in uygundur.\u00dcr\u00fcnlerin s\u0131cak kalmas\u0131n\u0131 sa\u011flar. Paket servislerde \u00fcr\u00fcn\u00fc d\u00f6k\u00fclmemesi i\u00e7in muhafaza eder.Kutunun arka y\u00fczeyinde bulunan delikler \u00fcr\u00fcn\u00fcn buhar yapmas\u0131n\u0131 engeller ve yumu\u015famamas\u0131n\u0131 sa\u011flar.Fast food d\u00fckkanlar\u0131nda kullan\u0131l\u0131r.<\/p>\n<\/div>\n<\/div>\n<\/div>\n<\/div>","protected":false},"excerpt":{"rendered":"<p>Nugget Kutusu B\u00fcy\u00fck Boy \u00d6l\u00e7\u00fcler : 12 x\u00a022 x\u00a08 cm (Uzunluk-En-Y\u00fckseklik) Birinci kalite kartondan \u00fcretilen nugget kutusu\u00a0\u00a0i\u00e7 y\u00fczeyi g\u0131da ile<\/p>","protected":false},"featured_media":29847,"comment_status":"open","ping_status":"closed","template":"","meta":{"_joinchat":[]},"product_brand":[137],"product_cat":[76,99],"product_tag":[110,251,250,243,247,245,244,252,133,248,246,249],"class_list":{"0":"post-29513","1":"product","2":"type-product","3":"status-publish","4":"has-post-thumbnail","6":"product_brand-irmak-ambalaj","7":"product_cat-karton-kutular","8":"product_cat-nugget-kutulari","9":"product_tag-karton-kutular","10":"product_tag-karton-nugget-kutusu","11":"product_tag-karton-waffle-kutusu","12":"product_tag-kraft-karton-nuget-kutusu-buyuk","13":"product_tag-kraft-kutu","14":"product_tag-nuget","15":"product_tag-nuget-kutusu","16":"product_tag-nugget","17":"product_tag-nugget-kutulari","18":"product_tag-nugget-kutusu","19":"product_tag-tek-kullanimlik-nuget-kutusu","20":"product_tag-waffle-kutusu","21":"tm-has-styled-variations","22":"tm-variations-only","24":"first","25":"instock","26":"taxable","27":"shipping-taxable","28":"purchasable","29":"product-type-variable","30":"has-default-attributes"},"_links":{"self":[{"href":"https:\/\/kullanatcarsi.com\/en\/wp-json\/wp\/v2\/product\/29513","targetHints":{"allow":["GET"]}}],"collection":[{"href":"https:\/\/kullanatcarsi.com\/en\/wp-json\/wp\/v2\/product"}],"about":[{"href":"https:\/\/kullanatcarsi.com\/en\/wp-json\/wp\/v2\/types\/product"}],"replies":[{"embeddable":true,"href":"https:\/\/kullanatcarsi.com\/en\/wp-json\/wp\/v2\/comments?post=29513"}],"version-history":[{"count":1,"href":"https:\/\/kullanatcarsi.com\/en\/wp-json\/wp\/v2\/product\/29513\/revisions"}],"predecessor-version":[{"id":30408,"href":"https:\/\/kullanatcarsi.com\/en\/wp-json\/wp\/v2\/product\/29513\/revisions\/30408"}],"wp:featuredmedia":[{"embeddable":true,"href":"https:\/\/kullanatcarsi.com\/en\/wp-json\/wp\/v2\/media\/29847"}],"wp:attachment":[{"href":"https:\/\/kullanatcarsi.com\/en\/wp-json\/wp\/v2\/media?parent=29513"}],"wp:term":[{"taxonomy":"product_brand","embeddable":true,"href":"https:\/\/kullanatcarsi.com\/en\/wp-json\/wp\/v2\/product_brand?post=29513"},{"taxonomy":"product_cat","embeddable":true,"href":"https:\/\/kullanatcarsi.com\/en\/wp-json\/wp\/v2\/product_cat?post=29513"},{"taxonomy":"product_tag","embeddable":true,"href":"https:\/\/kullanatcarsi.com\/en\/wp-json\/wp\/v2\/product_tag?post=29513"}],"curies":[{"name":"wp","href":"https:\/\/api.w.org\/{rel}","templated":true}]}}