{"id":29519,"date":"2025-11-27T17:29:34","date_gmt":"2025-11-27T14:29:34","guid":{"rendered":"https:\/\/kullanatcarsi.com\/?post_type=product&#038;p=29519"},"modified":"2026-01-03T11:22:44","modified_gmt":"2026-01-03T08:22:44","slug":"pizza-kutu-afiyet-olsun-33x33x4-cm-100-adet","status":"publish","type":"product","link":"https:\/\/kullanatcarsi.com\/en\/product\/pizza-kutu-afiyet-olsun-33x33x4-cm-100-adet\/","title":{"rendered":"Pizza Kutu (Afiyet Olsun) 33x33x4 Cm 100 Adet"},"content":{"rendered":"<div class=\"elementor-element elementor-element-987346c elementor-widget elementor-widget-heading\">\n<div class=\"elementor-widget-container\">\n<div class=\"elementor-element elementor-element-987346c elementor-widget elementor-widget-heading\">\n<div class=\"elementor-widget-container\">\n<div>Kutu Pizza (Afiyet Olsun) 33x33x4 Cm 100 Adet<\/div>\n<div><\/div>\n<div>33&#215;33 cm \u00f6l\u00e7\u00fclerinde 4 cm y\u00fcksekli\u011finde mikro oluklu pizza kutusudur. Pizzalar\u0131n\u0131z\u0131 t\u00fcketiciye s\u0131cak ve g\u00fcvenli bir \u015fekilde ula\u015ft\u0131rman\u0131za olanak sa\u011flar. Pizzan\u0131n yan\u0131 s\u0131ra ; pide , bal\u0131k gibi haz\u0131r yemek servisi kullan\u0131mlar\u0131 i\u00e7in idealdir.<\/div>\n<\/div>\n<\/div>\n<\/div>\n<\/div>","protected":false},"excerpt":{"rendered":"<p>Kutu Pizza (Afiyet Olsun) 33x33x4 Cm 100 Adet 33&#215;33 cm \u00f6l\u00e7\u00fclerinde 4 cm y\u00fcksekli\u011finde mikro oluklu pizza kutusudur. Pizzalar\u0131n\u0131z\u0131 t\u00fcketiciye<\/p>","protected":false},"featured_media":29850,"comment_status":"open","ping_status":"closed","template":"","meta":{"_joinchat":[]},"product_brand":[137],"product_cat":[76,100],"product_tag":[238,231,229,233,237,234,110,230,235,227,239,236,134,232],"class_list":{"0":"post-29519","1":"product","2":"type-product","3":"status-publish","4":"has-post-thumbnail","6":"product_brand-irmak-ambalaj","7":"product_cat-karton-kutular","8":"product_cat-pizza-kutulari-ve-pide-kutusu","9":"product_tag-33x33x4-cm-pizza-kutusu","10":"product_tag-baskisiz-kraft-pizza-kutusu","11":"product_tag-baskisiz-kraft-pizza-kutusu-33x33x4-cm","12":"product_tag-buyuk-boy-pizza-kutusu","13":"product_tag-fast-food","14":"product_tag-karton-kutu","15":"product_tag-karton-kutular","16":"product_tag-kraft-pizza-kutusu","17":"product_tag-lahmacun-kutusu","18":"product_tag-pide-kutusu","19":"product_tag-pizza","20":"product_tag-pizza-box","21":"product_tag-pizza-kutulari-ve-pide-kutusu","22":"product_tag-pizza-kutusu","23":"tm-has-styled-variations","24":"tm-variations-only","26":"first","27":"instock","28":"taxable","29":"shipping-taxable","30":"purchasable","31":"product-type-variable","32":"has-default-attributes"},"_links":{"self":[{"href":"https:\/\/kullanatcarsi.com\/en\/wp-json\/wp\/v2\/product\/29519","targetHints":{"allow":["GET"]}}],"collection":[{"href":"https:\/\/kullanatcarsi.com\/en\/wp-json\/wp\/v2\/product"}],"about":[{"href":"https:\/\/kullanatcarsi.com\/en\/wp-json\/wp\/v2\/types\/product"}],"replies":[{"embeddable":true,"href":"https:\/\/kullanatcarsi.com\/en\/wp-json\/wp\/v2\/comments?post=29519"}],"version-history":[{"count":0,"href":"https:\/\/kullanatcarsi.com\/en\/wp-json\/wp\/v2\/product\/29519\/revisions"}],"wp:featuredmedia":[{"embeddable":true,"href":"https:\/\/kullanatcarsi.com\/en\/wp-json\/wp\/v2\/media\/29850"}],"wp:attachment":[{"href":"https:\/\/kullanatcarsi.com\/en\/wp-json\/wp\/v2\/media?parent=29519"}],"wp:term":[{"taxonomy":"product_brand","embeddable":true,"href":"https:\/\/kullanatcarsi.com\/en\/wp-json\/wp\/v2\/product_brand?post=29519"},{"taxonomy":"product_cat","embeddable":true,"href":"https:\/\/kullanatcarsi.com\/en\/wp-json\/wp\/v2\/product_cat?post=29519"},{"taxonomy":"product_tag","embeddable":true,"href":"https:\/\/kullanatcarsi.com\/en\/wp-json\/wp\/v2\/product_tag?post=29519"}],"curies":[{"name":"wp","href":"https:\/\/api.w.org\/{rel}","templated":true}]}}