{"id":29522,"date":"2025-11-27T17:30:28","date_gmt":"2025-11-27T14:30:28","guid":{"rendered":"https:\/\/kullanatcarsi.com\/?post_type=product&#038;p=29522"},"modified":"2026-01-03T11:20:09","modified_gmt":"2026-01-03T08:20:09","slug":"kutu-pide-baskili-125x395x35-cm-100-adet","status":"publish","type":"product","link":"https:\/\/kullanatcarsi.com\/en\/product\/kutu-pide-baskili-125x395x35-cm-100-adet\/","title":{"rendered":"Kutu Pide Bask\u0131l\u0131 12,5&#215;39,5&#215;3,5 Cm 100 Adet"},"content":{"rendered":"<div class=\"elementor-element elementor-element-987346c elementor-widget elementor-widget-heading\">\n<div class=\"elementor-widget-container\">\n<div class=\"elementor-element elementor-element-987346c elementor-widget elementor-widget-heading\">\n<div class=\"elementor-widget-container\"><strong>12,5&#215;39,5\u00a0cm \u00f6l\u00e7\u00fclerinde 3,5 cm y\u00fcksekli\u011finde mikro oluklu (e dalga tst ) pide kutusudur. Pidelerinizi t\u00fcketiciye s\u0131cak ve g\u00fcvenli bir \u015fekilde ula\u015ft\u0131rman\u0131za olanak sa\u011flar. Pide yan\u0131 s\u0131ra ; bal\u0131k gibi haz\u0131r yemek servisi kullan\u0131mlar\u0131 i\u00e7in idealdir. Standart bask\u0131l\u0131\u00a0 olarak mikro oluklu pide kutusu mevcuttur.\u00a0<\/strong><\/div>\n<\/div>\n<\/div>\n<\/div>","protected":false},"excerpt":{"rendered":"<p>12,5&#215;39,5\u00a0cm \u00f6l\u00e7\u00fclerinde 3,5 cm y\u00fcksekli\u011finde mikro oluklu (e dalga tst ) pide kutusudur. Pidelerinizi t\u00fcketiciye s\u0131cak ve g\u00fcvenli bir \u015fekilde<\/p>","protected":false},"featured_media":29851,"comment_status":"open","ping_status":"closed","template":"","meta":{"_joinchat":[]},"product_brand":[137],"product_cat":[76,100],"product_tag":[110,228,227,134],"class_list":{"0":"post-29522","1":"product","2":"type-product","3":"status-publish","4":"has-post-thumbnail","6":"product_brand-irmak-ambalaj","7":"product_cat-karton-kutular","8":"product_cat-pizza-kutulari-ve-pide-kutusu","9":"product_tag-karton-kutular","10":"product_tag-kraft-pide-kutusu","11":"product_tag-pide-kutusu","12":"product_tag-pizza-kutulari-ve-pide-kutusu","13":"tm-has-styled-variations","14":"tm-variations-only","16":"first","17":"instock","18":"taxable","19":"shipping-taxable","20":"purchasable","21":"product-type-variable","22":"has-default-attributes"},"_links":{"self":[{"href":"https:\/\/kullanatcarsi.com\/en\/wp-json\/wp\/v2\/product\/29522","targetHints":{"allow":["GET"]}}],"collection":[{"href":"https:\/\/kullanatcarsi.com\/en\/wp-json\/wp\/v2\/product"}],"about":[{"href":"https:\/\/kullanatcarsi.com\/en\/wp-json\/wp\/v2\/types\/product"}],"replies":[{"embeddable":true,"href":"https:\/\/kullanatcarsi.com\/en\/wp-json\/wp\/v2\/comments?post=29522"}],"version-history":[{"count":0,"href":"https:\/\/kullanatcarsi.com\/en\/wp-json\/wp\/v2\/product\/29522\/revisions"}],"wp:featuredmedia":[{"embeddable":true,"href":"https:\/\/kullanatcarsi.com\/en\/wp-json\/wp\/v2\/media\/29851"}],"wp:attachment":[{"href":"https:\/\/kullanatcarsi.com\/en\/wp-json\/wp\/v2\/media?parent=29522"}],"wp:term":[{"taxonomy":"product_brand","embeddable":true,"href":"https:\/\/kullanatcarsi.com\/en\/wp-json\/wp\/v2\/product_brand?post=29522"},{"taxonomy":"product_cat","embeddable":true,"href":"https:\/\/kullanatcarsi.com\/en\/wp-json\/wp\/v2\/product_cat?post=29522"},{"taxonomy":"product_tag","embeddable":true,"href":"https:\/\/kullanatcarsi.com\/en\/wp-json\/wp\/v2\/product_tag?post=29522"}],"curies":[{"name":"wp","href":"https:\/\/api.w.org\/{rel}","templated":true}]}}