{"id":29525,"date":"2025-11-27T17:32:07","date_gmt":"2025-11-27T14:32:07","guid":{"rendered":"https:\/\/kullanatcarsi.com\/?post_type=product&#038;p=29525"},"modified":"2026-01-02T13:32:07","modified_gmt":"2026-01-02T10:32:07","slug":"kraft-karton-salata-kasesi-1300-cc","status":"publish","type":"product","link":"https:\/\/kullanatcarsi.com\/en\/product\/kraft-karton-salata-kasesi-1300-cc\/","title":{"rendered":"Kraft Karton Salata Kasesi 1300 cc"},"content":{"rendered":"<div class=\"elementor-element elementor-element-987346c elementor-widget elementor-widget-heading\">\n<div class=\"elementor-widget-container\">\n<div class=\"elementor-element elementor-element-987346c elementor-widget elementor-widget-heading\">\n<div class=\"elementor-widget-container\">\n<p>1300 cc hacimli\u00a0tek kullan\u0131ml\u0131k, kraft karton g\u0131da kab\u0131d\u0131r.<\/p>\n<p><strong>Salata kasesi ve kapa\u011f\u0131 ile birlikte\u00a0sat\u0131lmaktad\u0131r.<\/strong><\/p>\n<p><strong>Kraft 1300 cc\u00a0<\/strong>and\u00a0<strong>So\u011fuk Yemek Kapa\u011f\u0131<\/strong>\u00a0olarak\u00a0<strong>sat\u0131lmaktad\u0131r.<\/strong><\/p>\n<p>Dilerseniz salata, meze gibi so\u011fuk\u00a0dilerseniz de makarna, et gibi s\u0131cak yemeklerinizin paket servisinde kullanabilirsiniz.<\/p>\n<p>Restoran, catering ve kafelerin paket servis ve sunumlar\u0131nda kullanabilecekleri y\u00fcksek kalitede, s\u0131zd\u0131rmaz kapa\u011f\u0131 olan, hijyenik salata kab\u0131d\u0131r.<\/p>\n<\/div>\n<\/div>\n<\/div>\n<\/div>","protected":false},"excerpt":{"rendered":"<p>1300 cc hacimli\u00a0tek kullan\u0131ml\u0131k, kraft karton g\u0131da kab\u0131d\u0131r. Salata kasesi ve kapa\u011f\u0131 ile birlikte\u00a0sat\u0131lmaktad\u0131r. Kraft 1300 cc\u00a0ve\u00a0So\u011fuk Yemek Kapa\u011f\u0131\u00a0olarak\u00a0sat\u0131lmaktad\u0131r. Dilerseniz<\/p>","protected":false},"featured_media":29846,"comment_status":"open","ping_status":"closed","template":"","meta":{"_joinchat":[]},"product_brand":[137],"product_cat":[101,76],"product_tag":[135,110],"class_list":{"0":"post-29525","1":"product","2":"type-product","3":"status-publish","4":"has-post-thumbnail","6":"product_brand-irmak-ambalaj","7":"product_cat-karton-kaseler","8":"product_cat-karton-kutular","9":"product_tag-karton-kaseler","10":"product_tag-karton-kutular","11":"tm-has-styled-variations","12":"tm-variations-only","14":"first","15":"instock","16":"taxable","17":"shipping-taxable","18":"purchasable","19":"product-type-variable","20":"has-default-attributes"},"_links":{"self":[{"href":"https:\/\/kullanatcarsi.com\/en\/wp-json\/wp\/v2\/product\/29525","targetHints":{"allow":["GET"]}}],"collection":[{"href":"https:\/\/kullanatcarsi.com\/en\/wp-json\/wp\/v2\/product"}],"about":[{"href":"https:\/\/kullanatcarsi.com\/en\/wp-json\/wp\/v2\/types\/product"}],"replies":[{"embeddable":true,"href":"https:\/\/kullanatcarsi.com\/en\/wp-json\/wp\/v2\/comments?post=29525"}],"version-history":[{"count":0,"href":"https:\/\/kullanatcarsi.com\/en\/wp-json\/wp\/v2\/product\/29525\/revisions"}],"wp:featuredmedia":[{"embeddable":true,"href":"https:\/\/kullanatcarsi.com\/en\/wp-json\/wp\/v2\/media\/29846"}],"wp:attachment":[{"href":"https:\/\/kullanatcarsi.com\/en\/wp-json\/wp\/v2\/media?parent=29525"}],"wp:term":[{"taxonomy":"product_brand","embeddable":true,"href":"https:\/\/kullanatcarsi.com\/en\/wp-json\/wp\/v2\/product_brand?post=29525"},{"taxonomy":"product_cat","embeddable":true,"href":"https:\/\/kullanatcarsi.com\/en\/wp-json\/wp\/v2\/product_cat?post=29525"},{"taxonomy":"product_tag","embeddable":true,"href":"https:\/\/kullanatcarsi.com\/en\/wp-json\/wp\/v2\/product_tag?post=29525"}],"curies":[{"name":"wp","href":"https:\/\/api.w.org\/{rel}","templated":true}]}}