{"id":29917,"date":"2025-12-11T11:34:28","date_gmt":"2025-12-11T08:34:28","guid":{"rendered":"https:\/\/kullanatcarsi.com\/?post_type=product&#038;p=29917"},"modified":"2026-04-04T14:29:14","modified_gmt":"2026-04-04T11:29:14","slug":"ost-500-750-1000-gr-yemek-kabi-kapagi-sicaga-dayanikli","status":"publish","type":"product","link":"https:\/\/kullanatcarsi.com\/en\/product\/ost-500-750-1000-gr-yemek-kabi-kapagi-sicaga-dayanikli\/","title":{"rendered":"\u00d6ST 500-750-1000 gr Yemek Kab\u0131 Kapa\u011f\u0131 (S\u0131ca\u011fa Dayan\u0131kl\u0131)"},"content":{"rendered":"<p>\u00d6zge Plastik markal\u0131 \u00fcr\u00fcnlerde tedarik\u00e7i kaynakl\u0131 s\u0131k\u0131nt\u0131 oldu\u011fundan tedari\u011fi sa\u011flanamamaktad\u0131r.<\/p>\n<p>\u00d6zge Plastik marka, 18,4 cm \u00e7ap\u0131nda, 1.8 cm y\u00fcksekli\u011finde, \u015feffaf renkte, s\u0131ca\u011fa dayan\u0131kl\u0131, \u00d6ST 500-750 ve 1000 gr yemek kaseleri ile uyumlu kapak.<\/p>\n<p>Kapak ile uyumlu kaseler i\u00e7in \u00d6ST 500 gr Siyah Yemek Kab\u0131 (S\u0131ca\u011fa Dayan\u0131kl\u0131) veya \u00d6ST 750 gr Siyah Yemek Kab\u0131 (S\u0131ca\u011fa Dayan\u0131kl\u0131) veya \u00d6ST 1000 gr Siyah Yemek Kab\u0131 (S\u0131ca\u011fa Dayan\u0131kl\u0131)d\u0131r.<\/p>\n<p>Restaurant ve Cafelerin paket servislerinde, catering firmalar\u0131n\u0131n davet ve yemek servislerinde yiyeceklerin hem d\u00f6k\u00fclmesini engeller hem de hijyen a\u00e7\u0131s\u0131ndan idealdir.<\/p>","protected":false},"excerpt":{"rendered":"<p>\u00d6zge Plastik markal\u0131 \u00fcr\u00fcnlerde tedarik\u00e7i kaynakl\u0131 s\u0131k\u0131nt\u0131 oldu\u011fundan tedari\u011fi sa\u011flanamamaktad\u0131r. \u00d6zge Plastik marka, 18,4 cm \u00e7ap\u0131nda, 1.8 cm y\u00fcksekli\u011finde, \u015feffaf<\/p>","protected":false},"featured_media":29925,"comment_status":"open","ping_status":"closed","template":"","meta":{"_joinchat":[]},"product_brand":[103],"product_cat":[23,77],"product_tag":[104,195,196,194,168],"class_list":{"0":"post-29917","1":"product","2":"type-product","3":"status-publish","4":"has-post-thumbnail","6":"product_brand-ozge-plastik","7":"product_cat-gida-kaplari","8":"product_cat-mikrodalga-kaplari","9":"product_tag-gida-kaplari","10":"product_tag-ost-500-750-gr-yemek-kabi-kapagi","11":"product_tag-ozge-plastik-ost-500-750-gr-yemek-kabi-kapagi","12":"product_tag-siyah-yemek-kabi-kapagi","13":"product_tag-sicaga-dayanikli-yemek-kabi-kapagi","14":"tm-has-styled-variations","15":"tm-variations-only","17":"first","18":"instock","19":"taxable","20":"shipping-taxable","21":"purchasable","22":"product-type-variable","23":"has-default-attributes"},"_links":{"self":[{"href":"https:\/\/kullanatcarsi.com\/en\/wp-json\/wp\/v2\/product\/29917","targetHints":{"allow":["GET"]}}],"collection":[{"href":"https:\/\/kullanatcarsi.com\/en\/wp-json\/wp\/v2\/product"}],"about":[{"href":"https:\/\/kullanatcarsi.com\/en\/wp-json\/wp\/v2\/types\/product"}],"replies":[{"embeddable":true,"href":"https:\/\/kullanatcarsi.com\/en\/wp-json\/wp\/v2\/comments?post=29917"}],"version-history":[{"count":2,"href":"https:\/\/kullanatcarsi.com\/en\/wp-json\/wp\/v2\/product\/29917\/revisions"}],"predecessor-version":[{"id":30439,"href":"https:\/\/kullanatcarsi.com\/en\/wp-json\/wp\/v2\/product\/29917\/revisions\/30439"}],"wp:featuredmedia":[{"embeddable":true,"href":"https:\/\/kullanatcarsi.com\/en\/wp-json\/wp\/v2\/media\/29925"}],"wp:attachment":[{"href":"https:\/\/kullanatcarsi.com\/en\/wp-json\/wp\/v2\/media?parent=29917"}],"wp:term":[{"taxonomy":"product_brand","embeddable":true,"href":"https:\/\/kullanatcarsi.com\/en\/wp-json\/wp\/v2\/product_brand?post=29917"},{"taxonomy":"product_cat","embeddable":true,"href":"https:\/\/kullanatcarsi.com\/en\/wp-json\/wp\/v2\/product_cat?post=29917"},{"taxonomy":"product_tag","embeddable":true,"href":"https:\/\/kullanatcarsi.com\/en\/wp-json\/wp\/v2\/product_tag?post=29917"}],"curies":[{"name":"wp","href":"https:\/\/api.w.org\/{rel}","templated":true}]}}