{"id":30188,"date":"2026-01-01T19:38:03","date_gmt":"2026-01-01T16:38:03","guid":{"rendered":"https:\/\/kullanatcarsi.com\/?post_type=product&#038;p=30188"},"modified":"2026-01-02T14:31:57","modified_gmt":"2026-01-02T11:31:57","slug":"550-750-cc-gida-kabi-kapagi-seffaf-pet","status":"publish","type":"product","link":"https:\/\/kullanatcarsi.com\/en\/product\/550-750-cc-gida-kabi-kapagi-seffaf-pet\/","title":{"rendered":"550-750 cc G\u0131da Kab\u0131 Kapa\u011f\u0131 \u015eeffaf (PET)"},"content":{"rendered":"<p>550-750 cc Karton G\u0131da Kab\u0131 \u015eeffaf Kapa\u011f\u0131<\/p>\n<p>150 mm \u00e7ap\u0131nda, 550-750 cc i\u00e7 hacmine sahip karton g\u0131da kutusu kapa\u011f\u0131d\u0131r. \u0130ster salata, waffle, so\u011fuk meze vb. g\u0131da \u00fcr\u00fcnleri ile isterseniz s\u0131cak yemek servislerinde kullan\u0131lmakta olan tek kullan\u0131ml\u0131k bir \u00fcr\u00fcnd\u00fcr.<\/p>\n<p>Kasesi 15 cm a\u011f\u0131z \u00e7ap\u0131na ve 5,3 cm y\u00fckseli\u011fe sahiptir.<\/p>\n<p>Restaurant ve cafelerin paket servislerinde, catering firmalar\u0131n\u0131n davet ve yemek servislerinde kullanabilece\u011fi kaliteli ve \u015f\u0131k bir \u00fcr\u00fcnd\u00fcr. \u00dcr\u00fcn kasesi ayr\u0131ca sat\u0131lmaktad\u0131r.<\/p>","protected":false},"excerpt":{"rendered":"<p>550-750 cc Karton G\u0131da Kab\u0131 \u015eeffaf Kapa\u011f\u0131 150 mm \u00e7ap\u0131nda, 550-750 cc i\u00e7 hacmine sahip karton g\u0131da kutusu kapa\u011f\u0131d\u0131r. \u0130ster<\/p>","protected":false},"featured_media":30191,"comment_status":"open","ping_status":"closed","template":"","meta":{"_joinchat":[]},"product_brand":[137],"product_cat":[101,76],"product_tag":[176,178,174,175,173,177],"class_list":{"0":"post-30188","1":"product","2":"type-product","3":"status-publish","4":"has-post-thumbnail","6":"product_brand-irmak-ambalaj","7":"product_cat-karton-kaseler","8":"product_cat-karton-kutular","9":"product_tag-500gr-karton-kase-kapagi","10":"product_tag-arnes-ambalaj-salata-kase-kapak","11":"product_tag-beyaz-karton-salata-kasesi-kapagi","12":"product_tag-pet-salata-kasesi-kapagi","13":"product_tag-salata-kabi-kapagi","14":"product_tag-tek-kullanimlik-salata-kasesi-kapagi","15":"tm-has-styled-variations","16":"tm-variations-only","18":"first","19":"instock","20":"taxable","21":"shipping-taxable","22":"purchasable","23":"product-type-variable","24":"has-default-attributes"},"_links":{"self":[{"href":"https:\/\/kullanatcarsi.com\/en\/wp-json\/wp\/v2\/product\/30188","targetHints":{"allow":["GET"]}}],"collection":[{"href":"https:\/\/kullanatcarsi.com\/en\/wp-json\/wp\/v2\/product"}],"about":[{"href":"https:\/\/kullanatcarsi.com\/en\/wp-json\/wp\/v2\/types\/product"}],"replies":[{"embeddable":true,"href":"https:\/\/kullanatcarsi.com\/en\/wp-json\/wp\/v2\/comments?post=30188"}],"version-history":[{"count":0,"href":"https:\/\/kullanatcarsi.com\/en\/wp-json\/wp\/v2\/product\/30188\/revisions"}],"wp:featuredmedia":[{"embeddable":true,"href":"https:\/\/kullanatcarsi.com\/en\/wp-json\/wp\/v2\/media\/30191"}],"wp:attachment":[{"href":"https:\/\/kullanatcarsi.com\/en\/wp-json\/wp\/v2\/media?parent=30188"}],"wp:term":[{"taxonomy":"product_brand","embeddable":true,"href":"https:\/\/kullanatcarsi.com\/en\/wp-json\/wp\/v2\/product_brand?post=30188"},{"taxonomy":"product_cat","embeddable":true,"href":"https:\/\/kullanatcarsi.com\/en\/wp-json\/wp\/v2\/product_cat?post=30188"},{"taxonomy":"product_tag","embeddable":true,"href":"https:\/\/kullanatcarsi.com\/en\/wp-json\/wp\/v2\/product_tag?post=30188"}],"curies":[{"name":"wp","href":"https:\/\/api.w.org\/{rel}","templated":true}]}}