{"id":30194,"date":"2026-01-02T09:48:28","date_gmt":"2026-01-02T06:48:28","guid":{"rendered":"https:\/\/kullanatcarsi.com\/?post_type=product&#038;p=30194"},"modified":"2026-01-28T16:42:47","modified_gmt":"2026-01-28T13:42:47","slug":"1100-1300-cc-gida-kabi-kapagi-seffaf-pet","status":"publish","type":"product","link":"https:\/\/kullanatcarsi.com\/en\/product\/1100-1300-cc-gida-kabi-kapagi-seffaf-pet\/","title":{"rendered":"1100-1300 cc G\u0131da Kab\u0131 Kapa\u011f\u0131 \u015eeffaf (PET)"},"content":{"rendered":"<p>Hacmi 1000 cc ve 1300 cc (38 oz), kraft karton salata kasesi ile uyumlu, 18,7 cm \u00e7ap\u0131nda, s\u0131zd\u0131rmaz, kullan at ve \u015feffaf renk PET kapakt\u0131r.<\/p>\n<p>Kapak s\u0131cak yemek servisine uygun de\u011fildir.<\/p>\n<p>Kraft Karton Salata Kase Kapa\u011f\u0131 salata kasesinden ayr\u0131 olarak sat\u0131lmaktad\u0131r.<\/p>\n<p>Restaurant ve cafelerin paket servislerinde, catering firmalar\u0131n\u0131n davet ve yemek servislerinde kullanabilece\u011fi kaliteli ve \u015f\u0131k bir \u00fcr\u00fcnd\u00fcr.<\/p>","protected":false},"excerpt":{"rendered":"<p>Hacmi 1000 cc ve 1300 cc (38 oz), kraft karton salata kasesi ile uyumlu, 18,7 cm \u00e7ap\u0131nda, s\u0131zd\u0131rmaz, kullan at<\/p>","protected":false},"featured_media":30191,"comment_status":"open","ping_status":"closed","template":"","meta":{"_joinchat":[]},"product_brand":[137],"product_cat":[101,76],"product_tag":[169,170,171,172],"class_list":{"0":"post-30194","1":"product","2":"type-product","3":"status-publish","4":"has-post-thumbnail","6":"product_brand-irmak-ambalaj","7":"product_cat-karton-kaseler","8":"product_cat-karton-kutular","9":"product_tag-kraft-karton-salata-kase-kapagi-soguk-1100-cc","10":"product_tag-kraft-salata-kase-kapagi","11":"product_tag-salata-kase-kapagi-pet-1100cc","12":"product_tag-tek-kullanimlik-salata-kase-kapagi-pet","13":"tm-has-styled-variations","14":"tm-variations-only","16":"first","17":"instock","18":"taxable","19":"shipping-taxable","20":"purchasable","21":"product-type-variable","22":"has-default-attributes"},"_links":{"self":[{"href":"https:\/\/kullanatcarsi.com\/en\/wp-json\/wp\/v2\/product\/30194","targetHints":{"allow":["GET"]}}],"collection":[{"href":"https:\/\/kullanatcarsi.com\/en\/wp-json\/wp\/v2\/product"}],"about":[{"href":"https:\/\/kullanatcarsi.com\/en\/wp-json\/wp\/v2\/types\/product"}],"replies":[{"embeddable":true,"href":"https:\/\/kullanatcarsi.com\/en\/wp-json\/wp\/v2\/comments?post=30194"}],"version-history":[{"count":0,"href":"https:\/\/kullanatcarsi.com\/en\/wp-json\/wp\/v2\/product\/30194\/revisions"}],"wp:featuredmedia":[{"embeddable":true,"href":"https:\/\/kullanatcarsi.com\/en\/wp-json\/wp\/v2\/media\/30191"}],"wp:attachment":[{"href":"https:\/\/kullanatcarsi.com\/en\/wp-json\/wp\/v2\/media?parent=30194"}],"wp:term":[{"taxonomy":"product_brand","embeddable":true,"href":"https:\/\/kullanatcarsi.com\/en\/wp-json\/wp\/v2\/product_brand?post=30194"},{"taxonomy":"product_cat","embeddable":true,"href":"https:\/\/kullanatcarsi.com\/en\/wp-json\/wp\/v2\/product_cat?post=30194"},{"taxonomy":"product_tag","embeddable":true,"href":"https:\/\/kullanatcarsi.com\/en\/wp-json\/wp\/v2\/product_tag?post=30194"}],"curies":[{"name":"wp","href":"https:\/\/api.w.org\/{rel}","templated":true}]}}